{"id":2649,"date":"2023-07-12T08:01:15","date_gmt":"2023-07-12T07:01:15","guid":{"rendered":"https:\/\/wordpress.nibis.de\/gsscharn\/?page_id=2649"},"modified":"2023-07-12T08:45:19","modified_gmt":"2023-07-12T07:45:19","slug":"musik","status":"publish","type":"page","link":"https:\/\/wordpress.nibis.de\/gsscharn\/musik\/","title":{"rendered":"Musik"},"content":{"rendered":"\n<figure class=\"wp-block-image size-large\"><a href=\"https:\/\/wordpress.nibis.de\/gsscharn\/files\/IMG_20230615_113542-scaled.jpg\"><img loading=\"lazy\" decoding=\"async\" width=\"1024\" height=\"768\" src=\"https:\/\/wordpress.nibis.de\/gsscharn\/files\/IMG_20230615_113542-1024x768.jpg\" alt=\"\" class=\"wp-image-2632\" srcset=\"https:\/\/wordpress.nibis.de\/gsscharn\/files\/IMG_20230615_113542-1024x768.jpg 1024w, https:\/\/wordpress.nibis.de\/gsscharn\/files\/IMG_20230615_113542-300x225.jpg 300w, https:\/\/wordpress.nibis.de\/gsscharn\/files\/IMG_20230615_113542-768x576.jpg 768w, https:\/\/wordpress.nibis.de\/gsscharn\/files\/IMG_20230615_113542-1536x1152.jpg 1536w, https:\/\/wordpress.nibis.de\/gsscharn\/files\/IMG_20230615_113542-2048x1536.jpg 2048w, https:\/\/wordpress.nibis.de\/gsscharn\/files\/IMG_20230615_113542-360x270.jpg 360w\" sizes=\"auto, (max-width: 1024px) 100vw, 1024px\" \/><\/a><\/figure>\n\n\n\n<p>Im Musikunterricht in der Grundschule Scharnebeck werden fachliche Kompetenzen in drei Bereichen angebahnt.<\/p>\n\n\n\n<p><strong>Produktion von Musik:<\/strong> Die Sch\u00fcler entwickeln eigene Bewegungsideen zur Musik und begleiten Lieder mit Orffinstrumenten. Sie singen und erweitern ihren Liederschatz.<\/p>\n\n\n\n<p><strong>Rezeption von Musik:<\/strong> Die Sch\u00fcler lernen Werke verschiedener Komponisten kennen.<\/p>\n\n\n\n<p><strong>Reflexion \u00fcber Musik:<\/strong> Die Sch\u00fcler sprechen und bewerten Musik im Bezug auf verschiedene Parameter der Musik wie Laut \u2013 leise, hoch \u2013 tief, genutzte Instrumente\u2026<\/p>\n\n\n\n<p><\/p>\n\n\n\n<p><\/p>\n\n\n\n<p>\u00a0<\/p>\n<p><span style=\"color: #999999\">Quellen: Lugert \u2013 Verlag.de (09.07.2018), Bertelsmann-stiftung.de, Musikschule-fame.de, 22.08.2022), Planet-wissen.de<\/span><\/p>\n","protected":false},"excerpt":{"rendered":"<p>Im Musikunterricht in der Grundschule Scharnebeck werden fachliche Kompetenzen in drei Bereichen angebahnt. Produktion von Musik: Die Sch\u00fcler entwickeln eigene Bewegungsideen zur Musik und begleiten Lieder mit Orffinstrumenten. Sie singen und erweitern ihren Liederschatz. Rezeption von Musik: Die Sch\u00fcler lernen Werke verschiedener Komponisten kennen. Reflexion \u00fcber Musik: Die Sch\u00fcler sprechen und bewerten Musik im Bezug auf verschiedene Parameter der Musik wie Laut \u2013 leise, hoch \u2013 tief, genutzte Instrumente\u2026 \u00a0 Quellen: Lugert \u2013 Verlag.de (09.07.2018), Bertelsmann-stiftung.de, Musikschule-fame.de, 22.08.2022), Planet-wissen.de<\/p>\n","protected":false},"author":9194032,"featured_media":0,"parent":0,"menu_order":0,"comment_status":"closed","ping_status":"closed","template":"","meta":{"footnotes":""},"class_list":["post-2649","page","type-page","status-publish","hentry"],"_links":{"self":[{"href":"https:\/\/wordpress.nibis.de\/gsscharn\/wp-json\/wp\/v2\/pages\/2649","targetHints":{"allow":["GET"]}}],"collection":[{"href":"https:\/\/wordpress.nibis.de\/gsscharn\/wp-json\/wp\/v2\/pages"}],"about":[{"href":"https:\/\/wordpress.nibis.de\/gsscharn\/wp-json\/wp\/v2\/types\/page"}],"author":[{"embeddable":true,"href":"https:\/\/wordpress.nibis.de\/gsscharn\/wp-json\/wp\/v2\/users\/9194032"}],"replies":[{"embeddable":true,"href":"https:\/\/wordpress.nibis.de\/gsscharn\/wp-json\/wp\/v2\/comments?post=2649"}],"version-history":[{"count":3,"href":"https:\/\/wordpress.nibis.de\/gsscharn\/wp-json\/wp\/v2\/pages\/2649\/revisions"}],"predecessor-version":[{"id":2714,"href":"https:\/\/wordpress.nibis.de\/gsscharn\/wp-json\/wp\/v2\/pages\/2649\/revisions\/2714"}],"wp:attachment":[{"href":"https:\/\/wordpress.nibis.de\/gsscharn\/wp-json\/wp\/v2\/media?parent=2649"}],"curies":[{"name":"wp","href":"https:\/\/api.w.org\/{rel}","templated":true}]}}