{"id":2650,"date":"2023-07-12T08:01:18","date_gmt":"2023-07-12T07:01:18","guid":{"rendered":"https:\/\/wordpress.nibis.de\/gsscharn\/?page_id=2650"},"modified":"2023-07-12T08:39:40","modified_gmt":"2023-07-12T07:39:40","slug":"sport","status":"publish","type":"page","link":"https:\/\/wordpress.nibis.de\/gsscharn\/sport\/","title":{"rendered":"Sport"},"content":{"rendered":"\n<figure class=\"wp-block-image size-full\"><a href=\"https:\/\/wordpress.nibis.de\/gsscharn\/files\/ACHRISTI.png\"><img loading=\"lazy\" decoding=\"async\" width=\"303\" height=\"291\" src=\"https:\/\/wordpress.nibis.de\/gsscharn\/files\/ACHRISTI.png\" alt=\"\" class=\"wp-image-2706\" srcset=\"https:\/\/wordpress.nibis.de\/gsscharn\/files\/ACHRISTI.png 303w, https:\/\/wordpress.nibis.de\/gsscharn\/files\/ACHRISTI-300x288.png 300w, https:\/\/wordpress.nibis.de\/gsscharn\/files\/ACHRISTI-281x270.png 281w\" sizes=\"auto, (max-width: 303px) 100vw, 303px\" \/><\/a><\/figure>\n\n\n\n<div class=\"wp-block-media-text alignfull is-stacked-on-mobile is-vertically-aligned-center\"><figure class=\"wp-block-media-text__media\"><img loading=\"lazy\" decoding=\"async\" width=\"480\" height=\"640\" src=\"https:\/\/wordpress.nibis.de\/gsscharn\/files\/IMG_5497-2-rotated.jpg\" alt=\"\" class=\"wp-image-2707 size-full\" srcset=\"https:\/\/wordpress.nibis.de\/gsscharn\/files\/IMG_5497-2-rotated.jpg 480w, https:\/\/wordpress.nibis.de\/gsscharn\/files\/IMG_5497-2-225x300.jpg 225w, https:\/\/wordpress.nibis.de\/gsscharn\/files\/IMG_5497-2-203x270.jpg 203w\" sizes=\"auto, (max-width: 480px) 100vw, 480px\" \/><\/figure><div class=\"wp-block-media-text__content\">\n<p>\u201eSo viel wie m\u00f6glich Bewegung f\u00fcr alle!\u201c<\/p>\n\n\n\n<p>Das ist unser Motto f\u00fcr den Sportunterricht an der Grundschule Scharnebeck. Von der ersten bis zur vierten Klasse haben unsere Sch\u00fclerinnen und Sch\u00fcler zwei Wochenstunden Sport im Stundenplan. Verschiedenste Erfahrungs- und Lernfelder werden abgedeckt. In den Fr\u00fchlings- und Sommermonaten nutzen wir neben unserer Sporthalle auch unsere Sportwiese mit Weitsprunggrube und 50m Laufbahn.<\/p>\n\n\n\n<p>Dazu kommen m\u00f6glichst viele bewegte Stunden in allen anderen F\u00e4chern, die auch in der Sporthalle oder auf unserer Sportwiese stattfinden k\u00f6nnen.<\/p>\n\n\n\n<p><\/p>\n<\/div><\/div>\n\n\n","protected":false},"excerpt":{"rendered":"<p>\u201eSo viel wie m\u00f6glich Bewegung f\u00fcr alle!\u201c Das ist unser Motto f\u00fcr den Sportunterricht an der Grundschule Scharnebeck. Von der ersten bis zur vierten Klasse haben unsere Sch\u00fclerinnen und Sch\u00fcler zwei Wochenstunden Sport im Stundenplan. Verschiedenste Erfahrungs- und Lernfelder werden abgedeckt. In den Fr\u00fchlings- und Sommermonaten nutzen wir neben unserer Sporthalle auch unsere Sportwiese mit Weitsprunggrube und 50m Laufbahn. Dazu kommen m\u00f6glichst viele bewegte Stunden in allen anderen F\u00e4chern, die auch in der Sporthalle oder auf unserer Sportwiese stattfinden k\u00f6nnen.<\/p>\n","protected":false},"author":9194032,"featured_media":0,"parent":0,"menu_order":0,"comment_status":"closed","ping_status":"closed","template":"","meta":{"footnotes":""},"class_list":["post-2650","page","type-page","status-publish","hentry"],"_links":{"self":[{"href":"https:\/\/wordpress.nibis.de\/gsscharn\/wp-json\/wp\/v2\/pages\/2650","targetHints":{"allow":["GET"]}}],"collection":[{"href":"https:\/\/wordpress.nibis.de\/gsscharn\/wp-json\/wp\/v2\/pages"}],"about":[{"href":"https:\/\/wordpress.nibis.de\/gsscharn\/wp-json\/wp\/v2\/types\/page"}],"author":[{"embeddable":true,"href":"https:\/\/wordpress.nibis.de\/gsscharn\/wp-json\/wp\/v2\/users\/9194032"}],"replies":[{"embeddable":true,"href":"https:\/\/wordpress.nibis.de\/gsscharn\/wp-json\/wp\/v2\/comments?post=2650"}],"version-history":[{"count":3,"href":"https:\/\/wordpress.nibis.de\/gsscharn\/wp-json\/wp\/v2\/pages\/2650\/revisions"}],"predecessor-version":[{"id":2709,"href":"https:\/\/wordpress.nibis.de\/gsscharn\/wp-json\/wp\/v2\/pages\/2650\/revisions\/2709"}],"wp:attachment":[{"href":"https:\/\/wordpress.nibis.de\/gsscharn\/wp-json\/wp\/v2\/media?parent=2650"}],"curies":[{"name":"wp","href":"https:\/\/api.w.org\/{rel}","templated":true}]}}