{"id":2652,"date":"2023-07-12T08:01:22","date_gmt":"2023-07-12T07:01:22","guid":{"rendered":"https:\/\/wordpress.nibis.de\/gsscharn\/?page_id=2652"},"modified":"2023-09-16T09:39:43","modified_gmt":"2023-09-16T08:39:43","slug":"religion","status":"publish","type":"page","link":"https:\/\/wordpress.nibis.de\/gsscharn\/religion\/","title":{"rendered":"Religion"},"content":{"rendered":"\n<figure class=\"wp-block-gallery has-nested-images columns-default is-cropped wp-block-gallery-1 is-layout-flex wp-block-gallery-is-layout-flex\">\n<figure class=\"wp-block-image size-large\"><a href=\"https:\/\/wordpress.nibis.de\/gsscharn\/files\/Religion_1-scaled.jpg\"><img loading=\"lazy\" decoding=\"async\" width=\"1024\" height=\"768\" data-id=\"2697\" src=\"https:\/\/wordpress.nibis.de\/gsscharn\/files\/Religion_1-1024x768.jpg\" alt=\"\" class=\"wp-image-2697\" srcset=\"https:\/\/wordpress.nibis.de\/gsscharn\/files\/Religion_1-1024x768.jpg 1024w, https:\/\/wordpress.nibis.de\/gsscharn\/files\/Religion_1-300x225.jpg 300w, https:\/\/wordpress.nibis.de\/gsscharn\/files\/Religion_1-768x576.jpg 768w, https:\/\/wordpress.nibis.de\/gsscharn\/files\/Religion_1-1536x1152.jpg 1536w, https:\/\/wordpress.nibis.de\/gsscharn\/files\/Religion_1-2048x1536.jpg 2048w, https:\/\/wordpress.nibis.de\/gsscharn\/files\/Religion_1-360x270.jpg 360w\" sizes=\"auto, (max-width: 1024px) 100vw, 1024px\" \/><\/a><\/figure>\n\n\n\n<figure class=\"wp-block-image size-large\"><a href=\"https:\/\/wordpress.nibis.de\/gsscharn\/files\/Religion_3-scaled.jpg\"><img loading=\"lazy\" decoding=\"async\" width=\"1024\" height=\"768\" data-id=\"2698\" src=\"https:\/\/wordpress.nibis.de\/gsscharn\/files\/Religion_3-1024x768.jpg\" alt=\"\" class=\"wp-image-2698\" srcset=\"https:\/\/wordpress.nibis.de\/gsscharn\/files\/Religion_3-1024x768.jpg 1024w, https:\/\/wordpress.nibis.de\/gsscharn\/files\/Religion_3-300x225.jpg 300w, https:\/\/wordpress.nibis.de\/gsscharn\/files\/Religion_3-768x576.jpg 768w, https:\/\/wordpress.nibis.de\/gsscharn\/files\/Religion_3-1536x1152.jpg 1536w, https:\/\/wordpress.nibis.de\/gsscharn\/files\/Religion_3-2048x1536.jpg 2048w, https:\/\/wordpress.nibis.de\/gsscharn\/files\/Religion_3-360x270.jpg 360w\" sizes=\"auto, (max-width: 1024px) 100vw, 1024px\" \/><\/a><\/figure>\n<\/figure>\n\n\n\n<p><\/p>\n\n\n\n<p>Der Religionsunterricht an unserer Schule wird konfessionell-kooperativ erteilt, das hei\u00dft es gibt einen gemeinsamen Unterricht f\u00fcr evangelische, katholische und konfessionslose Sch\u00fcler und Sch\u00fclerinnen.<\/p>\n\n\n\n<p>Im Religionsunterricht werden Geschichte, Wertesysteme und Glaubensinhalte des Christentums und anderer Religionen vermittelt.<\/p>\n\n\n\n<p>Der Religionsunterricht soll Sch\u00fcler und Sch\u00fclerinnen bef\u00e4higen:<\/p>\n\n\n\n<ul class=\"wp-block-list\"><li>Sich ein eigenes Urteil bilden zu k\u00f6nnen.<\/li><li>Die eigene Identit\u00e4t zu verstehen und weiter auszubilden.<\/li><li>Unterschiede zum Leben andere Menschen zu erkennen und dadurch dialogf\u00e4hig zu werden.<\/li><\/ul>\n\n\n\n<p>&nbsp;&nbsp;&nbsp;&nbsp;&nbsp;&nbsp;&nbsp;&nbsp;&nbsp;&nbsp;&nbsp;&nbsp;&nbsp;&nbsp;&nbsp;&nbsp;&nbsp;&nbsp;&nbsp;&nbsp;&nbsp;&nbsp;&nbsp;&nbsp;&nbsp;&nbsp;&nbsp;&nbsp;&nbsp;&nbsp;&nbsp;&nbsp;&nbsp;&nbsp;&nbsp;&nbsp;&nbsp;&nbsp;&nbsp;&nbsp;&nbsp;&nbsp;&nbsp;&nbsp;&nbsp;&nbsp;&nbsp;&nbsp;&nbsp;&nbsp;&nbsp;&nbsp;&nbsp;&nbsp;&nbsp;&nbsp; (siehe auch: www. mk.niedersachsen.de)<\/p>\n\n\n","protected":false},"excerpt":{"rendered":"<p>Der Religionsunterricht an unserer Schule wird konfessionell-kooperativ erteilt, das hei\u00dft es gibt einen gemeinsamen Unterricht f\u00fcr evangelische, katholische und konfessionslose Sch\u00fcler und Sch\u00fclerinnen. Im Religionsunterricht werden Geschichte, Wertesysteme und Glaubensinhalte des Christentums und anderer Religionen vermittelt. Der Religionsunterricht soll Sch\u00fcler und Sch\u00fclerinnen bef\u00e4higen: Sich ein eigenes Urteil bilden zu k\u00f6nnen. Die eigene Identit\u00e4t zu verstehen und weiter auszubilden. Unterschiede zum Leben andere Menschen zu erkennen und dadurch dialogf\u00e4hig zu werden. &nbsp;&nbsp;&nbsp;&nbsp;&nbsp;&nbsp;&nbsp;&nbsp;&nbsp;&nbsp;&nbsp;&nbsp;&nbsp;&nbsp;&nbsp;&nbsp;&nbsp;&nbsp;&nbsp;&nbsp;&nbsp;&nbsp;&nbsp;&nbsp;&nbsp;&nbsp;&nbsp;&nbsp;&nbsp;&nbsp;&nbsp;&nbsp;&nbsp;&nbsp;&nbsp;&nbsp;&nbsp;&nbsp;&nbsp;&nbsp;&nbsp;&nbsp;&nbsp;&nbsp;&nbsp;&nbsp;&nbsp;&nbsp;&nbsp;&nbsp;&nbsp;&nbsp;&nbsp;&nbsp;&nbsp;&nbsp; (siehe auch: www. mk.niedersachsen.de)<\/p>\n","protected":false},"author":9194032,"featured_media":0,"parent":0,"menu_order":0,"comment_status":"closed","ping_status":"closed","template":"","meta":{"footnotes":""},"class_list":["post-2652","page","type-page","status-publish","hentry"],"_links":{"self":[{"href":"https:\/\/wordpress.nibis.de\/gsscharn\/wp-json\/wp\/v2\/pages\/2652","targetHints":{"allow":["GET"]}}],"collection":[{"href":"https:\/\/wordpress.nibis.de\/gsscharn\/wp-json\/wp\/v2\/pages"}],"about":[{"href":"https:\/\/wordpress.nibis.de\/gsscharn\/wp-json\/wp\/v2\/types\/page"}],"author":[{"embeddable":true,"href":"https:\/\/wordpress.nibis.de\/gsscharn\/wp-json\/wp\/v2\/users\/9194032"}],"replies":[{"embeddable":true,"href":"https:\/\/wordpress.nibis.de\/gsscharn\/wp-json\/wp\/v2\/comments?post=2652"}],"version-history":[{"count":4,"href":"https:\/\/wordpress.nibis.de\/gsscharn\/wp-json\/wp\/v2\/pages\/2652\/revisions"}],"predecessor-version":[{"id":2819,"href":"https:\/\/wordpress.nibis.de\/gsscharn\/wp-json\/wp\/v2\/pages\/2652\/revisions\/2819"}],"wp:attachment":[{"href":"https:\/\/wordpress.nibis.de\/gsscharn\/wp-json\/wp\/v2\/media?parent=2652"}],"curies":[{"name":"wp","href":"https:\/\/api.w.org\/{rel}","templated":true}]}}