{"id":278,"date":"2013-09-25T17:13:03","date_gmt":"2013-09-25T15:13:03","guid":{"rendered":"http:\/\/wordpress.nibis.de\/gsscharn\/?page_id=278"},"modified":"2020-04-07T11:59:39","modified_gmt":"2020-04-07T09:59:39","slug":"aktuelles","status":"publish","type":"page","link":"https:\/\/wordpress.nibis.de\/gsscharn\/projekte\/aktuelles\/","title":{"rendered":"Aktuelles"},"content":{"rendered":"\n<p><strong>Hier findet ihr nach Ende der Kontaktbeschr\u00e4nkungen die n\u00e4chsten Termine des F\u00f6rdervereins!<\/strong><\/p>\n","protected":false},"excerpt":{"rendered":"<p>Hier findet ihr nach Ende der Kontaktbeschr\u00e4nkungen die n\u00e4chsten Termine des F\u00f6rdervereins!<\/p>\n","protected":false},"author":176,"featured_media":0,"parent":294,"menu_order":0,"comment_status":"closed","ping_status":"closed","template":"","meta":{"footnotes":""},"class_list":["post-278","page","type-page","status-publish","hentry"],"_links":{"self":[{"href":"https:\/\/wordpress.nibis.de\/gsscharn\/wp-json\/wp\/v2\/pages\/278","targetHints":{"allow":["GET"]}}],"collection":[{"href":"https:\/\/wordpress.nibis.de\/gsscharn\/wp-json\/wp\/v2\/pages"}],"about":[{"href":"https:\/\/wordpress.nibis.de\/gsscharn\/wp-json\/wp\/v2\/types\/page"}],"author":[{"embeddable":true,"href":"https:\/\/wordpress.nibis.de\/gsscharn\/wp-json\/wp\/v2\/users\/176"}],"replies":[{"embeddable":true,"href":"https:\/\/wordpress.nibis.de\/gsscharn\/wp-json\/wp\/v2\/comments?post=278"}],"version-history":[{"count":51,"href":"https:\/\/wordpress.nibis.de\/gsscharn\/wp-json\/wp\/v2\/pages\/278\/revisions"}],"predecessor-version":[{"id":1686,"href":"https:\/\/wordpress.nibis.de\/gsscharn\/wp-json\/wp\/v2\/pages\/278\/revisions\/1686"}],"up":[{"embeddable":true,"href":"https:\/\/wordpress.nibis.de\/gsscharn\/wp-json\/wp\/v2\/pages\/294"}],"wp:attachment":[{"href":"https:\/\/wordpress.nibis.de\/gsscharn\/wp-json\/wp\/v2\/media?parent=278"}],"curies":[{"name":"wp","href":"https:\/\/api.w.org\/{rel}","templated":true}]}}