{"id":288,"date":"2013-09-25T17:14:08","date_gmt":"2013-09-25T15:14:08","guid":{"rendered":"http:\/\/wordpress.nibis.de\/gsscharn\/?page_id=288"},"modified":"2023-05-23T10:21:11","modified_gmt":"2023-05-23T09:21:11","slug":"mitgliedsformular","status":"publish","type":"page","link":"https:\/\/wordpress.nibis.de\/gsscharn\/mitgliedsformular\/","title":{"rendered":"Mitgliedsformular"},"content":{"rendered":"<p>Dem F\u00f6rderverein der Grundschule beitreten darf &#8211; jeder! Und nat\u00fcrlich freuen wir uns sehr \u00fcber jedes neue Mitglied, das unsere Arbeit und die Projekte unterst\u00fctzt. Nicht nur durch den Mitgliedsbeitrag, sondern gern auch \u00fcber Anregungen, Fragen, Kritik, Resonanz &#8211; wir haben immer ein offenes Ohr f\u00fcr die Kinder, und deshalb auch f\u00fcr Sie. Schreiben Sie uns, wenn Ihnen was gef\u00e4llt oder nicht gef\u00e4llt, Sie selbst eine Idee f\u00fcr die Kinder unserer Grundschule haben, wenn Sie auch aktiv etwas f\u00fcr die Kinder machen m\u00f6chten &#8211; wir freuen uns. Versprochen.<\/p>\n<p>Das ausgef\u00fcllte Formular kann \u00fcber die Schule abgegeben werden.<\/p>\n<p><a href=\"https:\/\/wordpress.nibis.de\/gsscharn\/files\/Beitrittserklaerung-Foerderverein-GS-Scharnebeck-1.pdf\">Beitrittserkl\u00e4rung F\u00f6rderverein GS Scharnebeck<\/a><\/p>\n","protected":false},"excerpt":{"rendered":"<p>Dem F\u00f6rderverein der Grundschule beitreten darf &#8211; jeder! Und nat\u00fcrlich freuen wir uns sehr \u00fcber jedes neue Mitglied, das unsere Arbeit und die Projekte unterst\u00fctzt. Nicht nur durch den Mitgliedsbeitrag, sondern gern auch \u00fcber Anregungen, Fragen, Kritik, Resonanz &#8211; wir haben immer ein offenes Ohr f\u00fcr die Kinder, und deshalb auch f\u00fcr Sie. Schreiben Sie uns, wenn Ihnen was gef\u00e4llt oder nicht gef\u00e4llt, Sie selbst eine Idee f\u00fcr die Kinder unserer Grundschule haben, wenn Sie auch aktiv etwas f\u00fcr die&#8230;<\/p>\n<p class=\"read-more\"><a class=\"btn btn-default\" href=\"https:\/\/wordpress.nibis.de\/gsscharn\/mitgliedsformular\/\">Weiterlesen<span class=\"screen-reader-text\"> Weiterlesen<\/span><\/a><\/p>\n","protected":false},"author":176,"featured_media":0,"parent":0,"menu_order":0,"comment_status":"closed","ping_status":"closed","template":"","meta":{"footnotes":""},"class_list":["post-288","page","type-page","status-publish","hentry"],"_links":{"self":[{"href":"https:\/\/wordpress.nibis.de\/gsscharn\/wp-json\/wp\/v2\/pages\/288","targetHints":{"allow":["GET"]}}],"collection":[{"href":"https:\/\/wordpress.nibis.de\/gsscharn\/wp-json\/wp\/v2\/pages"}],"about":[{"href":"https:\/\/wordpress.nibis.de\/gsscharn\/wp-json\/wp\/v2\/types\/page"}],"author":[{"embeddable":true,"href":"https:\/\/wordpress.nibis.de\/gsscharn\/wp-json\/wp\/v2\/users\/176"}],"replies":[{"embeddable":true,"href":"https:\/\/wordpress.nibis.de\/gsscharn\/wp-json\/wp\/v2\/comments?post=288"}],"version-history":[{"count":10,"href":"https:\/\/wordpress.nibis.de\/gsscharn\/wp-json\/wp\/v2\/pages\/288\/revisions"}],"predecessor-version":[{"id":2624,"href":"https:\/\/wordpress.nibis.de\/gsscharn\/wp-json\/wp\/v2\/pages\/288\/revisions\/2624"}],"wp:attachment":[{"href":"https:\/\/wordpress.nibis.de\/gsscharn\/wp-json\/wp\/v2\/media?parent=288"}],"curies":[{"name":"wp","href":"https:\/\/api.w.org\/{rel}","templated":true}]}}