{"id":297,"date":"2013-09-25T17:14:48","date_gmt":"2013-09-25T15:14:48","guid":{"rendered":"http:\/\/wordpress.nibis.de\/gsscharn\/?page_id=297"},"modified":"2016-12-09T10:54:30","modified_gmt":"2016-12-09T08:54:30","slug":"hausaufgabenhilfe","status":"publish","type":"page","link":"https:\/\/wordpress.nibis.de\/gsscharn\/hausaufgabenhilfe\/","title":{"rendered":"Lerncoachies"},"content":{"rendered":"<p><strong>Lerncoachies l\u00f6sen die Hausaufgaben-Betreuung ab<\/strong><\/p>\n<p>Zu Beginn des Schuljahres 2014\/2015 haben wir den Wechsel gewagt, obwohl wir noch gar nicht sicher waren, den entsprechenden finanziellen Hintergrund leisten zu k\u00f6nnen. Aber: wer wagt, gewinnt&#8230;<\/p>\n<p>Wir haben gro\u00dfe Unterst\u00fctzung gefunden, sowohl auf Landes- als auch auf Samtgemeinde-Ebene, zum Gl\u00fcck: N\u00e4mlich\u00a0zum Gl\u00fcck der Kinder unserer Grundschule, die n\u00e4mlich mehr als einer Hausaufgabenbetreuung bed\u00fcrfen, eben eine kleine zus\u00e4tzliche F\u00f6rderstunde ben\u00f6tigen &#8211; zus\u00e4tzlich zur schon\u00a0besuchten F\u00f6rderstunde der Grundschule. Erste Erfolge der intensiven Arbeit in kleinen Gruppen von h\u00f6chstens vier Kinder pro Betreuerin konnten schon verbucht werden &#8211; wie gut f\u00fchlt sich eine 3 an. Und wie wunderbar ist es, Texte leichter zu verstehen,\u00a0Mathe-Aufgaben in der Arbeit besser l\u00f6sen, die Fragen des Deutsch-Aufsatzes beantworten zu k\u00f6nnen&#8230;<\/p>\n<p>Trotz der erw\u00e4hnten staatlichen Unterst\u00fctzung m\u00f6chten wir daran erinnern, dass unsere Lerncoachies ein kleines Entgelt erhalten &#8211; das allein der F\u00f6rderverein bezahlt. Ihre Mitgliedschaft hilft uns, allen Kindern gerecht zu werden. Daf\u00fcr danken wir Ihnen. Und sollten Sie noch kein Mitglied sein: hier finden Sie das Formular, um dem F\u00f6rderverein beizutreten<span style=\"text-decoration: underline\">: <strong><a href=\"http:\/\/wordpress.nibis.de\/gsscharn\/files\/Beitrittserkla\u0308rung.pdf\">Beitrittserkla\u0308rung<\/a>.<\/strong><\/span> Einfach herunterladen, ausdrucken, ausf\u00fcllen und per &#8218;Schulpost&#8216; verschicken. Danke.<\/p>\n<p>as, 23.1.2015<\/p>\n","protected":false},"excerpt":{"rendered":"<p>Lerncoachies l\u00f6sen die Hausaufgaben-Betreuung ab Zu Beginn des Schuljahres 2014\/2015 haben wir den Wechsel gewagt, obwohl wir noch gar nicht sicher waren, den entsprechenden finanziellen Hintergrund leisten zu k\u00f6nnen. Aber: wer wagt, gewinnt&#8230; Wir haben gro\u00dfe Unterst\u00fctzung gefunden, sowohl auf Landes- als auch auf Samtgemeinde-Ebene, zum Gl\u00fcck: N\u00e4mlich\u00a0zum Gl\u00fcck der Kinder unserer Grundschule, die n\u00e4mlich mehr als einer Hausaufgabenbetreuung bed\u00fcrfen, eben eine kleine zus\u00e4tzliche F\u00f6rderstunde ben\u00f6tigen &#8211; zus\u00e4tzlich zur schon\u00a0besuchten F\u00f6rderstunde der Grundschule. Erste Erfolge der intensiven Arbeit in kleinen&#8230;<\/p>\n<p class=\"read-more\"><a class=\"btn btn-default\" href=\"https:\/\/wordpress.nibis.de\/gsscharn\/hausaufgabenhilfe\/\">Weiterlesen<span class=\"screen-reader-text\"> Weiterlesen<\/span><\/a><\/p>\n","protected":false},"author":176,"featured_media":0,"parent":0,"menu_order":0,"comment_status":"closed","ping_status":"closed","template":"","meta":{"footnotes":""},"class_list":["post-297","page","type-page","status-publish","hentry"],"_links":{"self":[{"href":"https:\/\/wordpress.nibis.de\/gsscharn\/wp-json\/wp\/v2\/pages\/297","targetHints":{"allow":["GET"]}}],"collection":[{"href":"https:\/\/wordpress.nibis.de\/gsscharn\/wp-json\/wp\/v2\/pages"}],"about":[{"href":"https:\/\/wordpress.nibis.de\/gsscharn\/wp-json\/wp\/v2\/types\/page"}],"author":[{"embeddable":true,"href":"https:\/\/wordpress.nibis.de\/gsscharn\/wp-json\/wp\/v2\/users\/176"}],"replies":[{"embeddable":true,"href":"https:\/\/wordpress.nibis.de\/gsscharn\/wp-json\/wp\/v2\/comments?post=297"}],"version-history":[{"count":9,"href":"https:\/\/wordpress.nibis.de\/gsscharn\/wp-json\/wp\/v2\/pages\/297\/revisions"}],"predecessor-version":[{"id":1332,"href":"https:\/\/wordpress.nibis.de\/gsscharn\/wp-json\/wp\/v2\/pages\/297\/revisions\/1332"}],"wp:attachment":[{"href":"https:\/\/wordpress.nibis.de\/gsscharn\/wp-json\/wp\/v2\/media?parent=297"}],"curies":[{"name":"wp","href":"https:\/\/api.w.org\/{rel}","templated":true}]}}