{"id":303,"date":"2013-09-25T17:15:40","date_gmt":"2013-09-25T15:15:40","guid":{"rendered":"http:\/\/wordpress.nibis.de\/gsscharn\/?page_id=303"},"modified":"2017-01-31T10:33:00","modified_gmt":"2017-01-31T08:33:00","slug":"vorlese-aktionen","status":"publish","type":"page","link":"https:\/\/wordpress.nibis.de\/gsscharn\/vorlese-aktionen\/","title":{"rendered":"Vorgelesen &#8211; und Radio h\u00f6ren"},"content":{"rendered":"<p><span style=\"text-decoration: underline\"><strong>Leseabend und ARD-Kinder-Radionacht<br \/>\n<\/strong><\/span><\/p>\n<p>Das bringt Spa\u00df: Die Kinder kommen an einem Freitagabend mit Decke, Kissen und Kuscheltier ausger\u00fcstet in die Schule, machen es sich in einem Klassenraum gem\u00fctlich &#8211; und lassen sich dann von einem Elternteil Geschichten vorlesen.<\/p>\n<p>Vor vielen Jahren haben findige Vorst\u00e4ndler des F\u00f6rdervereins dieses Projekt initiiert, und allen Unkenrufen zum Trotz, welche den digitalen Medien st\u00e4rkeren Zuspruch erteilen &#8211; die Leseabende des F\u00f6rdervereins erfreuen entgegen dem vermeindlichem Trend jedes Jahr eine hohe Anzahl aufmerksam lauschender Schulkinder!<\/p>\n<p>In drei Einheiten \u00e0 20 Minuten lesen die Eltern entweder mehrere Kurzgeschichten oder eine l\u00e4ngere Geschichte vor. In den zwei Pausen \u00e0 10 Minuten k\u00f6nnen die Kinder &#8211; und auch die VorleserInnen &#8211; einen kleinen Imbiss einnehmen in Form von Obst und Gem\u00fcse sowie den Durst mit Apfelschorle stillen und sich ein wenig austoben (die Kinder&#8230;).<\/p>\n<p>Jedoch haben wir in den letzten Jahren festgestellt, dass das Interesse bei den Sch\u00fclerinnen und Sch\u00fclern der 3. und 4. Klassen am Vorlesen abgenommen hat. Und deshalb haben wir uns etwas Neues f\u00fcr diese Kinder ausgesucht:<\/p>\n<p>Wir laden alle zwei Jahre zur <strong>ARD-Kinder-Radionacht<\/strong> ein. Wir treffen uns dann auch in der Aula, auch hier k\u00f6nnen Kuschelkissen und Co. mitgebracht werden, und dann lauschen wir von circa 20 Uhr (wir treffen uns eine halbe Stunde eher, damit wir uns einrichten k\u00f6nnen) bis ungef\u00e4hr 22:30 Uhr den Geschichten, die uns \u00fcber die Anlage ins Ohr ges\u00e4uselt werden.<\/p>\n<p>Herzlichen Dank an dieser Stelle allen Eltern, die durch ihr Mitarbeitt diese Projekte erm\u00f6glichen!<\/p>\n<p>aktualisiert am 1. Dezember 2016<\/p>\n<p>Kontakt: &#x6a;&#x75;&#x6c;&#x65;&#46;&#107;ors&#x63;&#x68;&#x40;&#x67;&#109;&#97;il&#46;&#x63;&#x6f;&#x6d;<\/p>\n","protected":false},"excerpt":{"rendered":"<p>Leseabend und ARD-Kinder-Radionacht Das bringt Spa\u00df: Die Kinder kommen an einem Freitagabend mit Decke, Kissen und Kuscheltier ausger\u00fcstet in die Schule, machen es sich in einem Klassenraum gem\u00fctlich &#8211; und lassen sich dann von einem Elternteil Geschichten vorlesen. Vor vielen Jahren haben findige Vorst\u00e4ndler des F\u00f6rdervereins dieses Projekt initiiert, und allen Unkenrufen zum Trotz, welche den digitalen Medien st\u00e4rkeren Zuspruch erteilen &#8211; die Leseabende des F\u00f6rdervereins erfreuen entgegen dem vermeindlichem Trend jedes Jahr eine hohe Anzahl aufmerksam lauschender Schulkinder! In&#8230;<\/p>\n<p class=\"read-more\"><a class=\"btn btn-default\" href=\"https:\/\/wordpress.nibis.de\/gsscharn\/vorlese-aktionen\/\">Weiterlesen<span class=\"screen-reader-text\"> Weiterlesen<\/span><\/a><\/p>\n","protected":false},"author":176,"featured_media":0,"parent":0,"menu_order":0,"comment_status":"closed","ping_status":"closed","template":"","meta":{"footnotes":""},"class_list":["post-303","page","type-page","status-publish","hentry"],"_links":{"self":[{"href":"https:\/\/wordpress.nibis.de\/gsscharn\/wp-json\/wp\/v2\/pages\/303","targetHints":{"allow":["GET"]}}],"collection":[{"href":"https:\/\/wordpress.nibis.de\/gsscharn\/wp-json\/wp\/v2\/pages"}],"about":[{"href":"https:\/\/wordpress.nibis.de\/gsscharn\/wp-json\/wp\/v2\/types\/page"}],"author":[{"embeddable":true,"href":"https:\/\/wordpress.nibis.de\/gsscharn\/wp-json\/wp\/v2\/users\/176"}],"replies":[{"embeddable":true,"href":"https:\/\/wordpress.nibis.de\/gsscharn\/wp-json\/wp\/v2\/comments?post=303"}],"version-history":[{"count":18,"href":"https:\/\/wordpress.nibis.de\/gsscharn\/wp-json\/wp\/v2\/pages\/303\/revisions"}],"predecessor-version":[{"id":1348,"href":"https:\/\/wordpress.nibis.de\/gsscharn\/wp-json\/wp\/v2\/pages\/303\/revisions\/1348"}],"wp:attachment":[{"href":"https:\/\/wordpress.nibis.de\/gsscharn\/wp-json\/wp\/v2\/media?parent=303"}],"curies":[{"name":"wp","href":"https:\/\/api.w.org\/{rel}","templated":true}]}}