{"id":309,"date":"2013-09-25T17:16:10","date_gmt":"2013-09-25T15:16:10","guid":{"rendered":"http:\/\/wordpress.nibis.de\/gsscharn\/?page_id=309"},"modified":"2025-07-03T09:14:47","modified_gmt":"2025-07-03T08:14:47","slug":"kontakt-3","status":"publish","type":"page","link":"https:\/\/wordpress.nibis.de\/gsscharn\/kontakt-3\/","title":{"rendered":"Kontakt und Bankverbindung"},"content":{"rendered":"<p>Erreichen k\u00f6nnen Sie den F\u00f6rderverein wie folgt:<\/p>\n<p>per Post: F\u00f6rderverein Grundschule Scharnebeck e. V., Auf der Dom\u00e4ne 6, 21379 Scharnebeck<\/p>\n<p>\u00fcber den ersten Vorsitzenden Thomas Kerk<\/p>\n<p>oder per mail: <a href=\"&#x6d;&#x61;&#x69;&#x6c;&#116;&#111;&#58;fo&#x65;&#x72;&#x64;&#x65;&#x72;&#46;&#118;&#101;re&#x69;&#x6e;&#x40;&#x67;&#x73;&#115;&#99;&#104;ar&#x6e;&#x65;&#x62;&#x65;&#x63;&#107;&#46;&#100;e\" target=\"_blank\" rel=\"noopener\">&#x66;&#x6f;&#x65;&#114;&#100;er&#x2e;&#x76;&#x65;&#114;&#101;in&#x40;&#x67;&#x73;&#115;&#99;ha&#x72;&#x6e;&#x65;&#98;&#101;ck&#x2e;&#x64;&#x65;<\/a><\/p>\n<p>unsere Bankverbindung ist: Sparkasse L\u00fcneburg, IBAN\u00a0DE91240501100011152105, BIC\u00a0NOLADE21LBG<\/p>\n<p>Stand: 30.10.2021<\/p>\n","protected":false},"excerpt":{"rendered":"<p>Erreichen k\u00f6nnen Sie den F\u00f6rderverein wie folgt: per Post: F\u00f6rderverein Grundschule Scharnebeck e. V., Auf der Dom\u00e4ne 6, 21379 Scharnebeck \u00fcber den ersten Vorsitzenden Thomas Kerk oder per mail: &#x66;&#111;e&#x72;&#100;e&#x72;&#46;v&#x65;&#114;e&#x69;&#110;&#64;&#x67;&#x73;s&#x63;&#x68;&#97;&#x72;&#x6e;&#101;&#x62;&#x65;&#99;k&#x2e;&#100;e unsere Bankverbindung ist: Sparkasse L\u00fcneburg, IBAN\u00a0DE91240501100011152105, BIC\u00a0NOLADE21LBG Stand: 30.10.2021<\/p>\n","protected":false},"author":176,"featured_media":0,"parent":0,"menu_order":0,"comment_status":"closed","ping_status":"closed","template":"","meta":{"footnotes":""},"class_list":["post-309","page","type-page","status-publish","hentry"],"_links":{"self":[{"href":"https:\/\/wordpress.nibis.de\/gsscharn\/wp-json\/wp\/v2\/pages\/309","targetHints":{"allow":["GET"]}}],"collection":[{"href":"https:\/\/wordpress.nibis.de\/gsscharn\/wp-json\/wp\/v2\/pages"}],"about":[{"href":"https:\/\/wordpress.nibis.de\/gsscharn\/wp-json\/wp\/v2\/types\/page"}],"author":[{"embeddable":true,"href":"https:\/\/wordpress.nibis.de\/gsscharn\/wp-json\/wp\/v2\/users\/176"}],"replies":[{"embeddable":true,"href":"https:\/\/wordpress.nibis.de\/gsscharn\/wp-json\/wp\/v2\/comments?post=309"}],"version-history":[{"count":11,"href":"https:\/\/wordpress.nibis.de\/gsscharn\/wp-json\/wp\/v2\/pages\/309\/revisions"}],"predecessor-version":[{"id":3035,"href":"https:\/\/wordpress.nibis.de\/gsscharn\/wp-json\/wp\/v2\/pages\/309\/revisions\/3035"}],"wp:attachment":[{"href":"https:\/\/wordpress.nibis.de\/gsscharn\/wp-json\/wp\/v2\/media?parent=309"}],"curies":[{"name":"wp","href":"https:\/\/api.w.org\/{rel}","templated":true}]}}