{"id":411,"date":"2014-03-05T20:31:35","date_gmt":"2014-03-05T18:31:35","guid":{"rendered":"http:\/\/wordpress.nibis.de\/gsscharn\/?page_id=411"},"modified":"2023-05-23T10:25:32","modified_gmt":"2023-05-23T09:25:32","slug":"t-shirt-verkauf","status":"publish","type":"page","link":"https:\/\/wordpress.nibis.de\/gsscharn\/t-shirt-verkauf\/","title":{"rendered":"Bunte T-Shirts"},"content":{"rendered":"<p style=\"text-align: center\"><strong>Unser T-Shirt<\/strong><\/p>\n<p>Auch in diesem Jahr werden wir beim Einschulungscaf\u00e9 wieder unsere bunten T-Shirts verkaufen!<\/p>\n<figure id=\"attachment_1366\" aria-describedby=\"caption-attachment-1366\" style=\"width: 169px\" class=\"wp-caption aligncenter\"><a href=\"http:\/\/wordpress.nibis.de\/gsscharn\/t-shirt-verkauf\/20170531_173757\/\" rel=\"attachment wp-att-1366\"><img loading=\"lazy\" decoding=\"async\" class=\"size-medium wp-image-1366\" src=\"http:\/\/wordpress.nibis.de\/gsscharn\/files\/20170531_173757-e1496246022897-169x300.jpg\" alt=\"\" width=\"169\" height=\"300\" srcset=\"https:\/\/wordpress.nibis.de\/gsscharn\/files\/20170531_173757-e1496246022897-169x300.jpg 169w, https:\/\/wordpress.nibis.de\/gsscharn\/files\/20170531_173757-e1496246022897.jpg 576w\" sizes=\"auto, (max-width: 169px) 100vw, 169px\" \/><\/a><figcaption id=\"caption-attachment-1366\" class=\"wp-caption-text\">Eine kleine Farbauswahl<\/figcaption><\/figure>\n<p>Die Ware wird von uns nur mit einem kleinen Gewinn an Sie verkauft; der Gewinn flie\u00dft selbstverst\u00e4ndlich zu 100%\u00a0 in Projekte f\u00fcr die Grundsch\u00fcler, wie zum Beispiel Verk\u00f6stigungen f\u00fcr Leseabend oder ARD-Kinder-Radionacht, Beschaffung von Spielger\u00e4ten oder B\u00fcchern, Lerncoachies und und und.<\/p>\n<p>Wer Interesse an T-Shirts hat, kann sich hier das Bestellformular herunterladen, ausf\u00fcllen und dann entweder direkt \u00fcber die Schule per Hauspost (Kinder-Postmappe) oder per Post an die Adresse des Vereins (Auf der Dom\u00e4ne 6, 21379 Scharnebeck) schicken. Alle weiteren Informationen finden Sie auf dem Bestellformular:<strong> <a href=\"http:\/\/wordpress.nibis.de\/gsscharn\/t-shirt-verkauf\/bestellformular-t-shirts-2018\/\" rel=\"attachment wp-att-1516\">Bestellformular T-Shirts 2018<\/a><br \/>\n<\/strong><\/p>\n<p>Folgende T-Shirts haben wir aktuell in unserem Bestand: <a href=\"https:\/\/wordpress.nibis.de\/gsscharn\/t-shirt-verkauf\/bestand-t-shirts-20-06-2019\/\" rel=\"attachment wp-att-1591\" data-wplink-edit=\"true\">Bestand-T-Shirts-20.06.2019<\/a><\/p>\n<p>WICHTIG: Bitte geben Sie bei der Bestellung immer Ihre Telefonnummer an. Sollten wir feststellen, dass die von Ihnen gew\u00fcnschte Farbe aktuell nicht angeboten wird, k\u00f6nnen wir so schnell gemeinsam eine passende Alternative besprechen!<\/p>\n<p>F\u00fcr weitere Fragen kontaktieren Sie bitte: &#x66;&#x6f;&#x65;&#114;&#100;er&#x2e;&#x76;&#x65;&#x72;&#101;&#105;n&#64;&#x67;&#x73;&#x73;&#99;&#104;&#97;rn&#x65;&#x62;&#x65;&#99;&#107;&#46;d&#x65;<\/p>\n","protected":false},"excerpt":{"rendered":"<p>Unser T-Shirt Auch in diesem Jahr werden wir beim Einschulungscaf\u00e9 wieder unsere bunten T-Shirts verkaufen! Die Ware wird von uns nur mit einem kleinen Gewinn an Sie verkauft; der Gewinn flie\u00dft selbstverst\u00e4ndlich zu 100%\u00a0 in Projekte f\u00fcr die Grundsch\u00fcler, wie zum Beispiel Verk\u00f6stigungen f\u00fcr Leseabend oder ARD-Kinder-Radionacht, Beschaffung von Spielger\u00e4ten oder B\u00fcchern, Lerncoachies und und und. Wer Interesse an T-Shirts hat, kann sich hier das Bestellformular herunterladen, ausf\u00fcllen und dann entweder direkt \u00fcber die Schule per Hauspost (Kinder-Postmappe) oder per&#8230;<\/p>\n<p class=\"read-more\"><a class=\"btn btn-default\" href=\"https:\/\/wordpress.nibis.de\/gsscharn\/t-shirt-verkauf\/\">Weiterlesen<span class=\"screen-reader-text\"> Weiterlesen<\/span><\/a><\/p>\n","protected":false},"author":176,"featured_media":1366,"parent":0,"menu_order":0,"comment_status":"closed","ping_status":"closed","template":"","meta":{"footnotes":""},"class_list":["post-411","page","type-page","status-publish","has-post-thumbnail","hentry"],"_links":{"self":[{"href":"https:\/\/wordpress.nibis.de\/gsscharn\/wp-json\/wp\/v2\/pages\/411","targetHints":{"allow":["GET"]}}],"collection":[{"href":"https:\/\/wordpress.nibis.de\/gsscharn\/wp-json\/wp\/v2\/pages"}],"about":[{"href":"https:\/\/wordpress.nibis.de\/gsscharn\/wp-json\/wp\/v2\/types\/page"}],"author":[{"embeddable":true,"href":"https:\/\/wordpress.nibis.de\/gsscharn\/wp-json\/wp\/v2\/users\/176"}],"replies":[{"embeddable":true,"href":"https:\/\/wordpress.nibis.de\/gsscharn\/wp-json\/wp\/v2\/comments?post=411"}],"version-history":[{"count":14,"href":"https:\/\/wordpress.nibis.de\/gsscharn\/wp-json\/wp\/v2\/pages\/411\/revisions"}],"predecessor-version":[{"id":2630,"href":"https:\/\/wordpress.nibis.de\/gsscharn\/wp-json\/wp\/v2\/pages\/411\/revisions\/2630"}],"wp:featuredmedia":[{"embeddable":true,"href":"https:\/\/wordpress.nibis.de\/gsscharn\/wp-json\/wp\/v2\/media\/1366"}],"wp:attachment":[{"href":"https:\/\/wordpress.nibis.de\/gsscharn\/wp-json\/wp\/v2\/media?parent=411"}],"curies":[{"name":"wp","href":"https:\/\/api.w.org\/{rel}","templated":true}]}}