{"id":422,"date":"2019-08-14T14:16:05","date_gmt":"2019-08-14T12:16:05","guid":{"rendered":"http:\/\/wordpress.nibis.de\/gsscharn\/?page_id=422"},"modified":"2019-08-14T16:34:30","modified_gmt":"2019-08-14T14:34:30","slug":"familie-in-schule-fisch","status":"publish","type":"page","link":"https:\/\/wordpress.nibis.de\/gsscharn\/familie-in-schule-fisch\/","title":{"rendered":"Familie in Schule (&#8222;FiSch&#8220;)"},"content":{"rendered":"<p>Das Projekt \u201eFamilie in Schule\u201c (FiSch) ist ein inklusives Unterst\u00fctzungsangebot f\u00fcr die Kinder, Eltern und Lehrkr\u00e4fte der Grundschulen Artlenburg, Brietlingen, Hohnstorf und Scharnebeck. Es kann eine erfolgreiche Ma\u00dfnahme sein, wenn die Lernentwicklung von Kindern aus verschiedenen Gr\u00fcnden beeintr\u00e4chtigt ist und die Zusammenarbeit zwischen Schule, Eltern und Kindern einer besonders engen Kooperation bedarf.<\/p>\n<p>Oberstes Ziel des Angebots \u201eFiSch\u201c ist der erfolgreiche Verbleib des Kindes im Klassenverband der Heimatschule und die Entwicklung eines positiven Selbstkonzepts und somit einer erfolgreichen Schullaufbahn.<\/p>\n<p>Der aktive und wertsch\u00e4tzende Einbezug der Lehrkr\u00e4fte, Eltern, Sch\u00fclerinnen und Sch\u00fcler in die schulische Entwicklung ist die Grundlage f\u00fcr einen gemeinsam verantworteten Schulerfolg. Eltern und Lehrkr\u00e4fte schaffen mit Unterst\u00fctzung eines multiprofessionellen Teams gemeinsam ein zielorientiertes Unterst\u00fctzungsangebot f\u00fcr Sch\u00fclerinnen und Sch\u00fcler. So k\u00f6nnen die Kinder in einem klar strukturierten Rahmen das Lernen neu entdecken, erfahren wie es ist erfolgreich zu sein und schrittweise ihre Ich-Kompetenz st\u00e4rken sowie ihr Lern- und Arbeitsverhalten und\/oder Sozialverhalten positiv ver\u00e4ndern.<\/p>\n<p>Das Projekt \u201eFiSch\u201c basiert auf dem angewendeten und kooperierenden Konzept der Tagesklinik Baumhaus Schleswig und der Schule Hesterberg Schleswig. Die Grundidee ist der Ansatz des Multifamiliencoachings, welches sich aus dem Bereich der Multifamilientherapie entwickelt hat.<\/p>\n<p>Ausgehend von der Tagesklinik Baumhaus Schleswig und der Schule Hesterberg Schleswig wird das Projekt \u201eFiSch\u201c mittlerweile deutschlandweit an verschiedenen Schulformen und anderen Institutionen angeboten. Die Grundschule Scharnebeck mit der Leitung Dagmar Hilmar war in Niedersachsen die erste Schule, die dieses Projekt auf Samtgemeindeebene angeboten hat und f\u00fchrt es seit dem Schuljahr 2012\/2013 erfolgreich durch. Mit dem FiSch-Projekt L\u00fcneburg, das seit 3\/2017 in der Hansestadt L\u00fcneburg umgesetzt wird, pflegen wir einen fachlichen Austausch&nbsp;und arbeiten konzeptionell zusammen.<\/p>\n<p>Weitere Informationen:<\/p>\n<ul>\n<li><a href=\"https:\/\/wordpress.nibis.de\/gsscharn\/files\/\u00fcberarbeitetes-FiSch-Konzept-2019.pdf\">FiSch-Konzept (2019)<\/a><\/li>\n<li><a href=\"https:\/\/wordpress.nibis.de\/gsscharn\/files\/Flyer-\u00fcberarbeitet-2019-1.pdf\">Flyer (2019)<\/a><\/li>\n<li><a href=\"http:\/\/wordpress.nibis.de\/gsscharn\/files\/Auswertung-Fisch-Projekt.pdf\">Auswertung FiSch-Projekt<\/a><\/li>\n<\/ul>\n","protected":false},"excerpt":{"rendered":"<p>Das Projekt \u201eFamilie in Schule\u201c (FiSch) ist ein inklusives Unterst\u00fctzungsangebot f\u00fcr die Kinder, Eltern und Lehrkr\u00e4fte der Grundschulen Artlenburg, Brietlingen, Hohnstorf und Scharnebeck. Es kann eine erfolgreiche Ma\u00dfnahme sein, wenn die Lernentwicklung von Kindern aus verschiedenen Gr\u00fcnden beeintr\u00e4chtigt ist und die Zusammenarbeit zwischen Schule, Eltern und Kindern einer besonders engen Kooperation bedarf. Oberstes Ziel des Angebots \u201eFiSch\u201c ist der erfolgreiche Verbleib des Kindes im Klassenverband der Heimatschule und die Entwicklung eines positiven Selbstkonzepts und somit einer erfolgreichen Schullaufbahn. Der aktive&#8230;<\/p>\n<p class=\"read-more\"><a class=\"btn btn-default\" href=\"https:\/\/wordpress.nibis.de\/gsscharn\/familie-in-schule-fisch\/\">Weiterlesen<span class=\"screen-reader-text\"> Weiterlesen<\/span><\/a><\/p>\n","protected":false},"author":176,"featured_media":0,"parent":0,"menu_order":0,"comment_status":"closed","ping_status":"closed","template":"","meta":{"footnotes":""},"class_list":["post-422","page","type-page","status-publish","hentry"],"_links":{"self":[{"href":"https:\/\/wordpress.nibis.de\/gsscharn\/wp-json\/wp\/v2\/pages\/422","targetHints":{"allow":["GET"]}}],"collection":[{"href":"https:\/\/wordpress.nibis.de\/gsscharn\/wp-json\/wp\/v2\/pages"}],"about":[{"href":"https:\/\/wordpress.nibis.de\/gsscharn\/wp-json\/wp\/v2\/types\/page"}],"author":[{"embeddable":true,"href":"https:\/\/wordpress.nibis.de\/gsscharn\/wp-json\/wp\/v2\/users\/176"}],"replies":[{"embeddable":true,"href":"https:\/\/wordpress.nibis.de\/gsscharn\/wp-json\/wp\/v2\/comments?post=422"}],"version-history":[{"count":4,"href":"https:\/\/wordpress.nibis.de\/gsscharn\/wp-json\/wp\/v2\/pages\/422\/revisions"}],"predecessor-version":[{"id":1601,"href":"https:\/\/wordpress.nibis.de\/gsscharn\/wp-json\/wp\/v2\/pages\/422\/revisions\/1601"}],"wp:attachment":[{"href":"https:\/\/wordpress.nibis.de\/gsscharn\/wp-json\/wp\/v2\/media?parent=422"}],"curies":[{"name":"wp","href":"https:\/\/api.w.org\/{rel}","templated":true}]}}