{"id":474,"date":"2014-06-05T21:43:10","date_gmt":"2014-06-05T19:43:10","guid":{"rendered":"http:\/\/wordpress.nibis.de\/gsscharn\/?page_id=474"},"modified":"2022-09-27T09:41:56","modified_gmt":"2022-09-27T08:41:56","slug":"grundsaetze-fuer-den-umgang-mit-hausaufgaben","status":"publish","type":"page","link":"https:\/\/wordpress.nibis.de\/gsscharn\/grundsaetze-fuer-den-umgang-mit-hausaufgaben\/","title":{"rendered":"Hausaufgaben"},"content":{"rendered":"<p>Hausaufgaben <b>erwachsen grunds\u00e4tzlich aus dem Unterricht<\/b> und stellen f\u00fcr die Sch\u00fcler einen erkennbaren Bezug dazu her. Sie sind wichtig, um den Lehrstoff einzu\u00fcben bzw. zu festigen, die Sch\u00fcler zu eigenen T\u00e4tigkeiten anzuregen und nachhaltiges Lernen zu f\u00f6rdern. Im Unterricht werden Aufgaben verst\u00e4ndlich erkl\u00e4rt, sodass jeder Sch\u00fcler sie selbstst\u00e4ndig anfertigen kann.<\/p>\n<p>Hausaufgaben werden im Ermessen der Lehrkr\u00e4fte <b>t\u00e4glich oder anlassbezogen von montags bis donnerstags<\/b> erteilt; vom Freitag zum folgenden Montag werden keine Hausaufgaben gestellt, ebenso nicht \u00fcber die Ferienzeiten.<\/p>\n<p>In den Klassen 1 und 2 werden in den Lehrg\u00e4ngen <b>Schreiben, Lesen und Mathematik<\/b> Hausaufgaben angefertigt, in den Klassen 3 und 4 in den F\u00e4chern <b>Deutsch und Mathematik<\/b>. Hausaufgaben in den anderen F\u00e4chern k\u00f6nnen erteilt werden.<\/p>\n<p>Hausaufgaben <b>k\u00f6nnen differenziert gestellt werden<\/b>, d. h. sowohl in der Art als auch im Umfang (nach Belastbarkeit, Konzentrationsf\u00e4higkeit, feinmotorischen F\u00e4higkeiten und Fertigkeiten, Kognition).<\/p>\n<p>Die Richtwerte f\u00fcr den <b>maximalen Zeitaufwand<\/b> f\u00fcr die Anfertigung von Hausaufgaben im Primarbereich liegen bei <b>30 Minuten<\/b> t\u00e4glich. Sollten die Hausaufgaben in dieser Zeit nicht zu bew\u00e4ltigen sein, beenden die Kinder diese entsprechend und es erfolgt eine kurze schriftliche Notiz der Eltern als R\u00fcckmeldung an die Lehrkraft.<\/p>\n<p>Die Hausaufgaben werden im Klassenraum <b>stichwortartig an der Tafel notiert<\/b>. Die in der Klasse unterrichtenden Lehrkr\u00e4fte k\u00f6nnen dadurch das Pensum aufeinander abstimmen.<\/p>\n<p>In den Klassen 1 und 2 werden Zeichen mit den Eltern vereinbart, die die Hausaufgaben kennzeichnen. In den Klassen 1 \u2013 4 f\u00fchren die Sch\u00fcler ein Aufgabenheft <b>zunehmend in Eigenverantwortung<\/b>. In dem Aufgabenheft ist Raum f\u00fcr die Eltern, auf ggf. vorhandene Schwierigkeiten bei der Anfertigung der Hausaufgaben hinzuweisen. Vergessen Sch\u00fcler h\u00e4ufiger ihre Hausaufgaben, werden sie dazu verpflichtet, ihr Aufgabenheft der Lehrkraft vorzulegen, die die korrekte Eintragung der Aufgaben zeitweise \u00fcberpr\u00fcft..<\/p>\n<p>Eltern achten grunds\u00e4tzlich darauf, dass am Nachmittag entsprechende Zeiten f\u00fcr die Erledigung von Hausaufgaben eingeplant sind. Konnte ein Sch\u00fcler aus besonderen Gr\u00fcnden (Arzttermin o. \u00e4.) seine Hausaufgaben nicht anfertigen, ist ein schriftlicher Hinweis durch die Eltern notwendig.<\/p>\n<p><b>Ab Klasse 2 werden fehlende Hausaufgaben<\/b> von der Lehrkraft schriftlich (Datum, Fach) notiert. Zeigt der Sch\u00fcler am Folgetag die Hausaufgaben vor, erlischt der Eintrag. Liegen drei Eintragungen eines Sch\u00fclers innerhalb des Zeitraum zwischen zwei Ferienbl\u00f6cken vor, werden die Eltern durch die Lehrkraft informiert.<\/p>\n<p>Wurden die Eltern mehr als zweimal im Halbjahr \u00fcber fehlende Hausaufgaben informiert, erfolgt ein <b>Hinweis unter \u201eArbeitsverhalten\u201c im Zeugnis<\/b>.<\/p>\n<p>Die Eltern werden an Elternabenden \u00fcber die Grunds\u00e4tze im Umgang mit Hausaufgaben informiert.<\/p>\n","protected":false},"excerpt":{"rendered":"<p>Hausaufgaben erwachsen grunds\u00e4tzlich aus dem Unterricht und stellen f\u00fcr die Sch\u00fcler einen erkennbaren Bezug dazu her. Sie sind wichtig, um den Lehrstoff einzu\u00fcben bzw. zu festigen, die Sch\u00fcler zu eigenen T\u00e4tigkeiten anzuregen und nachhaltiges Lernen zu f\u00f6rdern. Im Unterricht werden Aufgaben verst\u00e4ndlich erkl\u00e4rt, sodass jeder Sch\u00fcler sie selbstst\u00e4ndig anfertigen kann. Hausaufgaben werden im Ermessen der Lehrkr\u00e4fte t\u00e4glich oder anlassbezogen von montags bis donnerstags erteilt; vom Freitag zum folgenden Montag werden keine Hausaufgaben gestellt, ebenso nicht \u00fcber die Ferienzeiten. In den&#8230;<\/p>\n<p class=\"read-more\"><a class=\"btn btn-default\" href=\"https:\/\/wordpress.nibis.de\/gsscharn\/grundsaetze-fuer-den-umgang-mit-hausaufgaben\/\">Weiterlesen<span class=\"screen-reader-text\"> Weiterlesen<\/span><\/a><\/p>\n","protected":false},"author":176,"featured_media":0,"parent":0,"menu_order":0,"comment_status":"closed","ping_status":"closed","template":"","meta":{"footnotes":""},"class_list":["post-474","page","type-page","status-publish","hentry"],"_links":{"self":[{"href":"https:\/\/wordpress.nibis.de\/gsscharn\/wp-json\/wp\/v2\/pages\/474","targetHints":{"allow":["GET"]}}],"collection":[{"href":"https:\/\/wordpress.nibis.de\/gsscharn\/wp-json\/wp\/v2\/pages"}],"about":[{"href":"https:\/\/wordpress.nibis.de\/gsscharn\/wp-json\/wp\/v2\/types\/page"}],"author":[{"embeddable":true,"href":"https:\/\/wordpress.nibis.de\/gsscharn\/wp-json\/wp\/v2\/users\/176"}],"replies":[{"embeddable":true,"href":"https:\/\/wordpress.nibis.de\/gsscharn\/wp-json\/wp\/v2\/comments?post=474"}],"version-history":[{"count":3,"href":"https:\/\/wordpress.nibis.de\/gsscharn\/wp-json\/wp\/v2\/pages\/474\/revisions"}],"predecessor-version":[{"id":2230,"href":"https:\/\/wordpress.nibis.de\/gsscharn\/wp-json\/wp\/v2\/pages\/474\/revisions\/2230"}],"wp:attachment":[{"href":"https:\/\/wordpress.nibis.de\/gsscharn\/wp-json\/wp\/v2\/media?parent=474"}],"curies":[{"name":"wp","href":"https:\/\/api.w.org\/{rel}","templated":true}]}}