{"id":112,"date":"2018-05-07T23:06:36","date_gmt":"2018-05-07T21:06:36","guid":{"rendered":"http:\/\/wordpress.nibis.de\/gsschmedwolt\/?page_id=112"},"modified":"2025-09-24T13:26:59","modified_gmt":"2025-09-24T11:26:59","slug":"schulhund","status":"publish","type":"page","link":"https:\/\/wordpress.nibis.de\/gsschmedwolt\/schulprofil\/schulhund\/","title":{"rendered":"Sportfreundliche Schule"},"content":{"rendered":"<div>\n<p>In den Jahren 2014, 2017, 2021 und 2025 wurde unsere Schule als Sportfreundliche Schule zertifiziert.<\/p>\n<\/div>\n<div>\n<p>Seit 2001 gibt es diese <strong>Kooperation<\/strong> des Nieders\u00e4chsischen Kultusministeriums mit dem Landessportbund zur F\u00f6rderung von Sport an Schulen.<\/p>\n<\/div>\n<p>Unter folgendem Link k\u00f6nnen Sie sich die Pr\u00e4sentation zur Zertifizierung als Sportfreundliche Schule herunterladen:<\/p>\n<p><a href=\"https:\/\/wordpress.nibis.de\/gsschmedwolt\/files\/2020\/06\/Sportfreundliche-Schule.pdf\">&gt; Sportfreundliche Schule<\/a><\/p>\n<p><a href=\"https:\/\/wordpress.nibis.de\/gsschmedwolt\/files\/2025\/09\/LogoSportfreundliche-Schule.jpg\"><img loading=\"lazy\" decoding=\"async\" class=\"size-full wp-image-5272 alignleft\" src=\"https:\/\/wordpress.nibis.de\/gsschmedwolt\/files\/2025\/09\/LogoSportfreundliche-Schule.jpg\" alt=\"\" width=\"397\" height=\"397\" srcset=\"https:\/\/wordpress.nibis.de\/gsschmedwolt\/files\/2025\/09\/LogoSportfreundliche-Schule.jpg 397w, https:\/\/wordpress.nibis.de\/gsschmedwolt\/files\/2025\/09\/LogoSportfreundliche-Schule-300x300.jpg 300w, https:\/\/wordpress.nibis.de\/gsschmedwolt\/files\/2025\/09\/LogoSportfreundliche-Schule-150x150.jpg 150w\" sizes=\"auto, (max-width: 397px) 100vw, 397px\" \/><\/a><\/p>\n<p style=\"font-weight: 400\">An beiden Schulstandorten gibt es vielf\u00e4ltige <strong>Bewegungsm\u00f6glichkeiten<\/strong> zum Klettern, Hangeln, Wippen oder Schaukeln. In den Pausen k\u00f6nnen Spiel- und Sportger\u00e4te ausgeliehen werden. Jedes Jahr zur Einschulung schenkt der F\u00f6rderverein den Sch\u00fcler*innen einen gro\u00dfen Bollerwagen voll mit Spotger\u00e4ten f\u00fcr beide Standorte im Wert von ca. 800\u20ac.\u00a0 Die Ausleihe in den Pausen wird von den Kindern selbst organisiert.<\/p>\n<p style=\"font-weight: 400\">Jedes Jahr findet auf dem Sportplatz in Woltorf unter Mithilfe des VFL Woltorf und mit Sch\u00fcler*innen der IGS V\u00f6hrum und vielen Eltern ein gro\u00dfes <strong>Sportfest<\/strong> f\u00fcr alle Kinder statt. Alle Kinder k\u00f6nnen dort ihr Sportabzeichen erwerben.<\/p>\n<p style=\"font-weight: 400\">Die Klassen 3 oder 4 fahren jeweils f\u00fcr ein halbes Jahr zum <strong>Schwimmunterricht<\/strong> in das Hallen- bzw. Freibad nach Peine. Dort k\u00f6nnen verschiedene Schwimmabzeichen erworben werden. F\u00fcr einige Nichtschwimmerkinder gibt es am Ende der Klasse 4 einen Schwimmkurs, so dass m\u00f6glichst kein Kind unsere Grundschule als Nichtschwimmer verl\u00e4sst.<\/p>\n<p style=\"font-weight: 400\">Im Rahmen der Mobilit\u00e4tserziehung findet in den Klassen 1 der <strong>Rollbrettf\u00fchrerschein<\/strong> sowie in den Klassen 2 ein <strong>Rollertraining<\/strong> in der Halle statt, in den Klassen 3 und 4 findet das j\u00e4hrliche ADAC-Geschicklichkeitsturnier auf dem <strong>Fahrrad<\/strong> und in der Klasse 4 die <strong>Radfahrausbildung<\/strong> mit anschlie\u00dfender Radfahrpr\u00fcfung statt.<\/p>\n<p style=\"font-weight: 400\">Jedes Schuljahr binden wir eine besondere sportliche Aktion in den regul\u00e4ren Sportunterricht ein, wie zum Beispiel ein <strong>V\u00f6lkerball- <\/strong>oder<strong> Fu\u00dfballturnier<\/strong>, einen <strong>Tischtennisrundlaufcup<\/strong>, einen <strong>Handballtag<\/strong> oder das Projekt <strong>Skipping hearts<\/strong>, eine besondere Art des Seilspringens.<\/p>\n<p style=\"font-weight: 400\">Einmal w\u00e4hrend der Grundschulzeit nimmt jedes Kind an den <strong>Zirkusprojekttagen<\/strong> teil, die im Zeichen der Bewegung und F\u00f6rderung der Selbstkompetenz stehen.<\/p>\n<p style=\"font-weight: 400\">Einmal w\u00e4hrend der Grundschulzeit organisiert die Schule einen <strong>Sponsorenlauf<\/strong>.<\/p>\n<p style=\"font-weight: 400\">Im Rahmen des Ganztags gibt es an unserer Schule unterschiedliche <strong>Sport-AG\u00b4s:<\/strong><\/p>\n<p style=\"font-weight: 400\">An jedem Nachmittag finden zwei Sport-AG\u00b4s statt (Yoga, Fu\u00dfball, Basketball, Volleyball, Schach..). Diese AG\u00b4s finden in Kooperation mit dem VFL Woltorf, dem BW Schmedenstedt und dem Peiner Schachverein statt.<\/p>\n","protected":false},"excerpt":{"rendered":"<p>In den Jahren 2014, 2017, 2021 und 2025 wurde unsere Schule als Sportfreundliche Schule zertifiziert. Seit 2001 gibt es diese Kooperation des Nieders\u00e4chsischen Kultusministeriums mit dem Landessportbund zur F\u00f6rderung von Sport an Schulen. Unter folgendem Link k\u00f6nnen Sie sich die Pr\u00e4sentation zur Zertifizierung als Sportfreundliche Schule herunterladen: &gt; Sportfreundliche Schule An beiden Schulstandorten gibt es [&hellip;]<\/p>\n","protected":false},"author":9192595,"featured_media":0,"parent":31,"menu_order":0,"comment_status":"closed","ping_status":"closed","template":"template-full-width.php","meta":{"footnotes":""},"class_list":["post-112","page","type-page","status-publish","hentry"],"_links":{"self":[{"href":"https:\/\/wordpress.nibis.de\/gsschmedwolt\/wp-json\/wp\/v2\/pages\/112","targetHints":{"allow":["GET"]}}],"collection":[{"href":"https:\/\/wordpress.nibis.de\/gsschmedwolt\/wp-json\/wp\/v2\/pages"}],"about":[{"href":"https:\/\/wordpress.nibis.de\/gsschmedwolt\/wp-json\/wp\/v2\/types\/page"}],"author":[{"embeddable":true,"href":"https:\/\/wordpress.nibis.de\/gsschmedwolt\/wp-json\/wp\/v2\/users\/9192595"}],"replies":[{"embeddable":true,"href":"https:\/\/wordpress.nibis.de\/gsschmedwolt\/wp-json\/wp\/v2\/comments?post=112"}],"version-history":[{"count":11,"href":"https:\/\/wordpress.nibis.de\/gsschmedwolt\/wp-json\/wp\/v2\/pages\/112\/revisions"}],"predecessor-version":[{"id":5273,"href":"https:\/\/wordpress.nibis.de\/gsschmedwolt\/wp-json\/wp\/v2\/pages\/112\/revisions\/5273"}],"up":[{"embeddable":true,"href":"https:\/\/wordpress.nibis.de\/gsschmedwolt\/wp-json\/wp\/v2\/pages\/31"}],"wp:attachment":[{"href":"https:\/\/wordpress.nibis.de\/gsschmedwolt\/wp-json\/wp\/v2\/media?parent=112"}],"curies":[{"name":"wp","href":"https:\/\/api.w.org\/{rel}","templated":true}]}}