{"id":115,"date":"2018-05-07T23:07:07","date_gmt":"2018-05-07T21:07:07","guid":{"rendered":"http:\/\/wordpress.nibis.de\/gsschmedwolt\/?page_id=115"},"modified":"2020-12-18T11:25:22","modified_gmt":"2020-12-18T10:25:22","slug":"mobilitaet","status":"publish","type":"page","link":"https:\/\/wordpress.nibis.de\/gsschmedwolt\/schulprofil\/mobilitaet\/","title":{"rendered":"Unterricht"},"content":{"rendered":"<p>An allen nieders\u00e4chsischen Grundschulen regelt das Kultusministerium mit der Vorgabe des sogenannten Kerncurriculums die Kompetenzen, die in jedem Fach in den Jahrg\u00e4ngen 1 und 2 sowie 3 und 4 erworben werden sollen (<a href=\"http:\/\/www.mk.niedersachsen.de\">www.mk.niedersachsen.de<\/a>). Die Fachkonferenz eines Faches (alle Lehrkr\u00e4fte einer Schule, die dieses Fach studiert oder unterrichtet haben sowie zwei Elternvertreter) hat auf der Grundlage des Kerncurriculums sogenannte schuleigene Arbeitspl\u00e4ne erarbeitet. Diese \u00f6ffentlich zug\u00e4nglichen Pl\u00e4ne regeln die zeitliche Abfolge der Unterrichtseinheiten sowie die Zusammensetzung der einzelnen Zensuren.<\/p>\n","protected":false},"excerpt":{"rendered":"<p>An allen nieders\u00e4chsischen Grundschulen regelt das Kultusministerium mit der Vorgabe des sogenannten Kerncurriculums die Kompetenzen, die in jedem Fach in den Jahrg\u00e4ngen 1 und 2 sowie 3 und 4 erworben werden sollen (www.mk.niedersachsen.de). Die Fachkonferenz eines Faches (alle Lehrkr\u00e4fte einer Schule, die dieses Fach studiert oder unterrichtet haben sowie zwei Elternvertreter) hat auf der Grundlage [&hellip;]<\/p>\n","protected":false},"author":9192595,"featured_media":0,"parent":31,"menu_order":0,"comment_status":"closed","ping_status":"closed","template":"template-full-width.php","meta":{"footnotes":""},"class_list":["post-115","page","type-page","status-publish","hentry"],"_links":{"self":[{"href":"https:\/\/wordpress.nibis.de\/gsschmedwolt\/wp-json\/wp\/v2\/pages\/115","targetHints":{"allow":["GET"]}}],"collection":[{"href":"https:\/\/wordpress.nibis.de\/gsschmedwolt\/wp-json\/wp\/v2\/pages"}],"about":[{"href":"https:\/\/wordpress.nibis.de\/gsschmedwolt\/wp-json\/wp\/v2\/types\/page"}],"author":[{"embeddable":true,"href":"https:\/\/wordpress.nibis.de\/gsschmedwolt\/wp-json\/wp\/v2\/users\/9192595"}],"replies":[{"embeddable":true,"href":"https:\/\/wordpress.nibis.de\/gsschmedwolt\/wp-json\/wp\/v2\/comments?post=115"}],"version-history":[{"count":3,"href":"https:\/\/wordpress.nibis.de\/gsschmedwolt\/wp-json\/wp\/v2\/pages\/115\/revisions"}],"predecessor-version":[{"id":451,"href":"https:\/\/wordpress.nibis.de\/gsschmedwolt\/wp-json\/wp\/v2\/pages\/115\/revisions\/451"}],"up":[{"embeddable":true,"href":"https:\/\/wordpress.nibis.de\/gsschmedwolt\/wp-json\/wp\/v2\/pages\/31"}],"wp:attachment":[{"href":"https:\/\/wordpress.nibis.de\/gsschmedwolt\/wp-json\/wp\/v2\/media?parent=115"}],"curies":[{"name":"wp","href":"https:\/\/api.w.org\/{rel}","templated":true}]}}