{"id":130,"date":"2018-05-07T23:09:49","date_gmt":"2018-05-07T21:09:49","guid":{"rendered":"http:\/\/wordpress.nibis.de\/gsschmedwolt\/?page_id=130"},"modified":"2026-03-19T14:14:15","modified_gmt":"2026-03-19T13:14:15","slug":"presse","status":"publish","type":"page","link":"https:\/\/wordpress.nibis.de\/gsschmedwolt\/aktuelles\/presse\/","title":{"rendered":"Presse"},"content":{"rendered":"<p>Auf dieser Seite k\u00f6nnen Sie sich unter den folgenden Links Presseartikel der vergangenen Jahre herunterladen:<\/p>\n<p>2026:<\/p>\n<p><strong>Presseartikel vom 17.03.2026<\/strong><\/p>\n<p><a href=\"https:\/\/wordpress.nibis.de\/gsschmedwolt\/files\/2026\/03\/Artikel.pdf\">&gt; Manege frei f\u00fcr Kinder in Woltorf<\/a><\/p>\n<p>2024:<\/p>\n<p><strong>Presseartikel vom 24.09.2025<\/strong><\/p>\n<p><a href=\"https:\/\/wordpress.nibis.de\/gsschmedwolt\/files\/2025\/09\/Woltorf-feiert-50-Jahre-Grundschulverbund.jpeg\">&gt; Woltorf feiert 50 Jahre Grundschulverbund<\/a><\/p>\n<p>2023:<\/p>\n<p><strong>Presseartikel vom 11.11.2023<\/strong><\/p>\n<p><a href=\"https:\/\/wordpress.nibis.de\/gsschmedwolt\/files\/2023\/11\/260090d4-994e-4c92-b08b-6f2f87c28575.jpeg\">&gt; Ortsrat Woltorf lehnt Schulschlie\u00dfung im Ort ab.<\/a><\/p>\n<p><a href=\"https:\/\/wordpress.nibis.de\/gsschmedwolt\/files\/2023\/11\/97405f00-b069-4a89-88a9-6fa87619c71c.jpeg\">&gt; Zukunft des Woltorfer Schulstandorts: Was ist zumutbar f\u00fcr Sch\u00fcler?<\/a><\/p>\n<p><strong>Presseartikel vom 10.11.2023<\/strong><\/p>\n<p><a href=\"https:\/\/wordpress.nibis.de\/gsschmedwolt\/files\/2023\/11\/cfeff59d-9a73-4b13-89bc-a9d2a550d760.jpeg\">&gt; Gro\u00dfer Andrang im Ortsrat Schmedenstedt<\/a><\/p>\n<p><strong>Presseartikel vom 25.07.2023<\/strong><\/p>\n<p><a href=\"https:\/\/wordpress.nibis.de\/gsschmedwolt\/files\/2023\/08\/Waldtag.pdf\">&gt; Beim Verein &#8222;Wald erleben&#8220; lernen Kinder Verantwortung f\u00fcr den Wald<\/a><\/p>\n<p><strong>Presseartikel vom 04.02.2023<\/strong><\/p>\n<p><a href=\"https:\/\/wordpress.nibis.de\/gsschmedwolt\/files\/2023\/02\/Basketball-Schulprojekt-scaled.jpeg\">&gt; Basketball-Schulprojekt zieht Kreise<\/a><\/p>\n<p><strong>Presseartikel vom 01.02.2023<\/strong><\/p>\n<p><a href=\"https:\/\/wordpress.nibis.de\/gsschmedwolt\/files\/2023\/02\/Konflikt-loesen-scaled.jpeg\">&gt; Konflikte l\u00f6sen &#8211; das lernen die Grundsch\u00fcler<\/a><\/p>\n<p><strong>2022:<\/strong><\/p>\n<p><strong>Presseartikel vom 6.3.2022<\/strong><\/p>\n<p><a href=\"https:\/\/wordpress.nibis.de\/gsschmedwolt\/files\/2022\/03\/2022-06-03-Rundlaufcup-BZ.jpeg.pdf\">&gt; Rundlaufcup<\/a><\/p>\n<p><strong>2021:<\/strong><\/p>\n<p><strong>Presseartikel vom 19.11.2021<\/strong><\/p>\n<p><a href=\"https:\/\/wordpress.nibis.de\/gsschmedwolt\/files\/2021\/11\/2021-11-19-PAZ-Artikel-Respect.pdf\">&gt; Aktion &#8222;!Respect&#8220; in Peine: Konflikte gewaltfrei l\u00f6sen<\/a><\/p>\n<p><strong>2020:<\/strong><\/p>\n<p><strong>Presseartikel vom 27.11.2020:<\/strong><\/p>\n<p><a href=\"https:\/\/wordpress.nibis.de\/gsschmedwolt\/files\/2020\/11\/20201127_Peiner_Nachrichten_Schueler_lernen_Konflikte_loesen_ohne_Gewalt.pdf\">&gt; Grundsch\u00fcler lernen: Konflikte l\u00f6sen ohne Gewalt<\/a><\/p>\n<p><strong>Presseartikel vom 27.11.2020<\/strong><\/p>\n<p><a href=\"https:\/\/wordpress.nibis.de\/gsschmedwolt\/files\/2020\/11\/27.11.20-PAZ.pdf\">&gt; Woltorf: Ortsrat w\u00fcnscht sich Schul-Mensa in Schmedenstedt<\/a><\/p>\n<p><strong>Presseartikel vom 24.11.2020<\/strong><\/p>\n<p><a href=\"https:\/\/wordpress.nibis.de\/gsschmedwolt\/files\/2020\/11\/24.11.20-PAZ.pdf\">&gt; \u00c4rger: Kostet Mensa 7500 oder 270.00?<\/a><\/p>\n<p><strong>Presseartikel vom 19.11.2020<\/strong><\/p>\n<p><a href=\"https:\/\/wordpress.nibis.de\/gsschmedwolt\/files\/2020\/11\/19.11.2020-PAZ.pdf\">&gt; Schmedenstedt: Ganztagsbetrieb f\u00fcr Grundschule soll kommen<\/a><\/p>\n<p>&nbsp;<\/p>\n<p><strong>2019:<\/strong><\/p>\n<p><strong>Presseartikel vom 13.12.2019<\/strong><\/p>\n<p><a href=\"https:\/\/wordpress.nibis.de\/gsschmedwolt\/files\/2019\/12\/Artikel13.12.2019.jpg\">&gt; Ortsrat Woltorf: Grundschuldebatte vorerst gestoppt<\/a><\/p>\n<p>&nbsp;<\/p>\n<p><strong>Presseartikel vom 08.11.2019<\/strong><\/p>\n<p><a href=\"https:\/\/wordpress.nibis.de\/gsschmedwolt\/files\/2019\/11\/e6a23b42-bcd1-4305-99b8-701d0823a93a.jpg\">&gt; Kinder schreien: H\u00f6r&#8216; bitte auf!<\/a><\/p>\n<p>&nbsp;<\/p>\n<p><strong>Presseartikel vom 05.11.2019<\/strong><\/p>\n<p><a href=\"https:\/\/wordpress.nibis.de\/gsschmedwolt\/files\/2019\/11\/f9b4d5e1-f1c5-4bc6-8778-c63b24a31efc.jpg\">&gt; Schulentwicklung Peine-S\u00fcdost: Stadt setzt Beratungen vorerst aus<\/a><\/p>\n<p>&nbsp;<\/p>\n<p><span style=\"font-size: 12pt\"><strong>Presseartikel vom 26.10.2019<\/strong> <\/span><\/p>\n<p><a href=\"https:\/\/wordpress.nibis.de\/gsschmedwolt\/files\/2019\/10\/PAZ-1.jpg\">&gt; &#8222;Gegen Schlie\u00dfung: Grundschule pr\u00e4sentiert sich&#8220;<\/a><\/p>\n<p>&nbsp;<\/p>\n<p><strong>Presseartikel vom 26.10.2019<\/strong><\/p>\n<p><a href=\"https:\/\/wordpress.nibis.de\/gsschmedwolt\/files\/2019\/10\/TdoT-in-Schmedenstedt_PN-vom-26.10.2019.pdf\">&gt; &#8222;Grundschule in Schmedenstedt und Woltorf wirbt f\u00fcr sich selbst&#8220;<\/a><\/p>\n<p>&nbsp;<\/p>\n<p><strong>Presseartikel vom 19.10.2019<\/strong><\/p>\n<p><a href=\"https:\/\/wordpress.nibis.de\/gsschmedwolt\/files\/2019\/10\/2d3b6518-83b4-45ce-adad-d9a2faab0874.jpg\">&gt; &#8222;Regenbogen&#8220;-Schule: Initiative sammelt Unterschriften zum Erhalt<\/a><\/p>\n<p>&nbsp;<\/p>\n<p><strong>Presseartikel vom 12.10.2019<\/strong><\/p>\n<p><a href=\"https:\/\/wordpress.nibis.de\/gsschmedwolt\/files\/2019\/10\/Bildschirmfoto-2019-10-12-um-10.50.23.png\">&gt; Die &#8222;Schule unterm Regenbogen&#8220; k\u00e4mpft f\u00fcr ihren Erhalt<\/a><\/p>\n<p>&nbsp;<\/p>\n<p><strong>Presseartikel vom 10.10.2019<\/strong><\/p>\n<p><a href=\"https:\/\/wordpress.nibis.de\/gsschmedwolt\/files\/2019\/10\/PAZ.jpg\">&gt; Schule unterm Regenbogen: Tag der offenen T\u00fcr<\/a><\/p>\n<p>&gt; &#8222;Unser Schulkonzept muss unbedingt erhalten bleiben&#8220; (http:\/\/regionalpeine.de\/unser-schulkonzept-muss-unbedingt-erhalten-bleiben\/.)<\/p>\n<p>&nbsp;<\/p>\n<p><strong>Presseartikel vom 15.09.2019<\/strong><\/p>\n<p><a href=\"https:\/\/wordpress.nibis.de\/gsschmedwolt\/files\/2019\/09\/ba4d6571-e036-4c1b-a65c-8fef43905d91.jpg\">&gt; Ausgezeichnet: IGS Peine zum zehnten Mal Umweltschule in Europa<\/a><\/p>\n<p>&nbsp;<\/p>\n<p><strong>Presseartikel vom 01.06.2019<\/strong><\/p>\n<p><a href=\"https:\/\/wordpress.nibis.de\/gsschmedwolt\/files\/2019\/06\/Artikel-1.6.19.pdf\">&gt; Dungelbeck, Schmedenstedt, Woltorf: Welche Schule muss schlie\u00dfen?<\/a><\/p>\n<p>&nbsp;<\/p>\n<p><strong>Presseartikel vom 04.05.2019<\/strong><\/p>\n<p><a href=\"https:\/\/wordpress.nibis.de\/gsschmedwolt\/files\/2019\/05\/2019-05-04-Sportabzeichen-001.pdf\">&gt; 7000 Euro f\u00fcr Schulen und Vereine\u00a0<\/a><\/p>\n<p>&nbsp;<\/p>\n<p><strong>Presseartikel vom 19.03.2019<\/strong><\/p>\n<p><a href=\"https:\/\/wordpress.nibis.de\/gsschmedwolt\/files\/2019\/03\/2019-03-19-PAZ-Projektwoche.pdf\">&gt; Schule unterm Regenbogen auf dem Weg zur Umweltschule (PAZ)<\/a><\/p>\n<p>&nbsp;<\/p>\n<p><strong>Presseartikel vom 23.02.2019<\/strong><\/p>\n<p><a href=\"https:\/\/wordpress.nibis.de\/gsschmedwolt\/files\/2019\/02\/Bildschirmfoto-2019-02-23-um-11.21.41.png\">&gt; Richtige M\u00fclltrennung? Unterm Regenbogen kein Problem (BZ)<\/a><\/p>\n<p>&nbsp;<\/p>\n<p><strong>2018:<\/strong><\/p>\n<p><strong>Presseartikel vom 28.11.2018<\/strong><\/p>\n<p><a href=\"http:\/\/wordpress.nibis.de\/gsschmedwolt\/files\/2018\/12\/Bildschirmfoto-2018-12-04-um-14.44.23.png\">&gt; Sozialtraining f\u00fcr Grundschulkinder (PAZ)<\/a><\/p>\n<p>&nbsp;<\/p>\n<p><strong>Presseartikel vom 07.11.2018<\/strong><\/p>\n<p><a href=\"http:\/\/wordpress.nibis.de\/gsschmedwolt\/files\/2018\/12\/Bildschirmfoto-2018-12-04-um-14.40.27.png\">&gt; Respekt gegen\u00fcber anderen &#8211; dann macht Lernen mehr Spa\u00df (BZ)<\/a><\/p>\n<p>&nbsp;<\/p>\n<p><strong>Presseartikel vom 17.05.2018<\/strong><\/p>\n<p><a href=\"http:\/\/wordpress.nibis.de\/gsschmedwolt\/files\/2018\/07\/170518-1.png\">&gt; Schmedenstedt: B\u00fccherei f\u00fcr die Grundschule (PAZ)<\/a><\/p>\n<p>&nbsp;<\/p>\n<p><strong>Presseartikel vom 16.05.2018<\/strong><\/p>\n<p><a href=\"http:\/\/wordpress.nibis.de\/gsschmedwolt\/files\/2018\/07\/2018-05-16-1.jpg\">&gt; Erst- und Zweitkl\u00e4ssler schm\u00f6kern in B\u00fcchern (Peiner Nachrichten)<\/a><\/p>\n<p>&nbsp;<\/p>\n<p><strong>2017:<\/strong><\/p>\n<p><strong>Presseartikel vom 10.11.2017<\/strong><\/p>\n<p><a href=\"http:\/\/wordpress.nibis.de\/gsschmedwolt\/files\/2018\/06\/2017-11-10_001.jpg\"><strong>\u00a0&gt;\u00a0<\/strong>Sch\u00fcler werden zu Energie-Managern (PAZ)<\/a><\/p>\n<p>&nbsp;<\/p>\n<p><strong>Presseartikel vom 10.11.2017<\/strong><\/p>\n<p><a href=\"http:\/\/wordpress.nibis.de\/gsschmedwolt\/files\/2018\/06\/2017-11-10_-002.jpg\">&gt; &#8222;Respect&#8220;: Gewaltpr\u00e4vention in Schmedenstedt (PAZ)<\/a><\/p>\n<p>&nbsp;<\/p>\n<p><strong>2016:<\/strong><\/p>\n<p><strong>Presseartikel vom 20.10.2016<\/strong><\/p>\n<p><a href=\"http:\/\/wordpress.nibis.de\/gsschmedwolt\/files\/2018\/07\/2016-10-20.jpg\">&gt; B\u00fcrgerstiftung f\u00f6rdert Gewaltpr\u00e4vention (PAZ)<\/a><\/p>\n<p>&nbsp;<\/p>\n<p><strong>Presseartikel vom 28.04.2016<\/strong><\/p>\n<p><a href=\"http:\/\/wordpress.nibis.de\/gsschmedwolt\/files\/2018\/06\/2016-04-28.jpg\">&gt; Sch\u00fcler trainierten Strategien f\u00fcr eine gewaltfreie Konfliktl\u00f6sung (PAZ<\/a>)<\/p>\n<p>&nbsp;<\/p>\n<p><strong>2015:<\/strong><\/p>\n<p><strong>Presseartikel vom 19.09.2015<\/strong><\/p>\n<p><a href=\"http:\/\/wordpress.nibis.de\/gsschmedwolt\/files\/2018\/07\/2015-09-19.jpg\">40 Jahre Schule unterm Regenbogen: Gro\u00dfes Fest in Schmedenstedt (PAZ)<\/a><\/p>\n<p>&nbsp;<\/p>\n<p><strong>2013:<\/strong><\/p>\n<p><strong>Presseartikel vom 03.05.2013<\/strong><\/p>\n<p><a href=\"http:\/\/wordpress.nibis.de\/gsschmedwolt\/files\/2018\/07\/2013-05-03.jpg\">&gt; 40 Jahre Schule unterm Regenbogen: Gro\u00dfes Fest in Schmedenstedt (PAZ)<\/a><\/p>\n<p>&nbsp;<\/p>\n<p><strong>2012:<\/strong><\/p>\n<p><strong>Presseartikel aus 2012<\/strong><\/p>\n<p><a href=\"http:\/\/wordpress.nibis.de\/gsschmedwolt\/files\/2018\/07\/2012.jpg\">&gt; Kinder sollen in &#8222;Schule unterm Regenbogen&#8220; gehen (PAZ)<\/a><\/p>\n<p>&nbsp;<\/p>\n<p><strong>2011:<\/strong><\/p>\n<p><strong>Presseartikel vom 12.10.2011<\/strong><\/p>\n<p><a href=\"http:\/\/wordpress.nibis.de\/gsschmedwolt\/files\/2018\/07\/2011-10-12.jpg\">Sch\u00fcler-Aktion in Schmedenstedt: 167 Autos in einer Stunde gestoppt (PAZ)<\/a><\/p>\n<p>&nbsp;<\/p>\n<p><strong>Presseartikel vom 26.03.2011<\/strong><\/p>\n<p><a href=\"http:\/\/wordpress.nibis.de\/gsschmedwolt\/files\/2018\/07\/2011-03-26.jpg\">Musical-Kids verzauberten im Peiner Forum (PAZ)<\/a><\/p>\n<p>&nbsp;<\/p>\n<p><strong>2009:<\/strong><\/p>\n<p><strong>Presseartikel vom 28.03.2009<\/strong><\/p>\n<p><a href=\"http:\/\/wordpress.nibis.de\/gsschmedwolt\/files\/2018\/07\/2009-03-28.jpg\">&gt; Kunterbuntes Spektakel (PAZ)<\/a><\/p>\n<p>&nbsp;<\/p>\n<p><strong>2007:<\/strong><\/p>\n<p><strong>Presseartikel vom 06.12.2007<\/strong><\/p>\n<p><a href=\"http:\/\/wordpress.nibis.de\/gsschmedwolt\/files\/2018\/07\/2007-12-06_001.jpg\">&gt; Wenn der Walkauz aus der Dunkelheit ruft (PAZ)<\/a><\/p>\n<p><a href=\"http:\/\/wordpress.nibis.de\/gsschmedwolt\/files\/2018\/07\/2007-12-06_002.jpg\">&gt; Gesund, lecker und fast alles mit der Hand gemacht (Peiner Nachrichten)<\/a><\/p>\n","protected":false},"excerpt":{"rendered":"<p>Auf dieser Seite k\u00f6nnen Sie sich unter den folgenden Links Presseartikel der vergangenen Jahre herunterladen: 2026: Presseartikel vom 17.03.2026 &gt; Manege frei f\u00fcr Kinder in Woltorf 2024: Presseartikel vom 24.09.2025 &gt; Woltorf feiert 50 Jahre Grundschulverbund 2023: Presseartikel vom 11.11.2023 &gt; Ortsrat Woltorf lehnt Schulschlie\u00dfung im Ort ab. &gt; Zukunft des Woltorfer Schulstandorts: Was ist [&hellip;]<\/p>\n","protected":false},"author":9192595,"featured_media":0,"parent":33,"menu_order":0,"comment_status":"closed","ping_status":"closed","template":"template-full-width.php","meta":{"footnotes":""},"class_list":["post-130","page","type-page","status-publish","hentry"],"_links":{"self":[{"href":"https:\/\/wordpress.nibis.de\/gsschmedwolt\/wp-json\/wp\/v2\/pages\/130","targetHints":{"allow":["GET"]}}],"collection":[{"href":"https:\/\/wordpress.nibis.de\/gsschmedwolt\/wp-json\/wp\/v2\/pages"}],"about":[{"href":"https:\/\/wordpress.nibis.de\/gsschmedwolt\/wp-json\/wp\/v2\/types\/page"}],"author":[{"embeddable":true,"href":"https:\/\/wordpress.nibis.de\/gsschmedwolt\/wp-json\/wp\/v2\/users\/9192595"}],"replies":[{"embeddable":true,"href":"https:\/\/wordpress.nibis.de\/gsschmedwolt\/wp-json\/wp\/v2\/comments?post=130"}],"version-history":[{"count":77,"href":"https:\/\/wordpress.nibis.de\/gsschmedwolt\/wp-json\/wp\/v2\/pages\/130\/revisions"}],"predecessor-version":[{"id":5943,"href":"https:\/\/wordpress.nibis.de\/gsschmedwolt\/wp-json\/wp\/v2\/pages\/130\/revisions\/5943"}],"up":[{"embeddable":true,"href":"https:\/\/wordpress.nibis.de\/gsschmedwolt\/wp-json\/wp\/v2\/pages\/33"}],"wp:attachment":[{"href":"https:\/\/wordpress.nibis.de\/gsschmedwolt\/wp-json\/wp\/v2\/media?parent=130"}],"curies":[{"name":"wp","href":"https:\/\/api.w.org\/{rel}","templated":true}]}}