{"id":140,"date":"2018-05-07T23:11:19","date_gmt":"2018-05-07T21:11:19","guid":{"rendered":"http:\/\/wordpress.nibis.de\/gsschmedwolt\/?page_id=140"},"modified":"2026-04-21T15:00:03","modified_gmt":"2026-04-21T13:00:03","slug":"schulanfaengerheft","status":"publish","type":"page","link":"https:\/\/wordpress.nibis.de\/gsschmedwolt\/organisation\/schulanfaengerheft\/","title":{"rendered":"Leitfaden f\u00fcr Eltern"},"content":{"rendered":"<p><img loading=\"lazy\" decoding=\"async\" class=\"alignright wp-image-508\" src=\"http:\/\/wordpress.nibis.de\/gsschmedwolt\/files\/2018\/06\/fragenn.png\" alt=\"\" width=\"416\" height=\"234\" srcset=\"https:\/\/wordpress.nibis.de\/gsschmedwolt\/files\/2018\/06\/fragenn.png 815w, https:\/\/wordpress.nibis.de\/gsschmedwolt\/files\/2018\/06\/fragenn-300x169.png 300w, https:\/\/wordpress.nibis.de\/gsschmedwolt\/files\/2018\/06\/fragenn-768x433.png 768w\" sizes=\"auto, (max-width: 416px) 100vw, 416px\" \/>Liebe Eltern,<\/p>\n<p>mit unserem Leitfaden f\u00fcr Eltern wollen wir Ihnen die wichtigsten Informationen rund um unsere Schule zur Verf\u00fcgung stellen.<\/p>\n<p>Wir hoffen, dass wir damit viele Ihrer Fragen beantworten k\u00f6nnen.<\/p>\n<p>Den Leitfaden f\u00fcr Eltern f\u00fcr das neue Schuljahr k\u00f6nnen Sie sich an dieser Stelle bald herunterladen:<\/p>\n","protected":false},"excerpt":{"rendered":"<p>Liebe Eltern, mit unserem Leitfaden f\u00fcr Eltern wollen wir Ihnen die wichtigsten Informationen rund um unsere Schule zur Verf\u00fcgung stellen. Wir hoffen, dass wir damit viele Ihrer Fragen beantworten k\u00f6nnen. Den Leitfaden f\u00fcr Eltern f\u00fcr das neue Schuljahr k\u00f6nnen Sie sich an dieser Stelle bald herunterladen:<\/p>\n","protected":false},"author":9192595,"featured_media":0,"parent":35,"menu_order":0,"comment_status":"closed","ping_status":"closed","template":"template-full-width.php","meta":{"footnotes":""},"class_list":["post-140","page","type-page","status-publish","hentry"],"_links":{"self":[{"href":"https:\/\/wordpress.nibis.de\/gsschmedwolt\/wp-json\/wp\/v2\/pages\/140","targetHints":{"allow":["GET"]}}],"collection":[{"href":"https:\/\/wordpress.nibis.de\/gsschmedwolt\/wp-json\/wp\/v2\/pages"}],"about":[{"href":"https:\/\/wordpress.nibis.de\/gsschmedwolt\/wp-json\/wp\/v2\/types\/page"}],"author":[{"embeddable":true,"href":"https:\/\/wordpress.nibis.de\/gsschmedwolt\/wp-json\/wp\/v2\/users\/9192595"}],"replies":[{"embeddable":true,"href":"https:\/\/wordpress.nibis.de\/gsschmedwolt\/wp-json\/wp\/v2\/comments?post=140"}],"version-history":[{"count":20,"href":"https:\/\/wordpress.nibis.de\/gsschmedwolt\/wp-json\/wp\/v2\/pages\/140\/revisions"}],"predecessor-version":[{"id":6026,"href":"https:\/\/wordpress.nibis.de\/gsschmedwolt\/wp-json\/wp\/v2\/pages\/140\/revisions\/6026"}],"up":[{"embeddable":true,"href":"https:\/\/wordpress.nibis.de\/gsschmedwolt\/wp-json\/wp\/v2\/pages\/35"}],"wp:attachment":[{"href":"https:\/\/wordpress.nibis.de\/gsschmedwolt\/wp-json\/wp\/v2\/media?parent=140"}],"curies":[{"name":"wp","href":"https:\/\/api.w.org\/{rel}","templated":true}]}}