{"id":1456,"date":"2019-03-06T17:48:30","date_gmt":"2019-03-06T16:48:30","guid":{"rendered":"https:\/\/wordpress.nibis.de\/gsschmedwolt\/?page_id=1456"},"modified":"2020-12-18T11:22:46","modified_gmt":"2020-12-18T10:22:46","slug":"energie-sparen","status":"publish","type":"page","link":"https:\/\/wordpress.nibis.de\/gsschmedwolt\/schulprofil\/umweltschule\/energie-sparen\/","title":{"rendered":"Energie sparen"},"content":{"rendered":"\r\n<p><span style=\"font-size: 18pt\"><strong>Durchf\u00fchrung des Langzeitprojekts \u201cEnergie\u201c\u00a0<\/strong><\/span><\/p>\r\n\r\n\r\n\r\n<p><strong>7. M\u00e4rz 2017<\/strong><\/p>\r\n\r\n\r\n\r\n<p>Beratung durch den Energiemanager Herrn Steinberg<\/p>\r\n\r\n\r\n\r\n<ul class=\"wp-block-list\">\r\n<li>Ausleihe des <strong>Energie-Spar-Koffers<\/strong> f\u00fcr den Einsatz im Unterricht (digitales Thermometer, CO2 Datenlogger, Lux Messger\u00e4t)<\/li>\r\n<\/ul>\r\n\r\n\r\n\r\n<ul class=\"wp-block-list\">\r\n<li><strong>Langzeittemperaturmessung<\/strong> in Schmedenstedt (Turnhalle, Flur unten, Klassenraum der 2. Klasse, Lehrerzimmer) und\u00a0Woltorf (Klassenraum rot, Flur unten, Lehrerzimmer, Klassenraum gelb) zur Heizungsoptimierung in Zusammenarbeit mit dem Hausmeister<\/li>\r\n<\/ul>\r\n\r\n\r\n\r\n<p>&nbsp;<\/p>\r\n<p><strong>Ab Beginn des Schuljahres 2017\/18<\/strong><\/p>\r\n\r\n\r\n\r\n<p>Praktische Umsetzung des Themas \u201cEnergie\u201c im Unterrichtsalltag aller Klassen<\/p>\r\n\r\n\r\n\r\n<ul class=\"wp-block-list\">\r\n<li>Anbringen von <strong>Hinweisschildern<\/strong> in beiden Schulh\u00e4usern (Lichtschalter, Waschbecken, Papierhandt\u00fccher, L\u00fcftungsfenster)<\/li>\r\n<\/ul>\r\n\r\n\r\n\r\n<p>Einf\u00fchrung eines <strong>Energiedienstes<\/strong> in jeder Klasse, der sich f\u00fcr die Umsetzung folgender Ma\u00dfnahmen verantwortlich f\u00fchlt:<\/p>\r\n\r\n\r\n\r\n<ul class=\"wp-block-list\">\r\n<li>Licht aus, wenn man den Raum verl\u00e4sst<\/li>\r\n<li>Stecker von nicht benutzten Ger\u00e4ten aus der Steckdose ziehen<\/li>\r\n<li>T\u00fcren schlie\u00dfen<\/li>\r\n<li>Sto\u00dfl\u00fcften (Heizung aus)<\/li>\r\n<li>Wasser nicht unn\u00f6tig laufen lassen<\/li>\r\n<li>nur ein Papierhandtuch benutzen<\/li>\r\n<li>M\u00fcll trennen (mit Hilfe der daf\u00fcr vorgesehenen M\u00fclleimer in jedem Klassenraum)<\/li>\r\n<\/ul>\r\n\r\n\r\n\r\n<p>Umsetzung des Themas \u201cEnergie\u201c im Unterricht Klasse 3<\/p>\r\n\r\n\r\n\r\n<ul class=\"wp-block-list\">\r\n<li>Messungen, Vergleiche und \u00c4nderungen der Temperatur durch einfache Ma\u00dfnahmen in Klassenr\u00e4umen, im Flur und drau\u00dfen<\/li>\r\n<li>Installieren eines CO2\u00a0Messger\u00e4tes \u00fcber einen Zeitraum von ca 2 Monaten, um optimale L\u00fcftungsgewohnheiten zu entwickeln<\/li>\r\n<li>Erarbeitung von Plakaten und Referaten zum Thema Energie:\u00a0<\/li>\r\n<\/ul>\r\n\r\n\r\n\r\n<p><em>Wie funktioniert eine Biogasanlage?\u00a0<\/em><\/p>\r\n\r\n\r\n\r\n<p><em>Welche erneuerbaren Energien nutzen wir?\u00a0<\/em><\/p>\r\n\r\n\r\n\r\n<p><em>Wodurch entsteht der Treibhauseffekt?\u00a0<\/em><\/p>\r\n\r\n\r\n\r\n<p><em>Was passiert mit unserem M\u00fcll?\u00a0<\/em><\/p>\r\n\r\n\r\n\r\n<p><em>Solarenergie<\/em><\/p>\r\n\r\n\r\n\r\n<p><em>Wasserkraft<\/em><\/p>\r\n","protected":false},"excerpt":{"rendered":"<p>Durchf\u00fchrung des Langzeitprojekts \u201cEnergie\u201c\u00a0 7. M\u00e4rz 2017 Beratung durch den Energiemanager Herrn Steinberg Ausleihe des Energie-Spar-Koffers f\u00fcr den Einsatz im Unterricht (digitales Thermometer, CO2 Datenlogger, Lux Messger\u00e4t) Langzeittemperaturmessung in Schmedenstedt (Turnhalle, Flur unten, Klassenraum der 2. Klasse, Lehrerzimmer) und\u00a0Woltorf (Klassenraum rot, Flur unten, Lehrerzimmer, Klassenraum gelb) zur Heizungsoptimierung in Zusammenarbeit mit dem Hausmeister &nbsp; Ab [&hellip;]<\/p>\n","protected":false},"author":9192595,"featured_media":0,"parent":108,"menu_order":0,"comment_status":"closed","ping_status":"closed","template":"template-full-width.php","meta":{"footnotes":""},"class_list":["post-1456","page","type-page","status-publish","hentry"],"_links":{"self":[{"href":"https:\/\/wordpress.nibis.de\/gsschmedwolt\/wp-json\/wp\/v2\/pages\/1456","targetHints":{"allow":["GET"]}}],"collection":[{"href":"https:\/\/wordpress.nibis.de\/gsschmedwolt\/wp-json\/wp\/v2\/pages"}],"about":[{"href":"https:\/\/wordpress.nibis.de\/gsschmedwolt\/wp-json\/wp\/v2\/types\/page"}],"author":[{"embeddable":true,"href":"https:\/\/wordpress.nibis.de\/gsschmedwolt\/wp-json\/wp\/v2\/users\/9192595"}],"replies":[{"embeddable":true,"href":"https:\/\/wordpress.nibis.de\/gsschmedwolt\/wp-json\/wp\/v2\/comments?post=1456"}],"version-history":[{"count":9,"href":"https:\/\/wordpress.nibis.de\/gsschmedwolt\/wp-json\/wp\/v2\/pages\/1456\/revisions"}],"predecessor-version":[{"id":3530,"href":"https:\/\/wordpress.nibis.de\/gsschmedwolt\/wp-json\/wp\/v2\/pages\/1456\/revisions\/3530"}],"up":[{"embeddable":true,"href":"https:\/\/wordpress.nibis.de\/gsschmedwolt\/wp-json\/wp\/v2\/pages\/108"}],"wp:attachment":[{"href":"https:\/\/wordpress.nibis.de\/gsschmedwolt\/wp-json\/wp\/v2\/media?parent=1456"}],"curies":[{"name":"wp","href":"https:\/\/api.w.org\/{rel}","templated":true}]}}