{"id":1471,"date":"2019-03-06T18:06:08","date_gmt":"2019-03-06T17:06:08","guid":{"rendered":"https:\/\/wordpress.nibis.de\/gsschmedwolt\/?page_id=1471"},"modified":"2020-12-18T11:23:08","modified_gmt":"2020-12-18T10:23:08","slug":"muelltrennung-in-der-schule-unterm-regenbogen","status":"publish","type":"page","link":"https:\/\/wordpress.nibis.de\/gsschmedwolt\/schulprofil\/umweltschule\/muelltrennung-in-der-schule-unterm-regenbogen\/","title":{"rendered":"M\u00fclltrennung in der Schule unterm Regenbogen"},"content":{"rendered":"\r\n<p><span style=\"font-size: 18pt\"><strong>Abfalltrennung und Entsorgung<\/strong><\/span><\/p>\r\n<div id='gallery-1' class='gallery galleryid-1471 gallery-columns-3 gallery-size-medium'><figure class='gallery-item'>\n\t\t\t<div class='gallery-icon portrait'>\n\t\t\t\t<a href='https:\/\/wordpress.nibis.de\/gsschmedwolt\/files\/2019\/02\/M\u00fclltrennung-1.jpg'><img loading=\"lazy\" decoding=\"async\" width=\"225\" height=\"300\" src=\"https:\/\/wordpress.nibis.de\/gsschmedwolt\/files\/2019\/02\/M\u00fclltrennung-1-225x300.jpg\" class=\"attachment-medium size-medium\" alt=\"\" srcset=\"https:\/\/wordpress.nibis.de\/gsschmedwolt\/files\/2019\/02\/M\u00fclltrennung-1-225x300.jpg 225w, https:\/\/wordpress.nibis.de\/gsschmedwolt\/files\/2019\/02\/M\u00fclltrennung-1-768x1024.jpg 768w, https:\/\/wordpress.nibis.de\/gsschmedwolt\/files\/2019\/02\/M\u00fclltrennung-1-450x600.jpg 450w, https:\/\/wordpress.nibis.de\/gsschmedwolt\/files\/2019\/02\/M\u00fclltrennung-1.jpg 960w\" sizes=\"auto, (max-width: 225px) 100vw, 225px\" \/><\/a>\n\t\t\t<\/div><\/figure>\n\t\t<\/div>\n\r\n<p><span style=\"font-size: 18pt\"><strong>Abfalltrennung<\/strong><\/span><\/p>\r\n<p><strong>Restm\u00fcll<\/strong>: Anspitzerreste, Taschent\u00fccher, Butterbrotpapier, Papierhandt\u00fccher<\/p>\r\n<p><strong>Biotonne (Schme):\u00a0<\/strong>Bananenschalen, Zitrusfr\u00fcchte, Melone, Essensreste, Kaffeefilter\/Pads, Obst-, Gem\u00fcsereste<\/p>\r\n<p><strong>Biotonne (Wo):\u00a0<\/strong>Bananenschalen, Zitrusfr\u00fcchte, Melone, Essensreste, Kaffeefilter\/Pads<\/p>\r\n<p><strong>Kompost (Wo):\u00a0<\/strong>Obst-, Gem\u00fcsereste<\/p>\r\n<p><strong>Gelber Sack:\u00a0<\/strong>Trinkp\u00e4ckchen, laminiertes Papier, Verpackungsm\u00fcll<\/p>\r\n<p><strong>Papier:\u00a0<\/strong>Papier, Pappe<\/p>\r\n<p>&nbsp;<\/p>\r\n<p><span style=\"font-size: 18pt\"><strong>Standorte M\u00fclleimer<\/strong><\/span><\/p>\r\n<p><strong>Klassenraum:\u00a0<\/strong>rot\/ Restm\u00fcll, gelb\/gelber Sack, blau\/ Papier, gr\u00fcn\/Biotonne, braun\/ Kompost (nur Woltorf)<\/p>\r\n<p>1a\/b\u221a, 2a\/b\u221a, 3a (braun), 3b (gelb\/braun), 4a (braun), 4b (braun)<\/p>\r\n<p><strong>Lehrerzimmer:<\/strong>\u00a0rot\/ Restm\u00fcll, gelb\/ gelber Sack, blau\/ Papier,<\/p>\r\n<p>Schmedenstedt (gr\u00fcn raus), Woltorf (blau)<\/p>\r\n<p><strong>Kopierraum:<\/strong> blau\/Papier, gelb\/ gelber Sack<\/p>\r\n<p>Schmedenstedt (blau, gelb), Woltorf (blau, gelb)<\/p>\r\n<p><strong>Flurbereich:<\/strong>\u00a0rot\/ Restm\u00fcll, gelb\/gelber Sack, blau\/ Papier, gr\u00fcn\/Biotonne, braun\/ Kompost (nur Woltorf)<\/p>\r\n<p>Schmedenstedt (rot, gelb, gr\u00fcn, blau)\u00a0\u00a0\u00a0 Woltorf (rot, gelb, gr\u00fcn, blau, braun)\u00a0\u00a0\u00a0<\/p>\r\n<p><strong>Betreuung:<\/strong> rot\/ Restm\u00fcll, gelb\/gelber Sack, blau\/ Papier, gr\u00fcn\/Biotonne<\/p>\r\n<p>(rot, gelb, gr\u00fcn, blau)\u00a0\u00a0\u00a0<\/p>\r\n<p><strong>Werkraum:<\/strong> rot\/ Restm\u00fcll, gelb\/gelber Sack, blau\/ Papier<\/p>\r\n<p>(rot, gelb, blau)<\/p>\r\n<p><strong>Computerraum:<\/strong>\u00a0rot\/ Restm\u00fcll, blau\/ Papier<\/p>\r\n<p>(rot, blau)<\/p>\r\n<p><strong>Verwaltung:<\/strong> rot\/ Restm\u00fcll, gelb\/ gelber Sack, 2 blau\/ Papier\u00a0<\/p>\r\n<p>(rot, gelb, 2 blau)<\/p>\r\n<p>-&gt;\u00a0Alte M\u00fclleimer nach Woltorf (Dachboden)<\/p>\r\n<p>&nbsp;<\/p>\r\n<p><span style=\"font-size: 18pt\"><strong>Beutel<\/strong><\/span><\/p>\r\n<ul>\r\n<li>Alle M\u00fcllbeutel werden mehrfach benutzt<\/li>\r\n<li>Biom\u00fclls\u00e4cke in Biom\u00fclleimer und Komposteimer<\/li>\r\n<li>M\u00fcllbeutel in Restm\u00fcll, gelber Sack<\/li>\r\n<\/ul>\r\n<p>&nbsp;<\/p>\r\n<p><span style=\"font-size: 18pt\"><strong>Standort M\u00fclltonnen<\/strong><\/span><\/p>\r\n<ul>\r\n<li>Biotonne \u2013 Schulhof Schmedenstedt\/ Woltorf<\/li>\r\n<li>gelber Sack \u2013 Sammelbeh\u00e4lter Flur Schmedenstedt\/ Flur Woltorf<\/li>\r\n<li>Kompost \u2013 Schulgarten Woltorf<\/li>\r\n<\/ul>\r\n<p>&nbsp;<\/p>\r\n<p><span style=\"font-size: 18pt\"><strong>Handlungsanweisungen<\/strong><\/span><\/p>\r\n<p><strong>Lehrer<\/strong><\/p>\r\n<ul>\r\n<li>M\u00fclldienst einf\u00fchren (Biotonne, gelber Sack, Kompost nur in Woltorf)<\/li>\r\n<li>M\u00fcllbeutel in Biom\u00fcll-, Komposteimer, gelber Sack nach Bedarf auswechseln<\/li>\r\n<\/ul>\r\n<p><strong>Sch\u00fcler<\/strong><\/p>\r\n<ul>\r\n<li>M\u00fclldienst entsorgt Biom\u00fcll in der M\u00fclltonne auf dem Schulhof<\/li>\r\n<li>M\u00fclldienst in Woltorf entsorgt Kompostm\u00fcll im Schulgarten<\/li>\r\n<li>M\u00fclldienst entsorgt gelben Sack an der Sammelstelle (Schmedenstedt \u2013 unter der Treppe, Woltorf- neben dem Waschbecken)<\/li>\r\n<li>Klasse 2 und 4 leeren gelben Sack, Biom\u00fcll, Kompostm\u00fcll in den Fluren und im Werkraum aus<\/li>\r\n<li>M\u00fclldienst in der 2 gro\u00dfe Pause durchf\u00fchren<\/li>\r\n<li>Kein M\u00fcll mehr in Metallm\u00fclleimer auf den Schulh\u00f6fen, sondern in farbige Eimer am Schuleingang werfen<\/li>\r\n<\/ul>\r\n<p><strong>Hausmeister<\/strong><\/p>\r\n<ul>\r\n<li>M\u00fcllbeutelrollen in den Klassen (Reserve in LZ Schmedenstedt und Woltorf) und f\u00fcr die Reinigungskr\u00e4fte bereitstellen<\/li>\r\n<li>Metallm\u00fclleimer (mit gelbem Deckel) f\u00fcr Sammelstellen in Schmedenstedt und Woltorf bei der Stadt bestellen<\/li>\r\n<li>Metallm\u00fclleimer auf dem Schulhof ausleeren<\/li>\r\n<li>M\u00fclltonnen zur Abholung rausstellen<\/li>\r\n<\/ul>\r\n<p><strong>Reinigungskr\u00e4fte<\/strong><\/p>\r\n<ul>\r\n<li>Papier-, Restm\u00fcll ausleeren<\/li>\r\n<li>M\u00fcllbeutel in Restm\u00fcll nur nach Bedarf auswechseln<\/li>\r\n<\/ul>\r\n<p><strong>Betreuung<\/strong><\/p>\r\n<ul>\r\n<li>Biom\u00fcll in der M\u00fclltonne auf dem Schulhof entsorgen<\/li>\r\n<li>gelben Sack an der Sammelstelle (Schmedenstedt \u2013 unter der Treppe, Woltorf- neben dem Waschbecken) entsorgen<\/li>\r\n<\/ul>\r\n<p><strong>P\u00e4d. Mittagstisch<\/strong> (in allen genutzten R\u00e4umen)<\/p>\r\n<ul>\r\n<li>Biom\u00fcll in der M\u00fclltonne auf dem Schulhof entsorgen<\/li>\r\n<li>gelben Sack an der Sammelstelle (neben dem Waschbecken) entsorgen<\/li>\r\n<li>Kompostm\u00fcll ausleeren<\/li>\r\n<\/ul>\r\n\r\n\r\n","protected":false},"excerpt":{"rendered":"<p>Abfalltrennung und Entsorgung Abfalltrennung Restm\u00fcll: Anspitzerreste, Taschent\u00fccher, Butterbrotpapier, Papierhandt\u00fccher Biotonne (Schme):\u00a0Bananenschalen, Zitrusfr\u00fcchte, Melone, Essensreste, Kaffeefilter\/Pads, Obst-, Gem\u00fcsereste Biotonne (Wo):\u00a0Bananenschalen, Zitrusfr\u00fcchte, Melone, Essensreste, Kaffeefilter\/Pads Kompost (Wo):\u00a0Obst-, Gem\u00fcsereste Gelber Sack:\u00a0Trinkp\u00e4ckchen, laminiertes Papier, Verpackungsm\u00fcll Papier:\u00a0Papier, Pappe &nbsp; Standorte M\u00fclleimer Klassenraum:\u00a0rot\/ Restm\u00fcll, gelb\/gelber Sack, blau\/ Papier, gr\u00fcn\/Biotonne, braun\/ Kompost (nur Woltorf) 1a\/b\u221a, 2a\/b\u221a, 3a (braun), 3b (gelb\/braun), 4a (braun), [&hellip;]<\/p>\n","protected":false},"author":9192595,"featured_media":0,"parent":108,"menu_order":0,"comment_status":"closed","ping_status":"closed","template":"template-full-width.php","meta":{"footnotes":""},"class_list":["post-1471","page","type-page","status-publish","hentry"],"_links":{"self":[{"href":"https:\/\/wordpress.nibis.de\/gsschmedwolt\/wp-json\/wp\/v2\/pages\/1471","targetHints":{"allow":["GET"]}}],"collection":[{"href":"https:\/\/wordpress.nibis.de\/gsschmedwolt\/wp-json\/wp\/v2\/pages"}],"about":[{"href":"https:\/\/wordpress.nibis.de\/gsschmedwolt\/wp-json\/wp\/v2\/types\/page"}],"author":[{"embeddable":true,"href":"https:\/\/wordpress.nibis.de\/gsschmedwolt\/wp-json\/wp\/v2\/users\/9192595"}],"replies":[{"embeddable":true,"href":"https:\/\/wordpress.nibis.de\/gsschmedwolt\/wp-json\/wp\/v2\/comments?post=1471"}],"version-history":[{"count":8,"href":"https:\/\/wordpress.nibis.de\/gsschmedwolt\/wp-json\/wp\/v2\/pages\/1471\/revisions"}],"predecessor-version":[{"id":3531,"href":"https:\/\/wordpress.nibis.de\/gsschmedwolt\/wp-json\/wp\/v2\/pages\/1471\/revisions\/3531"}],"up":[{"embeddable":true,"href":"https:\/\/wordpress.nibis.de\/gsschmedwolt\/wp-json\/wp\/v2\/pages\/108"}],"wp:attachment":[{"href":"https:\/\/wordpress.nibis.de\/gsschmedwolt\/wp-json\/wp\/v2\/media?parent=1471"}],"curies":[{"name":"wp","href":"https:\/\/api.w.org\/{rel}","templated":true}]}}