{"id":1492,"date":"2019-03-08T10:28:50","date_gmt":"2019-03-08T09:28:50","guid":{"rendered":"https:\/\/wordpress.nibis.de\/gsschmedwolt\/?page_id=1492"},"modified":"2020-12-18T11:23:35","modified_gmt":"2020-12-18T10:23:35","slug":"projektwoche-alles-muell-oder-was","status":"publish","type":"page","link":"https:\/\/wordpress.nibis.de\/gsschmedwolt\/schulprofil\/umweltschule\/projektwoche-alles-muell-oder-was\/","title":{"rendered":"Projektwoche &#8222;Alles M\u00fcll, oder was?&#8220;"},"content":{"rendered":"<p>Im Rahmen der Zertifizierung zur Umweltschule in Europa fand in der Woche vom 18.02.-22.02.2019 unsere Projektwoche zum Thema &#8222;Alles M\u00fcll, oder was? &#8211; Auf dem Weg zur Umweltschule&#8220; statt.<\/p>\n<p>Alle Sch\u00fclerinnen und Sch\u00fcler besuchten mit ihrem Jahrgang einen au\u00dferschulischen Lernort. Weitere Informationen zu den Besuchen der au\u00dferschulischen Lernorte finden Sie unter dem folgenden Link:<\/p>\n<p><a href=\"https:\/\/wordpress.nibis.de\/gsschmedwolt\/schulprofil\/umweltschule\/projektwoche-alles-muell-oder-was\/ausserschulische-lernorte\/\">&gt; Au\u00dferschulische Lernorte<\/a><\/p>\n<p>An den anderen Tagen haben sich die Sch\u00fclerinnen und Sch\u00fcler mit den Themen M\u00fcllvermeidung, Ressourcenschonung sowie M\u00fclltrennung auseinandergesetzt. Sie erarbeiteten aus M\u00fcll Upcycling-Produkte sowie eine Modenschau aus dem Jahr 2222 und bepflanzten Kisteng\u00e4rten f\u00fcr den Standort Schmedenstedt. Ergebnisse dieser Arbeiten und weitere Informationen finden Sie unter dem folgenden Link:<\/p>\n<p><a href=\"https:\/\/wordpress.nibis.de\/gsschmedwolt\/schulprofil\/umweltschule\/projektwoche-alles-muell-oder-was\/ergebnisse-der-projektwoche\/\">&gt; Ergebnisse der Projektwoche<\/a><\/p>\n<p>Weitere Informationen zum Thema M\u00fclltrennung in der Schule unterm Regenbogen finden Sie unter dem folgenden Link:<\/p>\n<p><a href=\"https:\/\/wordpress.nibis.de\/gsschmedwolt\/schulprofil\/umweltschule\/muelltrennung-in-der-schule-unterm-regenbogen\/\">&gt; M\u00fclltrennung in der Schule unterm Regenbogen<\/a><\/p>\n<p>Am Abschlusstag unserer Projektwoche besuchte uns schlie\u00dflich das &#8222;Achja! Theater&#8220; aus Essen. In der Sporthalle in Schmedenstedt durften wir uns das \u00f6kologische Musiktheaterst\u00fcck &#8222;Motte will Meer&#8220; ansehen, welches sich mit den Themen Plastik, M\u00fcllvermeidung und M\u00fcllsortierung besch\u00e4ftigt. Fotos dieser Veranstaltung finden Sie unter dem folgenden Link:<\/p>\n<p><a href=\"https:\/\/wordpress.nibis.de\/gsschmedwolt\/schulprofil\/umweltschule\/projektwoche-alles-muell-oder-was\/motte-will-meer\/\">&gt; Motte will Meer<\/a><\/p>\n<p>Am 22.02.2019 war es dann endlich soweit. Die gro\u00dfe Abschlussveranstaltung der Projektwoche stand vor der T\u00fcr. Viele Besucher waren der Einladung gefolgt und konnten die zahlreichen Ergebnisse der Projektwoche der Schule unterm Regenbogen bestaunen.<\/p>\n<p>Die vier Sieger-PowerPoint-Pr\u00e4sentationen der Sch\u00fclerinnen und Sch\u00fcler der 4. Klassen zum Thema &#8222;Plastikm\u00fcll im Meer&#8220; k\u00f6nnen Sie sich unter folgendem Link erneut herunterladen:<\/p>\n<p><a href=\"https:\/\/wordpress.nibis.de\/gsschmedwolt\/schulprofil\/umweltschule\/projektwoche-alles-muell-oder-was\/plastikmuell-im-meer\/\">&gt; Plastikm\u00fcll im Meer<\/a><\/p>\n<p>Des Weiteren k\u00f6nnen Sie sich unter folgenden Links weitere Informationen zu unserer Projektwoche herunterladen:<\/p>\n<p><a href=\"https:\/\/wordpress.nibis.de\/gsschmedwolt\/files\/2019\/02\/Bildschirmfoto-2019-02-13-um-21.22.57.png\">&gt; Einladung zur Pr\u00e4sentation der Projektwoche<\/a><\/p>\n<p><a href=\"https:\/\/wordpress.nibis.de\/gsschmedwolt\/files\/2019\/03\/2019-02-Elternbrief-Projektwoche.pdf\">&gt; Elternbrief zur Projektwoche<\/a><\/p>\n<p><a href=\"https:\/\/wordpress.nibis.de\/gsschmedwolt\/files\/2019\/02\/Bildschirmfoto-2019-02-13-um-21.22.22.png\">&gt; Ablauf Pr\u00e4sentation der Projektwoche<\/a><\/p>\n<p><a href=\"https:\/\/wordpress.nibis.de\/gsschmedwolt\/files\/2019\/03\/2019-02-13-Plan-Projektwoche.pdf\">&gt; Plan der Projektwoche<\/a><\/p>\n<p>&nbsp;<\/p>\n<p><strong>Schule unterm Regenbogen erh\u00e4lt Patenschaft f\u00fcr Pottwal<\/strong><\/p>\n<p>Im Zuge unserer Projektwoche konnten wir der Umweltorganisation OceanCare einen Spendenscheck von 350 \u20ac \u00fcberreichen. OceanCare bedankte sich hierf\u00fcr bei uns mit einer Patenschaft f\u00fcr einen im Mittelmeer lebenden Pottwal.<\/p>\n<div id='gallery-1' class='gallery galleryid-1492 gallery-columns-3 gallery-size-medium'><figure class='gallery-item'>\n\t\t\t<div class='gallery-icon landscape'>\n\t\t\t\t<a href='https:\/\/wordpress.nibis.de\/gsschmedwolt\/files\/2019\/09\/4607b989-8672-4a2b-8a14-de11ad76512e.jpg'><img loading=\"lazy\" decoding=\"async\" width=\"300\" height=\"235\" src=\"https:\/\/wordpress.nibis.de\/gsschmedwolt\/files\/2019\/09\/4607b989-8672-4a2b-8a14-de11ad76512e-300x235.jpg\" class=\"attachment-medium size-medium\" alt=\"\" srcset=\"https:\/\/wordpress.nibis.de\/gsschmedwolt\/files\/2019\/09\/4607b989-8672-4a2b-8a14-de11ad76512e-300x235.jpg 300w, https:\/\/wordpress.nibis.de\/gsschmedwolt\/files\/2019\/09\/4607b989-8672-4a2b-8a14-de11ad76512e-768x601.jpg 768w, https:\/\/wordpress.nibis.de\/gsschmedwolt\/files\/2019\/09\/4607b989-8672-4a2b-8a14-de11ad76512e-767x600.jpg 767w, https:\/\/wordpress.nibis.de\/gsschmedwolt\/files\/2019\/09\/4607b989-8672-4a2b-8a14-de11ad76512e.jpg 1024w\" sizes=\"auto, (max-width: 300px) 100vw, 300px\" \/><\/a>\n\t\t\t<\/div><\/figure><figure class='gallery-item'>\n\t\t\t<div class='gallery-icon landscape'>\n\t\t\t\t<a href='https:\/\/wordpress.nibis.de\/gsschmedwolt\/files\/2019\/09\/8f01a013-a694-4dd7-add8-e972d162b473.jpg'><img loading=\"lazy\" decoding=\"async\" width=\"300\" height=\"225\" src=\"https:\/\/wordpress.nibis.de\/gsschmedwolt\/files\/2019\/09\/8f01a013-a694-4dd7-add8-e972d162b473-300x225.jpg\" class=\"attachment-medium size-medium\" alt=\"\" srcset=\"https:\/\/wordpress.nibis.de\/gsschmedwolt\/files\/2019\/09\/8f01a013-a694-4dd7-add8-e972d162b473-300x225.jpg 300w, https:\/\/wordpress.nibis.de\/gsschmedwolt\/files\/2019\/09\/8f01a013-a694-4dd7-add8-e972d162b473-768x576.jpg 768w, https:\/\/wordpress.nibis.de\/gsschmedwolt\/files\/2019\/09\/8f01a013-a694-4dd7-add8-e972d162b473-800x600.jpg 800w, https:\/\/wordpress.nibis.de\/gsschmedwolt\/files\/2019\/09\/8f01a013-a694-4dd7-add8-e972d162b473.jpg 1024w\" sizes=\"auto, (max-width: 300px) 100vw, 300px\" \/><\/a>\n\t\t\t<\/div><\/figure><figure class='gallery-item'>\n\t\t\t<div class='gallery-icon landscape'>\n\t\t\t\t<a href='https:\/\/wordpress.nibis.de\/gsschmedwolt\/files\/2019\/09\/e8bbdaff-3c8f-441b-b79b-d34b25b36fe5.jpg'><img loading=\"lazy\" decoding=\"async\" width=\"300\" height=\"225\" src=\"https:\/\/wordpress.nibis.de\/gsschmedwolt\/files\/2019\/09\/e8bbdaff-3c8f-441b-b79b-d34b25b36fe5-300x225.jpg\" class=\"attachment-medium size-medium\" alt=\"\" srcset=\"https:\/\/wordpress.nibis.de\/gsschmedwolt\/files\/2019\/09\/e8bbdaff-3c8f-441b-b79b-d34b25b36fe5-300x225.jpg 300w, https:\/\/wordpress.nibis.de\/gsschmedwolt\/files\/2019\/09\/e8bbdaff-3c8f-441b-b79b-d34b25b36fe5-768x576.jpg 768w, https:\/\/wordpress.nibis.de\/gsschmedwolt\/files\/2019\/09\/e8bbdaff-3c8f-441b-b79b-d34b25b36fe5-800x600.jpg 800w, https:\/\/wordpress.nibis.de\/gsschmedwolt\/files\/2019\/09\/e8bbdaff-3c8f-441b-b79b-d34b25b36fe5.jpg 1024w\" sizes=\"auto, (max-width: 300px) 100vw, 300px\" \/><\/a>\n\t\t\t<\/div><\/figure>\n\t\t<\/div>\n\n","protected":false},"excerpt":{"rendered":"<p>Im Rahmen der Zertifizierung zur Umweltschule in Europa fand in der Woche vom 18.02.-22.02.2019 unsere Projektwoche zum Thema &#8222;Alles M\u00fcll, oder was? &#8211; Auf dem Weg zur Umweltschule&#8220; statt. Alle Sch\u00fclerinnen und Sch\u00fcler besuchten mit ihrem Jahrgang einen au\u00dferschulischen Lernort. Weitere Informationen zu den Besuchen der au\u00dferschulischen Lernorte finden Sie unter dem folgenden Link: &gt; [&hellip;]<\/p>\n","protected":false},"author":9192595,"featured_media":0,"parent":108,"menu_order":0,"comment_status":"closed","ping_status":"closed","template":"template-full-width.php","meta":{"footnotes":""},"class_list":["post-1492","page","type-page","status-publish","hentry"],"_links":{"self":[{"href":"https:\/\/wordpress.nibis.de\/gsschmedwolt\/wp-json\/wp\/v2\/pages\/1492","targetHints":{"allow":["GET"]}}],"collection":[{"href":"https:\/\/wordpress.nibis.de\/gsschmedwolt\/wp-json\/wp\/v2\/pages"}],"about":[{"href":"https:\/\/wordpress.nibis.de\/gsschmedwolt\/wp-json\/wp\/v2\/types\/page"}],"author":[{"embeddable":true,"href":"https:\/\/wordpress.nibis.de\/gsschmedwolt\/wp-json\/wp\/v2\/users\/9192595"}],"replies":[{"embeddable":true,"href":"https:\/\/wordpress.nibis.de\/gsschmedwolt\/wp-json\/wp\/v2\/comments?post=1492"}],"version-history":[{"count":35,"href":"https:\/\/wordpress.nibis.de\/gsschmedwolt\/wp-json\/wp\/v2\/pages\/1492\/revisions"}],"predecessor-version":[{"id":2154,"href":"https:\/\/wordpress.nibis.de\/gsschmedwolt\/wp-json\/wp\/v2\/pages\/1492\/revisions\/2154"}],"up":[{"embeddable":true,"href":"https:\/\/wordpress.nibis.de\/gsschmedwolt\/wp-json\/wp\/v2\/pages\/108"}],"wp:attachment":[{"href":"https:\/\/wordpress.nibis.de\/gsschmedwolt\/wp-json\/wp\/v2\/media?parent=1492"}],"curies":[{"name":"wp","href":"https:\/\/api.w.org\/{rel}","templated":true}]}}