{"id":1495,"date":"2019-03-08T10:30:47","date_gmt":"2019-03-08T09:30:47","guid":{"rendered":"https:\/\/wordpress.nibis.de\/gsschmedwolt\/?page_id=1495"},"modified":"2020-12-18T11:24:41","modified_gmt":"2020-12-18T10:24:41","slug":"schulgarten","status":"publish","type":"page","link":"https:\/\/wordpress.nibis.de\/gsschmedwolt\/schulprofil\/umweltschule\/schulgarten\/","title":{"rendered":"Schulgarten"},"content":{"rendered":"<p><strong><span style=\"font-size: 18pt\">Unser Schulgarten in Woltorf<\/span><\/strong><\/p>\n<p>Im Standort Woltorf haben wir einen eigenen Schulgarten. Regelm\u00e4\u00dfig wird er durch unsere Sch\u00fclerinnen und Sch\u00fcler an unseren Gartentagen und durch unsere Schulgarten-AG gepflegt.<\/p>\n<div id='gallery-1' class='gallery galleryid-1495 gallery-columns-3 gallery-size-medium'><figure class='gallery-item'>\n\t\t\t<div class='gallery-icon landscape'>\n\t\t\t\t<a href='https:\/\/wordpress.nibis.de\/gsschmedwolt\/files\/2018\/06\/sg.jpg'><img loading=\"lazy\" decoding=\"async\" width=\"300\" height=\"226\" src=\"https:\/\/wordpress.nibis.de\/gsschmedwolt\/files\/2018\/06\/sg-300x226.jpg\" class=\"attachment-medium size-medium\" alt=\"\" srcset=\"https:\/\/wordpress.nibis.de\/gsschmedwolt\/files\/2018\/06\/sg-300x226.jpg 300w, https:\/\/wordpress.nibis.de\/gsschmedwolt\/files\/2018\/06\/sg.jpg 545w\" sizes=\"auto, (max-width: 300px) 100vw, 300px\" \/><\/a>\n\t\t\t<\/div><\/figure>\n\t\t<\/div>\n\n<p>Hier k\u00f6nnen Sie sich die Pr\u00e4sentation unseres Gartenprojektes herunterladen, mit dem wir uns bei dem PSD-Bank Schulwettbewerb beworben haben:<\/p>\n<p><a href=\"https:\/\/wordpress.nibis.de\/gsschmedwolt\/files\/2020\/06\/2018-PSD-Spendengala-Schule-unterm-Regenbogen-Gartenprojekt.pdf\">&gt; Vorstellung des Gartenprojektes<\/a><\/p>\n<p><strong>Aussagen unserer Sch\u00fclerinnen und Sch\u00fcler zu unserem Schulgarten:<\/strong><\/p>\n<p><strong>Garten-AG:<\/strong><\/p>\n<p>\u201eIch mag die Garten-AG, weil man da sch\u00f6n viel Leckeres anbaut und das dann isst.\u201c<\/p>\n<p>\u201eIch bin gern in der Garten-AG, weil ich gerne drau\u00dfen sein m\u00f6chte und dort lerne, wie man Pflanzen schneidet und versorgt.\u201c<\/p>\n<p>\u201eIch bin gern in der Garten-AG, weil ich gern im Garten arbeite und da sehe, wie das Gem\u00fcse w\u00e4chst und es danach probieren kann.\u201c<\/p>\n<p>\u201eIch habe Freude in der Garten-AG, da ich da Rasen m\u00e4hen darf.\u201c<\/p>\n<p>\u201eDurch die Garten-AG weiss ich, wie man Pommes aus einer Kartoffel macht.\u201c<\/p>\n<p>\u201eEndlich drau\u00dfen.\u201c<\/p>\n<p>&nbsp;<\/p>\n<p><strong>Gartentag Hochbeet:<\/strong><\/p>\n<p>\u201eWir haben selbst mit Werkzeug das Hochbeet aufgebaut. Mega!\u201c<\/p>\n<p>\u201eMir hat am meisten Freude gemacht den Mist in die Hochbeete zu f\u00fcllen und dass es so lustig gerochen hat und dass es mal was Besonderes in der Schule war.\u201c<\/p>\n<p>\u201eIch fand am Besten an diesem Tag, dass ich auf dem Hochbeet stand und die St\u00f6cker runtergestampft habe.\u201c<\/p>\n<p>&nbsp;<\/p>\n<p><strong>Gartentag Staudenbeet:<\/strong><\/p>\n<p>\u201eIch habe an diesem Gartentag gelernt, wie herum man eine Pflanze einpflanzt.\u201c<\/p>\n<p>\u201eEinfach mal in der Erde buddeln. Herrlich!\u201c<\/p>\n<p>&nbsp;<\/p>\n<p><strong>Gartentag Tipi:<\/strong><\/p>\n<p>\u201eIch habe gelernt, dass man ein Weidentipi, wenn man es unten abs\u00e4gt, es wieder neu austreibt und man dann die \u00c4ste f\u00fcr einen Flechtzaun f\u00fcr die Beete nutzen kann.\u201c<\/p>\n<p>\u201eDas H\u00e4ckseln und Baumschneiden war besonders cool, weil wir nichts Denken mussten. Einfach nur machen und fertig!\u201c<\/p>\n<p>\u201eIch fand am Besten, dass der Kuchen gut geschmeckt hat und die \u00c4pfel nicht im Garten vergammeln.\u201c<\/p>\n<p>&nbsp;<\/p>\n<p>Unter folgendem Link k\u00f6nnen Sie sich weitere Informationen zu unserem Schulgarten in Woltorf herunterladen:<\/p>\n<p><a href=\"https:\/\/wordpress.nibis.de\/gsschmedwolt\/files\/2019\/03\/Schule-unterm-Regenbogen-Gartenprojekt.pdf\">&gt; Schulgarten Woltorf<\/a><\/p>\n<p>&nbsp;<\/p>\n<p><strong><span style=\"font-size: 18pt\">Unsere Kisteng\u00e4rten in Schmedenstedt<\/span><\/strong><\/p>\n<p>Die zweiten Klassen haben es sich in unserer Projektwoche (18.-22.02.2019) zur Aufgabe gemacht, den Schulgarten in Woltorf in Form von Kisteng\u00e4rten auch nach Schmedenstedt zu holen. So entstanden wundersch\u00f6ne kleine Beete, die uns in Schmedenstedt sicherlich viel Freude bereiten werden.<\/p>\n<div id='gallery-2' class='gallery galleryid-1495 gallery-columns-3 gallery-size-medium'><figure class='gallery-item'>\n\t\t\t<div class='gallery-icon landscape'>\n\t\t\t\t<a href='https:\/\/wordpress.nibis.de\/gsschmedwolt\/files\/2019\/02\/Kisteng\u00e4rten.jpg'><img loading=\"lazy\" decoding=\"async\" width=\"300\" height=\"225\" src=\"https:\/\/wordpress.nibis.de\/gsschmedwolt\/files\/2019\/02\/Kisteng\u00e4rten-300x225.jpg\" class=\"attachment-medium size-medium\" alt=\"\" srcset=\"https:\/\/wordpress.nibis.de\/gsschmedwolt\/files\/2019\/02\/Kisteng\u00e4rten-300x225.jpg 300w, https:\/\/wordpress.nibis.de\/gsschmedwolt\/files\/2019\/02\/Kisteng\u00e4rten-768x576.jpg 768w, https:\/\/wordpress.nibis.de\/gsschmedwolt\/files\/2019\/02\/Kisteng\u00e4rten-800x600.jpg 800w, https:\/\/wordpress.nibis.de\/gsschmedwolt\/files\/2019\/02\/Kisteng\u00e4rten.jpg 1024w\" sizes=\"auto, (max-width: 300px) 100vw, 300px\" \/><\/a>\n\t\t\t<\/div><\/figure><figure class='gallery-item'>\n\t\t\t<div class='gallery-icon portrait'>\n\t\t\t\t<a href='https:\/\/wordpress.nibis.de\/gsschmedwolt\/files\/2019\/02\/Kisteng\u00e4rten9.jpg'><img loading=\"lazy\" decoding=\"async\" width=\"225\" height=\"300\" src=\"https:\/\/wordpress.nibis.de\/gsschmedwolt\/files\/2019\/02\/Kisteng\u00e4rten9-225x300.jpg\" class=\"attachment-medium size-medium\" alt=\"\" srcset=\"https:\/\/wordpress.nibis.de\/gsschmedwolt\/files\/2019\/02\/Kisteng\u00e4rten9-225x300.jpg 225w, https:\/\/wordpress.nibis.de\/gsschmedwolt\/files\/2019\/02\/Kisteng\u00e4rten9.jpg 768w, https:\/\/wordpress.nibis.de\/gsschmedwolt\/files\/2019\/02\/Kisteng\u00e4rten9-450x600.jpg 450w\" sizes=\"auto, (max-width: 225px) 100vw, 225px\" \/><\/a>\n\t\t\t<\/div><\/figure><figure class='gallery-item'>\n\t\t\t<div class='gallery-icon portrait'>\n\t\t\t\t<a href='https:\/\/wordpress.nibis.de\/gsschmedwolt\/files\/2019\/02\/Kisteng\u00e4rten5.jpg'><img loading=\"lazy\" decoding=\"async\" width=\"225\" height=\"300\" src=\"https:\/\/wordpress.nibis.de\/gsschmedwolt\/files\/2019\/02\/Kisteng\u00e4rten5-225x300.jpg\" class=\"attachment-medium size-medium\" alt=\"\" srcset=\"https:\/\/wordpress.nibis.de\/gsschmedwolt\/files\/2019\/02\/Kisteng\u00e4rten5-225x300.jpg 225w, https:\/\/wordpress.nibis.de\/gsschmedwolt\/files\/2019\/02\/Kisteng\u00e4rten5.jpg 768w, https:\/\/wordpress.nibis.de\/gsschmedwolt\/files\/2019\/02\/Kisteng\u00e4rten5-450x600.jpg 450w\" sizes=\"auto, (max-width: 225px) 100vw, 225px\" \/><\/a>\n\t\t\t<\/div><\/figure><figure class='gallery-item'>\n\t\t\t<div class='gallery-icon portrait'>\n\t\t\t\t<a href='https:\/\/wordpress.nibis.de\/gsschmedwolt\/files\/2019\/02\/Kisteng\u00e4rten10.jpg'><img loading=\"lazy\" decoding=\"async\" width=\"225\" height=\"300\" src=\"https:\/\/wordpress.nibis.de\/gsschmedwolt\/files\/2019\/02\/Kisteng\u00e4rten10-225x300.jpg\" class=\"attachment-medium size-medium\" alt=\"\" srcset=\"https:\/\/wordpress.nibis.de\/gsschmedwolt\/files\/2019\/02\/Kisteng\u00e4rten10-225x300.jpg 225w, https:\/\/wordpress.nibis.de\/gsschmedwolt\/files\/2019\/02\/Kisteng\u00e4rten10.jpg 768w, https:\/\/wordpress.nibis.de\/gsschmedwolt\/files\/2019\/02\/Kisteng\u00e4rten10-450x600.jpg 450w\" sizes=\"auto, (max-width: 225px) 100vw, 225px\" \/><\/a>\n\t\t\t<\/div><\/figure><figure class='gallery-item'>\n\t\t\t<div class='gallery-icon portrait'>\n\t\t\t\t<a href='https:\/\/wordpress.nibis.de\/gsschmedwolt\/files\/2019\/02\/Kisteng\u00e4rten1.jpg'><img loading=\"lazy\" decoding=\"async\" width=\"225\" height=\"300\" src=\"https:\/\/wordpress.nibis.de\/gsschmedwolt\/files\/2019\/02\/Kisteng\u00e4rten1-225x300.jpg\" class=\"attachment-medium size-medium\" alt=\"\" srcset=\"https:\/\/wordpress.nibis.de\/gsschmedwolt\/files\/2019\/02\/Kisteng\u00e4rten1-225x300.jpg 225w, https:\/\/wordpress.nibis.de\/gsschmedwolt\/files\/2019\/02\/Kisteng\u00e4rten1.jpg 768w, https:\/\/wordpress.nibis.de\/gsschmedwolt\/files\/2019\/02\/Kisteng\u00e4rten1-450x600.jpg 450w\" sizes=\"auto, (max-width: 225px) 100vw, 225px\" \/><\/a>\n\t\t\t<\/div><\/figure><figure class='gallery-item'>\n\t\t\t<div class='gallery-icon portrait'>\n\t\t\t\t<a href='https:\/\/wordpress.nibis.de\/gsschmedwolt\/files\/2019\/02\/Kisteng\u00e4rten3.jpg'><img loading=\"lazy\" decoding=\"async\" width=\"225\" height=\"300\" src=\"https:\/\/wordpress.nibis.de\/gsschmedwolt\/files\/2019\/02\/Kisteng\u00e4rten3-225x300.jpg\" class=\"attachment-medium size-medium\" alt=\"\" srcset=\"https:\/\/wordpress.nibis.de\/gsschmedwolt\/files\/2019\/02\/Kisteng\u00e4rten3-225x300.jpg 225w, https:\/\/wordpress.nibis.de\/gsschmedwolt\/files\/2019\/02\/Kisteng\u00e4rten3.jpg 768w, https:\/\/wordpress.nibis.de\/gsschmedwolt\/files\/2019\/02\/Kisteng\u00e4rten3-450x600.jpg 450w\" sizes=\"auto, (max-width: 225px) 100vw, 225px\" \/><\/a>\n\t\t\t<\/div><\/figure><figure class='gallery-item'>\n\t\t\t<div class='gallery-icon portrait'>\n\t\t\t\t<a href='https:\/\/wordpress.nibis.de\/gsschmedwolt\/files\/2019\/02\/Kisteng\u00e4rten6.jpg'><img loading=\"lazy\" decoding=\"async\" width=\"225\" height=\"300\" src=\"https:\/\/wordpress.nibis.de\/gsschmedwolt\/files\/2019\/02\/Kisteng\u00e4rten6-225x300.jpg\" class=\"attachment-medium size-medium\" alt=\"\" srcset=\"https:\/\/wordpress.nibis.de\/gsschmedwolt\/files\/2019\/02\/Kisteng\u00e4rten6-225x300.jpg 225w, https:\/\/wordpress.nibis.de\/gsschmedwolt\/files\/2019\/02\/Kisteng\u00e4rten6.jpg 768w, https:\/\/wordpress.nibis.de\/gsschmedwolt\/files\/2019\/02\/Kisteng\u00e4rten6-450x600.jpg 450w\" sizes=\"auto, (max-width: 225px) 100vw, 225px\" \/><\/a>\n\t\t\t<\/div><\/figure><figure class='gallery-item'>\n\t\t\t<div class='gallery-icon portrait'>\n\t\t\t\t<a href='https:\/\/wordpress.nibis.de\/gsschmedwolt\/files\/2019\/02\/Kisteng\u00e4rten4.jpg'><img loading=\"lazy\" decoding=\"async\" width=\"225\" height=\"300\" src=\"https:\/\/wordpress.nibis.de\/gsschmedwolt\/files\/2019\/02\/Kisteng\u00e4rten4-225x300.jpg\" class=\"attachment-medium size-medium\" alt=\"\" srcset=\"https:\/\/wordpress.nibis.de\/gsschmedwolt\/files\/2019\/02\/Kisteng\u00e4rten4-225x300.jpg 225w, https:\/\/wordpress.nibis.de\/gsschmedwolt\/files\/2019\/02\/Kisteng\u00e4rten4.jpg 768w, https:\/\/wordpress.nibis.de\/gsschmedwolt\/files\/2019\/02\/Kisteng\u00e4rten4-450x600.jpg 450w\" sizes=\"auto, (max-width: 225px) 100vw, 225px\" \/><\/a>\n\t\t\t<\/div><\/figure><figure class='gallery-item'>\n\t\t\t<div class='gallery-icon portrait'>\n\t\t\t\t<a href='https:\/\/wordpress.nibis.de\/gsschmedwolt\/files\/2019\/02\/Kisteng\u00e4rten7.jpg'><img loading=\"lazy\" decoding=\"async\" width=\"225\" height=\"300\" src=\"https:\/\/wordpress.nibis.de\/gsschmedwolt\/files\/2019\/02\/Kisteng\u00e4rten7-225x300.jpg\" class=\"attachment-medium size-medium\" alt=\"\" srcset=\"https:\/\/wordpress.nibis.de\/gsschmedwolt\/files\/2019\/02\/Kisteng\u00e4rten7-225x300.jpg 225w, https:\/\/wordpress.nibis.de\/gsschmedwolt\/files\/2019\/02\/Kisteng\u00e4rten7.jpg 768w, https:\/\/wordpress.nibis.de\/gsschmedwolt\/files\/2019\/02\/Kisteng\u00e4rten7-450x600.jpg 450w\" sizes=\"auto, (max-width: 225px) 100vw, 225px\" \/><\/a>\n\t\t\t<\/div><\/figure><figure class='gallery-item'>\n\t\t\t<div class='gallery-icon portrait'>\n\t\t\t\t<a href='https:\/\/wordpress.nibis.de\/gsschmedwolt\/files\/2019\/02\/Kisteng\u00e4rten8.jpg'><img loading=\"lazy\" decoding=\"async\" width=\"225\" height=\"300\" src=\"https:\/\/wordpress.nibis.de\/gsschmedwolt\/files\/2019\/02\/Kisteng\u00e4rten8-225x300.jpg\" class=\"attachment-medium size-medium\" alt=\"\" srcset=\"https:\/\/wordpress.nibis.de\/gsschmedwolt\/files\/2019\/02\/Kisteng\u00e4rten8-225x300.jpg 225w, https:\/\/wordpress.nibis.de\/gsschmedwolt\/files\/2019\/02\/Kisteng\u00e4rten8.jpg 768w, https:\/\/wordpress.nibis.de\/gsschmedwolt\/files\/2019\/02\/Kisteng\u00e4rten8-450x600.jpg 450w\" sizes=\"auto, (max-width: 225px) 100vw, 225px\" \/><\/a>\n\t\t\t<\/div><\/figure>\n\t\t<\/div>\n\n<p>Im Schuljahr 2017\/2018 haben wir den Schulwettbewerb der PSD Bank gewonnen:<\/p>\n<div id='gallery-3' class='gallery galleryid-1495 gallery-columns-3 gallery-size-medium'><figure class='gallery-item'>\n\t\t\t<div class='gallery-icon landscape'>\n\t\t\t\t<a href='https:\/\/wordpress.nibis.de\/gsschmedwolt\/files\/2019\/03\/MG_8737.jpg'><img loading=\"lazy\" decoding=\"async\" width=\"300\" height=\"200\" src=\"https:\/\/wordpress.nibis.de\/gsschmedwolt\/files\/2019\/03\/MG_8737-300x200.jpg\" class=\"attachment-medium size-medium\" alt=\"\" srcset=\"https:\/\/wordpress.nibis.de\/gsschmedwolt\/files\/2019\/03\/MG_8737-300x200.jpg 300w, https:\/\/wordpress.nibis.de\/gsschmedwolt\/files\/2019\/03\/MG_8737-768x512.jpg 768w, https:\/\/wordpress.nibis.de\/gsschmedwolt\/files\/2019\/03\/MG_8737-800x533.jpg 800w, https:\/\/wordpress.nibis.de\/gsschmedwolt\/files\/2019\/03\/MG_8737-75x50.jpg 75w, https:\/\/wordpress.nibis.de\/gsschmedwolt\/files\/2019\/03\/MG_8737.jpg 1772w\" sizes=\"auto, (max-width: 300px) 100vw, 300px\" \/><\/a>\n\t\t\t<\/div><\/figure><figure class='gallery-item'>\n\t\t\t<div class='gallery-icon landscape'>\n\t\t\t\t<a href='https:\/\/wordpress.nibis.de\/gsschmedwolt\/files\/2019\/03\/MG_8746.jpg'><img loading=\"lazy\" decoding=\"async\" width=\"300\" height=\"200\" src=\"https:\/\/wordpress.nibis.de\/gsschmedwolt\/files\/2019\/03\/MG_8746-300x200.jpg\" class=\"attachment-medium size-medium\" alt=\"\" srcset=\"https:\/\/wordpress.nibis.de\/gsschmedwolt\/files\/2019\/03\/MG_8746-300x200.jpg 300w, https:\/\/wordpress.nibis.de\/gsschmedwolt\/files\/2019\/03\/MG_8746-768x512.jpg 768w, https:\/\/wordpress.nibis.de\/gsschmedwolt\/files\/2019\/03\/MG_8746-800x533.jpg 800w, https:\/\/wordpress.nibis.de\/gsschmedwolt\/files\/2019\/03\/MG_8746-75x50.jpg 75w, https:\/\/wordpress.nibis.de\/gsschmedwolt\/files\/2019\/03\/MG_8746.jpg 1772w\" sizes=\"auto, (max-width: 300px) 100vw, 300px\" \/><\/a>\n\t\t\t<\/div><\/figure>\n\t\t<\/div>\n\n","protected":false},"excerpt":{"rendered":"<p>Unser Schulgarten in Woltorf Im Standort Woltorf haben wir einen eigenen Schulgarten. Regelm\u00e4\u00dfig wird er durch unsere Sch\u00fclerinnen und Sch\u00fcler an unseren Gartentagen und durch unsere Schulgarten-AG gepflegt. Hier k\u00f6nnen Sie sich die Pr\u00e4sentation unseres Gartenprojektes herunterladen, mit dem wir uns bei dem PSD-Bank Schulwettbewerb beworben haben: &gt; Vorstellung des Gartenprojektes Aussagen unserer Sch\u00fclerinnen und [&hellip;]<\/p>\n","protected":false},"author":9192595,"featured_media":0,"parent":108,"menu_order":0,"comment_status":"closed","ping_status":"closed","template":"template-full-width.php","meta":{"footnotes":""},"class_list":["post-1495","page","type-page","status-publish","hentry"],"_links":{"self":[{"href":"https:\/\/wordpress.nibis.de\/gsschmedwolt\/wp-json\/wp\/v2\/pages\/1495","targetHints":{"allow":["GET"]}}],"collection":[{"href":"https:\/\/wordpress.nibis.de\/gsschmedwolt\/wp-json\/wp\/v2\/pages"}],"about":[{"href":"https:\/\/wordpress.nibis.de\/gsschmedwolt\/wp-json\/wp\/v2\/types\/page"}],"author":[{"embeddable":true,"href":"https:\/\/wordpress.nibis.de\/gsschmedwolt\/wp-json\/wp\/v2\/users\/9192595"}],"replies":[{"embeddable":true,"href":"https:\/\/wordpress.nibis.de\/gsschmedwolt\/wp-json\/wp\/v2\/comments?post=1495"}],"version-history":[{"count":11,"href":"https:\/\/wordpress.nibis.de\/gsschmedwolt\/wp-json\/wp\/v2\/pages\/1495\/revisions"}],"predecessor-version":[{"id":2888,"href":"https:\/\/wordpress.nibis.de\/gsschmedwolt\/wp-json\/wp\/v2\/pages\/1495\/revisions\/2888"}],"up":[{"embeddable":true,"href":"https:\/\/wordpress.nibis.de\/gsschmedwolt\/wp-json\/wp\/v2\/pages\/108"}],"wp:attachment":[{"href":"https:\/\/wordpress.nibis.de\/gsschmedwolt\/wp-json\/wp\/v2\/media?parent=1495"}],"curies":[{"name":"wp","href":"https:\/\/api.w.org\/{rel}","templated":true}]}}