{"id":1498,"date":"2019-03-08T10:32:26","date_gmt":"2019-03-08T09:32:26","guid":{"rendered":"https:\/\/wordpress.nibis.de\/gsschmedwolt\/?page_id=1498"},"modified":"2026-04-20T13:52:57","modified_gmt":"2026-04-20T11:52:57","slug":"zertifizierung-umweltschule","status":"publish","type":"page","link":"https:\/\/wordpress.nibis.de\/gsschmedwolt\/schulprofil\/umweltschule\/zertifizierung-umweltschule\/","title":{"rendered":"Umweltschule in Europa (2016-2019)"},"content":{"rendered":"<p>Im Zeitraum 2016-2019 haben wir am Projekt des Landes Niedersachsen \u201e<strong>Umweltschule in Europa und Internationale Agenda 21-Schule\u201c<\/strong> teilgenommen. herunterladen:<\/p>\n<p>&nbsp;<\/p>\n<p><strong>Handlungsfeld 1: Schulgarten<\/strong><\/p>\n<p style=\"font-weight: 400\">Der Schulgarten am Standort in Woltorf wurde mit Eltern, Sch\u00fcler*innen, Lehrkr\u00e4ften und einer Landschaftsg\u00e4rtnerin angelegt. Heute bietet er den 3ten und 4ten Klassen die M\u00f6glichkeit Gem\u00fcse zu s\u00e4en und zu ernten.<\/p>\n<p>Unter folgendem Link k\u00f6nnen Sie sich weitere Informationen herunterladen:<\/p>\n<p><a href=\"https:\/\/wordpress.nibis.de\/gsschmedwolt\/schulprofil\/umweltschule\/schulgarten\/\">&gt; Schulgarten<\/a><\/p>\n<p>&nbsp;<\/p>\n<p><strong>Handlungsfeld 2: <\/strong><b>Abfall und Recycling \u2013 Energie sparen<\/b><\/p>\n<p style=\"font-weight: 400\">M\u00fcll trennen beziehungsweise vermeiden und m\u00f6glichst viel Energie sparen \u2013 das sind weitere Themen, die uns als Umweltschule am Herzen liegen und die wir unseren Sch\u00fcler*innen mit auf einen umweltbewussten und verantwortungsvollen Weg geben wollen. Daf\u00fcr ziehen wir alle an einem Strang und beteiligen Sch\u00fcler*innen, Lehrer*innen, aber auch Hausmeister und Reinigungskr\u00e4fte an dem Projekt.<\/p>\n<p>Unter folgenden Links k\u00f6nnen Sie sich weitere Informationen herunterladen:<\/p>\n<p><a href=\"https:\/\/wordpress.nibis.de\/gsschmedwolt\/schulprofil\/umweltschule\/muelltrennung-in-der-schule-unterm-regenbogen\/\">&gt; M\u00fclltrennung in der Schule unterm Regenbogen<\/a><\/p>\n<p><a href=\"https:\/\/wordpress.nibis.de\/gsschmedwolt\/schulprofil\/umweltschule\/projektwoche-alles-muell-oder-was\/\">&gt; Projektwoche &#8222;Alles M\u00fcll, oder was&#8220;<\/a><\/p>\n<p><a href=\"https:\/\/wordpress.nibis.de\/gsschmedwolt\/schulprofil\/umweltschule\/energie-sparen\/\">&gt; Energie sparen<\/a><\/p>\n<p>&nbsp;<\/p>\n<div id='gallery-1' class='gallery galleryid-1498 gallery-columns-3 gallery-size-medium'><figure class='gallery-item'>\n\t\t\t<div class='gallery-icon portrait'>\n\t\t\t\t<a href='https:\/\/wordpress.nibis.de\/gsschmedwolt\/files\/2019\/09\/Umweltschule2019.jpg'><img loading=\"lazy\" decoding=\"async\" width=\"225\" height=\"300\" src=\"https:\/\/wordpress.nibis.de\/gsschmedwolt\/files\/2019\/09\/Umweltschule2019-225x300.jpg\" class=\"attachment-medium size-medium\" alt=\"\" srcset=\"https:\/\/wordpress.nibis.de\/gsschmedwolt\/files\/2019\/09\/Umweltschule2019-225x300.jpg 225w, https:\/\/wordpress.nibis.de\/gsschmedwolt\/files\/2019\/09\/Umweltschule2019-768x1024.jpg 768w, https:\/\/wordpress.nibis.de\/gsschmedwolt\/files\/2019\/09\/Umweltschule2019-450x600.jpg 450w, https:\/\/wordpress.nibis.de\/gsschmedwolt\/files\/2019\/09\/Umweltschule2019.jpg 1200w\" sizes=\"auto, (max-width: 225px) 100vw, 225px\" \/><\/a>\n\t\t\t<\/div><\/figure><figure class='gallery-item'>\n\t\t\t<div class='gallery-icon portrait'>\n\t\t\t\t<a href='https:\/\/wordpress.nibis.de\/gsschmedwolt\/files\/2019\/10\/464dbf09-03f3-40fc-a610-daf4098c5267.jpg'><img loading=\"lazy\" decoding=\"async\" width=\"225\" height=\"300\" src=\"https:\/\/wordpress.nibis.de\/gsschmedwolt\/files\/2019\/10\/464dbf09-03f3-40fc-a610-daf4098c5267-225x300.jpg\" class=\"attachment-medium size-medium\" alt=\"\" srcset=\"https:\/\/wordpress.nibis.de\/gsschmedwolt\/files\/2019\/10\/464dbf09-03f3-40fc-a610-daf4098c5267-225x300.jpg 225w, https:\/\/wordpress.nibis.de\/gsschmedwolt\/files\/2019\/10\/464dbf09-03f3-40fc-a610-daf4098c5267-768x1024.jpg 768w, https:\/\/wordpress.nibis.de\/gsschmedwolt\/files\/2019\/10\/464dbf09-03f3-40fc-a610-daf4098c5267-450x600.jpg 450w, https:\/\/wordpress.nibis.de\/gsschmedwolt\/files\/2019\/10\/464dbf09-03f3-40fc-a610-daf4098c5267.jpg 1200w\" sizes=\"auto, (max-width: 225px) 100vw, 225px\" \/><\/a>\n\t\t\t<\/div><\/figure>\n\t\t<\/div>\n\n","protected":false},"excerpt":{"rendered":"<p>Im Zeitraum 2016-2019 haben wir am Projekt des Landes Niedersachsen \u201eUmweltschule in Europa und Internationale Agenda 21-Schule\u201c teilgenommen. herunterladen: &nbsp; Handlungsfeld 1: Schulgarten Der Schulgarten am Standort in Woltorf wurde mit Eltern, Sch\u00fcler*innen, Lehrkr\u00e4ften und einer Landschaftsg\u00e4rtnerin angelegt. Heute bietet er den 3ten und 4ten Klassen die M\u00f6glichkeit Gem\u00fcse zu s\u00e4en und zu ernten. Unter [&hellip;]<\/p>\n","protected":false},"author":9192595,"featured_media":0,"parent":108,"menu_order":0,"comment_status":"closed","ping_status":"closed","template":"template-full-width.php","meta":{"footnotes":""},"class_list":["post-1498","page","type-page","status-publish","hentry"],"_links":{"self":[{"href":"https:\/\/wordpress.nibis.de\/gsschmedwolt\/wp-json\/wp\/v2\/pages\/1498","targetHints":{"allow":["GET"]}}],"collection":[{"href":"https:\/\/wordpress.nibis.de\/gsschmedwolt\/wp-json\/wp\/v2\/pages"}],"about":[{"href":"https:\/\/wordpress.nibis.de\/gsschmedwolt\/wp-json\/wp\/v2\/types\/page"}],"author":[{"embeddable":true,"href":"https:\/\/wordpress.nibis.de\/gsschmedwolt\/wp-json\/wp\/v2\/users\/9192595"}],"replies":[{"embeddable":true,"href":"https:\/\/wordpress.nibis.de\/gsschmedwolt\/wp-json\/wp\/v2\/comments?post=1498"}],"version-history":[{"count":15,"href":"https:\/\/wordpress.nibis.de\/gsschmedwolt\/wp-json\/wp\/v2\/pages\/1498\/revisions"}],"predecessor-version":[{"id":6016,"href":"https:\/\/wordpress.nibis.de\/gsschmedwolt\/wp-json\/wp\/v2\/pages\/1498\/revisions\/6016"}],"up":[{"embeddable":true,"href":"https:\/\/wordpress.nibis.de\/gsschmedwolt\/wp-json\/wp\/v2\/pages\/108"}],"wp:attachment":[{"href":"https:\/\/wordpress.nibis.de\/gsschmedwolt\/wp-json\/wp\/v2\/media?parent=1498"}],"curies":[{"name":"wp","href":"https:\/\/api.w.org\/{rel}","templated":true}]}}