{"id":1563,"date":"2019-03-08T12:18:29","date_gmt":"2019-03-08T11:18:29","guid":{"rendered":"https:\/\/wordpress.nibis.de\/gsschmedwolt\/?page_id=1563"},"modified":"2020-12-18T11:24:16","modified_gmt":"2020-12-18T10:24:16","slug":"motte-will-meer","status":"publish","type":"page","link":"https:\/\/wordpress.nibis.de\/gsschmedwolt\/schulprofil\/umweltschule\/projektwoche-alles-muell-oder-was\/motte-will-meer\/","title":{"rendered":"Motte will Meer"},"content":{"rendered":"<p><strong>22.02.2019 \u2013 Theaterst\u00fcck \u201eMotte will Meer\u201c des \u201eAchja! Theaters\u201c aus Essen<\/strong><\/p>\n<p>Am Abschlusstag der Projektwoche hat uns das \u201eAchja! Theater\u201c aus Essen besucht. In der Sporthalle in Schmedenstedt durften wir uns das \u00f6kologische Musiktheaterst\u00fcck \u201eMotte will Meer\u201c ansehen, welches sich mit den\u00a0Themen Plastik, M\u00fcllvermeidung und M\u00fcllsortierung besch\u00e4ftigt.<\/p>\n<div id='gallery-1' class='gallery galleryid-1563 gallery-columns-3 gallery-size-medium'><figure class='gallery-item'>\n\t\t\t<div class='gallery-icon portrait'>\n\t\t\t\t<a href='https:\/\/wordpress.nibis.de\/gsschmedwolt\/files\/2019\/02\/Motte-11.jpg'><img loading=\"lazy\" decoding=\"async\" width=\"225\" height=\"300\" src=\"https:\/\/wordpress.nibis.de\/gsschmedwolt\/files\/2019\/02\/Motte-11-225x300.jpg\" class=\"attachment-medium size-medium\" alt=\"\" srcset=\"https:\/\/wordpress.nibis.de\/gsschmedwolt\/files\/2019\/02\/Motte-11-225x300.jpg 225w, https:\/\/wordpress.nibis.de\/gsschmedwolt\/files\/2019\/02\/Motte-11-768x1024.jpg 768w, https:\/\/wordpress.nibis.de\/gsschmedwolt\/files\/2019\/02\/Motte-11-450x600.jpg 450w, https:\/\/wordpress.nibis.de\/gsschmedwolt\/files\/2019\/02\/Motte-11.jpg 960w\" sizes=\"auto, (max-width: 225px) 100vw, 225px\" \/><\/a>\n\t\t\t<\/div><\/figure><figure class='gallery-item'>\n\t\t\t<div class='gallery-icon landscape'>\n\t\t\t\t<a href='https:\/\/wordpress.nibis.de\/gsschmedwolt\/files\/2019\/02\/Motte-1.jpg'><img loading=\"lazy\" decoding=\"async\" width=\"300\" height=\"225\" src=\"https:\/\/wordpress.nibis.de\/gsschmedwolt\/files\/2019\/02\/Motte-1-300x225.jpg\" class=\"attachment-medium size-medium\" alt=\"\" srcset=\"https:\/\/wordpress.nibis.de\/gsschmedwolt\/files\/2019\/02\/Motte-1-300x225.jpg 300w, https:\/\/wordpress.nibis.de\/gsschmedwolt\/files\/2019\/02\/Motte-1-768x576.jpg 768w, https:\/\/wordpress.nibis.de\/gsschmedwolt\/files\/2019\/02\/Motte-1-800x600.jpg 800w, https:\/\/wordpress.nibis.de\/gsschmedwolt\/files\/2019\/02\/Motte-1.jpg 1280w\" sizes=\"auto, (max-width: 300px) 100vw, 300px\" \/><\/a>\n\t\t\t<\/div><\/figure><figure class='gallery-item'>\n\t\t\t<div class='gallery-icon portrait'>\n\t\t\t\t<a href='https:\/\/wordpress.nibis.de\/gsschmedwolt\/files\/2019\/02\/Motte.jpg'><img loading=\"lazy\" decoding=\"async\" width=\"225\" height=\"300\" src=\"https:\/\/wordpress.nibis.de\/gsschmedwolt\/files\/2019\/02\/Motte-225x300.jpg\" class=\"attachment-medium size-medium\" alt=\"\" srcset=\"https:\/\/wordpress.nibis.de\/gsschmedwolt\/files\/2019\/02\/Motte-225x300.jpg 225w, https:\/\/wordpress.nibis.de\/gsschmedwolt\/files\/2019\/02\/Motte-768x1024.jpg 768w, https:\/\/wordpress.nibis.de\/gsschmedwolt\/files\/2019\/02\/Motte-450x600.jpg 450w, https:\/\/wordpress.nibis.de\/gsschmedwolt\/files\/2019\/02\/Motte.jpg 960w\" sizes=\"auto, (max-width: 225px) 100vw, 225px\" \/><\/a>\n\t\t\t<\/div><\/figure><figure class='gallery-item'>\n\t\t\t<div class='gallery-icon portrait'>\n\t\t\t\t<a href='https:\/\/wordpress.nibis.de\/gsschmedwolt\/files\/2019\/02\/Motte-10.jpg'><img loading=\"lazy\" decoding=\"async\" width=\"225\" height=\"300\" src=\"https:\/\/wordpress.nibis.de\/gsschmedwolt\/files\/2019\/02\/Motte-10-225x300.jpg\" class=\"attachment-medium size-medium\" alt=\"\" srcset=\"https:\/\/wordpress.nibis.de\/gsschmedwolt\/files\/2019\/02\/Motte-10-225x300.jpg 225w, https:\/\/wordpress.nibis.de\/gsschmedwolt\/files\/2019\/02\/Motte-10-768x1024.jpg 768w, https:\/\/wordpress.nibis.de\/gsschmedwolt\/files\/2019\/02\/Motte-10-450x600.jpg 450w, https:\/\/wordpress.nibis.de\/gsschmedwolt\/files\/2019\/02\/Motte-10.jpg 960w\" sizes=\"auto, (max-width: 225px) 100vw, 225px\" \/><\/a>\n\t\t\t<\/div><\/figure><figure class='gallery-item'>\n\t\t\t<div class='gallery-icon portrait'>\n\t\t\t\t<a href='https:\/\/wordpress.nibis.de\/gsschmedwolt\/files\/2019\/02\/Motte-7.jpg'><img loading=\"lazy\" decoding=\"async\" width=\"225\" height=\"300\" src=\"https:\/\/wordpress.nibis.de\/gsschmedwolt\/files\/2019\/02\/Motte-7-225x300.jpg\" class=\"attachment-medium size-medium\" alt=\"\" srcset=\"https:\/\/wordpress.nibis.de\/gsschmedwolt\/files\/2019\/02\/Motte-7-225x300.jpg 225w, https:\/\/wordpress.nibis.de\/gsschmedwolt\/files\/2019\/02\/Motte-7-768x1024.jpg 768w, https:\/\/wordpress.nibis.de\/gsschmedwolt\/files\/2019\/02\/Motte-7-450x600.jpg 450w, https:\/\/wordpress.nibis.de\/gsschmedwolt\/files\/2019\/02\/Motte-7.jpg 960w\" sizes=\"auto, (max-width: 225px) 100vw, 225px\" \/><\/a>\n\t\t\t<\/div><\/figure><figure class='gallery-item'>\n\t\t\t<div class='gallery-icon portrait'>\n\t\t\t\t<a href='https:\/\/wordpress.nibis.de\/gsschmedwolt\/files\/2019\/02\/Motte-12.jpg'><img loading=\"lazy\" decoding=\"async\" width=\"225\" height=\"300\" src=\"https:\/\/wordpress.nibis.de\/gsschmedwolt\/files\/2019\/02\/Motte-12-225x300.jpg\" class=\"attachment-medium size-medium\" alt=\"\" srcset=\"https:\/\/wordpress.nibis.de\/gsschmedwolt\/files\/2019\/02\/Motte-12-225x300.jpg 225w, https:\/\/wordpress.nibis.de\/gsschmedwolt\/files\/2019\/02\/Motte-12-768x1024.jpg 768w, https:\/\/wordpress.nibis.de\/gsschmedwolt\/files\/2019\/02\/Motte-12-450x600.jpg 450w, https:\/\/wordpress.nibis.de\/gsschmedwolt\/files\/2019\/02\/Motte-12.jpg 960w\" sizes=\"auto, (max-width: 225px) 100vw, 225px\" \/><\/a>\n\t\t\t<\/div><\/figure><figure class='gallery-item'>\n\t\t\t<div class='gallery-icon portrait'>\n\t\t\t\t<a href='https:\/\/wordpress.nibis.de\/gsschmedwolt\/files\/2019\/02\/Motte-6.jpg'><img loading=\"lazy\" decoding=\"async\" width=\"225\" height=\"300\" src=\"https:\/\/wordpress.nibis.de\/gsschmedwolt\/files\/2019\/02\/Motte-6-225x300.jpg\" class=\"attachment-medium size-medium\" alt=\"\" srcset=\"https:\/\/wordpress.nibis.de\/gsschmedwolt\/files\/2019\/02\/Motte-6-225x300.jpg 225w, https:\/\/wordpress.nibis.de\/gsschmedwolt\/files\/2019\/02\/Motte-6-768x1024.jpg 768w, https:\/\/wordpress.nibis.de\/gsschmedwolt\/files\/2019\/02\/Motte-6-450x600.jpg 450w, https:\/\/wordpress.nibis.de\/gsschmedwolt\/files\/2019\/02\/Motte-6.jpg 960w\" sizes=\"auto, (max-width: 225px) 100vw, 225px\" \/><\/a>\n\t\t\t<\/div><\/figure><figure class='gallery-item'>\n\t\t\t<div class='gallery-icon landscape'>\n\t\t\t\t<a href='https:\/\/wordpress.nibis.de\/gsschmedwolt\/files\/2019\/02\/Motte-5.jpg'><img loading=\"lazy\" decoding=\"async\" width=\"300\" height=\"300\" src=\"https:\/\/wordpress.nibis.de\/gsschmedwolt\/files\/2019\/02\/Motte-5-300x300.jpg\" class=\"attachment-medium size-medium\" alt=\"\" srcset=\"https:\/\/wordpress.nibis.de\/gsschmedwolt\/files\/2019\/02\/Motte-5-300x300.jpg 300w, https:\/\/wordpress.nibis.de\/gsschmedwolt\/files\/2019\/02\/Motte-5-150x150.jpg 150w, https:\/\/wordpress.nibis.de\/gsschmedwolt\/files\/2019\/02\/Motte-5-768x768.jpg 768w, https:\/\/wordpress.nibis.de\/gsschmedwolt\/files\/2019\/02\/Motte-5-600x600.jpg 600w, https:\/\/wordpress.nibis.de\/gsschmedwolt\/files\/2019\/02\/Motte-5.jpg 1280w\" sizes=\"auto, (max-width: 300px) 100vw, 300px\" \/><\/a>\n\t\t\t<\/div><\/figure><figure class='gallery-item'>\n\t\t\t<div class='gallery-icon landscape'>\n\t\t\t\t<a href='https:\/\/wordpress.nibis.de\/gsschmedwolt\/files\/2019\/02\/Motte-8.jpg'><img loading=\"lazy\" decoding=\"async\" width=\"300\" height=\"225\" src=\"https:\/\/wordpress.nibis.de\/gsschmedwolt\/files\/2019\/02\/Motte-8-300x225.jpg\" class=\"attachment-medium size-medium\" alt=\"\" srcset=\"https:\/\/wordpress.nibis.de\/gsschmedwolt\/files\/2019\/02\/Motte-8-300x225.jpg 300w, https:\/\/wordpress.nibis.de\/gsschmedwolt\/files\/2019\/02\/Motte-8-768x576.jpg 768w, https:\/\/wordpress.nibis.de\/gsschmedwolt\/files\/2019\/02\/Motte-8-800x600.jpg 800w, https:\/\/wordpress.nibis.de\/gsschmedwolt\/files\/2019\/02\/Motte-8.jpg 1280w\" sizes=\"auto, (max-width: 300px) 100vw, 300px\" \/><\/a>\n\t\t\t<\/div><\/figure><figure class='gallery-item'>\n\t\t\t<div class='gallery-icon landscape'>\n\t\t\t\t<a href='https:\/\/wordpress.nibis.de\/gsschmedwolt\/files\/2019\/02\/Motte-4.jpg'><img loading=\"lazy\" decoding=\"async\" width=\"300\" height=\"225\" src=\"https:\/\/wordpress.nibis.de\/gsschmedwolt\/files\/2019\/02\/Motte-4-300x225.jpg\" class=\"attachment-medium size-medium\" alt=\"\" srcset=\"https:\/\/wordpress.nibis.de\/gsschmedwolt\/files\/2019\/02\/Motte-4-300x225.jpg 300w, https:\/\/wordpress.nibis.de\/gsschmedwolt\/files\/2019\/02\/Motte-4-768x576.jpg 768w, https:\/\/wordpress.nibis.de\/gsschmedwolt\/files\/2019\/02\/Motte-4-800x600.jpg 800w, https:\/\/wordpress.nibis.de\/gsschmedwolt\/files\/2019\/02\/Motte-4.jpg 1280w\" sizes=\"auto, (max-width: 300px) 100vw, 300px\" \/><\/a>\n\t\t\t<\/div><\/figure><figure class='gallery-item'>\n\t\t\t<div class='gallery-icon portrait'>\n\t\t\t\t<a href='https:\/\/wordpress.nibis.de\/gsschmedwolt\/files\/2019\/02\/Motte-9.jpg'><img loading=\"lazy\" decoding=\"async\" width=\"225\" height=\"300\" src=\"https:\/\/wordpress.nibis.de\/gsschmedwolt\/files\/2019\/02\/Motte-9-225x300.jpg\" class=\"attachment-medium size-medium\" alt=\"\" srcset=\"https:\/\/wordpress.nibis.de\/gsschmedwolt\/files\/2019\/02\/Motte-9-225x300.jpg 225w, https:\/\/wordpress.nibis.de\/gsschmedwolt\/files\/2019\/02\/Motte-9-768x1024.jpg 768w, https:\/\/wordpress.nibis.de\/gsschmedwolt\/files\/2019\/02\/Motte-9-450x600.jpg 450w, https:\/\/wordpress.nibis.de\/gsschmedwolt\/files\/2019\/02\/Motte-9.jpg 960w\" sizes=\"auto, (max-width: 225px) 100vw, 225px\" \/><\/a>\n\t\t\t<\/div><\/figure><figure class='gallery-item'>\n\t\t\t<div class='gallery-icon portrait'>\n\t\t\t\t<a href='https:\/\/wordpress.nibis.de\/gsschmedwolt\/files\/2019\/02\/Motte-3.jpg'><img loading=\"lazy\" decoding=\"async\" width=\"225\" height=\"300\" src=\"https:\/\/wordpress.nibis.de\/gsschmedwolt\/files\/2019\/02\/Motte-3-225x300.jpg\" class=\"attachment-medium size-medium\" alt=\"\" srcset=\"https:\/\/wordpress.nibis.de\/gsschmedwolt\/files\/2019\/02\/Motte-3-225x300.jpg 225w, https:\/\/wordpress.nibis.de\/gsschmedwolt\/files\/2019\/02\/Motte-3-768x1024.jpg 768w, https:\/\/wordpress.nibis.de\/gsschmedwolt\/files\/2019\/02\/Motte-3-450x600.jpg 450w, https:\/\/wordpress.nibis.de\/gsschmedwolt\/files\/2019\/02\/Motte-3.jpg 960w\" sizes=\"auto, (max-width: 225px) 100vw, 225px\" \/><\/a>\n\t\t\t<\/div><\/figure>\n\t\t<\/div>\n\n","protected":false},"excerpt":{"rendered":"<p>22.02.2019 \u2013 Theaterst\u00fcck \u201eMotte will Meer\u201c des \u201eAchja! Theaters\u201c aus Essen Am Abschlusstag der Projektwoche hat uns das \u201eAchja! Theater\u201c aus Essen besucht. In der Sporthalle in Schmedenstedt durften wir uns das \u00f6kologische Musiktheaterst\u00fcck \u201eMotte will Meer\u201c ansehen, welches sich mit den\u00a0Themen Plastik, M\u00fcllvermeidung und M\u00fcllsortierung besch\u00e4ftigt.<\/p>\n","protected":false},"author":9192595,"featured_media":0,"parent":1492,"menu_order":0,"comment_status":"closed","ping_status":"closed","template":"template-full-width.php","meta":{"footnotes":""},"class_list":["post-1563","page","type-page","status-publish","hentry"],"_links":{"self":[{"href":"https:\/\/wordpress.nibis.de\/gsschmedwolt\/wp-json\/wp\/v2\/pages\/1563","targetHints":{"allow":["GET"]}}],"collection":[{"href":"https:\/\/wordpress.nibis.de\/gsschmedwolt\/wp-json\/wp\/v2\/pages"}],"about":[{"href":"https:\/\/wordpress.nibis.de\/gsschmedwolt\/wp-json\/wp\/v2\/types\/page"}],"author":[{"embeddable":true,"href":"https:\/\/wordpress.nibis.de\/gsschmedwolt\/wp-json\/wp\/v2\/users\/9192595"}],"replies":[{"embeddable":true,"href":"https:\/\/wordpress.nibis.de\/gsschmedwolt\/wp-json\/wp\/v2\/comments?post=1563"}],"version-history":[{"count":4,"href":"https:\/\/wordpress.nibis.de\/gsschmedwolt\/wp-json\/wp\/v2\/pages\/1563\/revisions"}],"predecessor-version":[{"id":1568,"href":"https:\/\/wordpress.nibis.de\/gsschmedwolt\/wp-json\/wp\/v2\/pages\/1563\/revisions\/1568"}],"up":[{"embeddable":true,"href":"https:\/\/wordpress.nibis.de\/gsschmedwolt\/wp-json\/wp\/v2\/pages\/1492"}],"wp:attachment":[{"href":"https:\/\/wordpress.nibis.de\/gsschmedwolt\/wp-json\/wp\/v2\/media?parent=1563"}],"curies":[{"name":"wp","href":"https:\/\/api.w.org\/{rel}","templated":true}]}}