{"id":1595,"date":"2019-03-08T13:25:10","date_gmt":"2019-03-08T12:25:10","guid":{"rendered":"https:\/\/wordpress.nibis.de\/gsschmedwolt\/?page_id=1595"},"modified":"2020-12-18T11:24:29","modified_gmt":"2020-12-18T10:24:29","slug":"plastikmuell-im-meer","status":"publish","type":"page","link":"https:\/\/wordpress.nibis.de\/gsschmedwolt\/schulprofil\/umweltschule\/projektwoche-alles-muell-oder-was\/plastikmuell-im-meer\/","title":{"rendered":"Plastikm\u00fcll im Meer"},"content":{"rendered":"<p>Im Rahmen unserer Projektwoche haben sich die Sch\u00fclerinnen und Sch\u00fcler des 4. Jahrgangs unter anderem mit dem Thema &#8222;Plastikm\u00fcll im Meer besch\u00e4ftigt und hierzu Power-Point-Pr\u00e4sentationen zu vier ausgew\u00e4hlten Umweltorganisationen erstellt. Die vier Sieger-Power-Point-Pr\u00e4sentationen k\u00f6nnen Sie sich unter folgenden Links herunterladen:<\/p>\n<p>Platz 1: <a href=\"https:\/\/wordpress.nibis.de\/gsschmedwolt\/files\/2019\/03\/Ocean-Care.pdf\">Oceancare<\/a><\/p>\n<p>Platz 2: <a href=\"https:\/\/wordpress.nibis.de\/gsschmedwolt\/files\/2019\/03\/Oneearth-Oneocean.pdf\">Oneearth-Oneocean<\/a><\/p>\n<p>Platz 3: <a href=\"https:\/\/wordpress.nibis.de\/gsschmedwolt\/files\/2019\/03\/WWF.pdf\">WWF<\/a><\/p>\n<p>Platz 4: <a href=\"https:\/\/wordpress.nibis.de\/gsschmedwolt\/files\/2019\/03\/Nabu.pdf\">Nabu<\/a><\/p>\n","protected":false},"excerpt":{"rendered":"<p>Im Rahmen unserer Projektwoche haben sich die Sch\u00fclerinnen und Sch\u00fcler des 4. Jahrgangs unter anderem mit dem Thema &#8222;Plastikm\u00fcll im Meer besch\u00e4ftigt und hierzu Power-Point-Pr\u00e4sentationen zu vier ausgew\u00e4hlten Umweltorganisationen erstellt. Die vier Sieger-Power-Point-Pr\u00e4sentationen k\u00f6nnen Sie sich unter folgenden Links herunterladen: Platz 1: Oceancare Platz 2: Oneearth-Oneocean Platz 3: WWF Platz 4: Nabu<\/p>\n","protected":false},"author":9192595,"featured_media":0,"parent":1492,"menu_order":0,"comment_status":"closed","ping_status":"closed","template":"template-full-width.php","meta":{"footnotes":""},"class_list":["post-1595","page","type-page","status-publish","hentry"],"_links":{"self":[{"href":"https:\/\/wordpress.nibis.de\/gsschmedwolt\/wp-json\/wp\/v2\/pages\/1595","targetHints":{"allow":["GET"]}}],"collection":[{"href":"https:\/\/wordpress.nibis.de\/gsschmedwolt\/wp-json\/wp\/v2\/pages"}],"about":[{"href":"https:\/\/wordpress.nibis.de\/gsschmedwolt\/wp-json\/wp\/v2\/types\/page"}],"author":[{"embeddable":true,"href":"https:\/\/wordpress.nibis.de\/gsschmedwolt\/wp-json\/wp\/v2\/users\/9192595"}],"replies":[{"embeddable":true,"href":"https:\/\/wordpress.nibis.de\/gsschmedwolt\/wp-json\/wp\/v2\/comments?post=1595"}],"version-history":[{"count":5,"href":"https:\/\/wordpress.nibis.de\/gsschmedwolt\/wp-json\/wp\/v2\/pages\/1595\/revisions"}],"predecessor-version":[{"id":1606,"href":"https:\/\/wordpress.nibis.de\/gsschmedwolt\/wp-json\/wp\/v2\/pages\/1595\/revisions\/1606"}],"up":[{"embeddable":true,"href":"https:\/\/wordpress.nibis.de\/gsschmedwolt\/wp-json\/wp\/v2\/pages\/1492"}],"wp:attachment":[{"href":"https:\/\/wordpress.nibis.de\/gsschmedwolt\/wp-json\/wp\/v2\/media?parent=1595"}],"curies":[{"name":"wp","href":"https:\/\/api.w.org\/{rel}","templated":true}]}}