{"id":1944,"date":"2019-05-31T16:30:42","date_gmt":"2019-05-31T14:30:42","guid":{"rendered":"https:\/\/wordpress.nibis.de\/gsschmedwolt\/?page_id=1944"},"modified":"2020-12-18T11:26:27","modified_gmt":"2020-12-18T10:26:27","slug":"verarbeitungsuebersicht","status":"publish","type":"page","link":"https:\/\/wordpress.nibis.de\/gsschmedwolt\/verarbeitungsuebersicht\/","title":{"rendered":"Verarbeitungs\u00fcbersicht"},"content":{"rendered":"<p>Eine \u00dcbersicht \u00fcber die Verarbeitung personenbezogener Daten an unserer Schule k\u00f6nnen Sie sich hier herunterladen:<\/p>\n<p><a href=\"https:\/\/wordpress.nibis.de\/gsschmedwolt\/files\/2019\/05\/Verarbeitungs\u00fcberischt.pdf\">&gt; Verarbeitungs\u00fcbersicht<\/a><\/p>\n","protected":false},"excerpt":{"rendered":"<p>Eine \u00dcbersicht \u00fcber die Verarbeitung personenbezogener Daten an unserer Schule k\u00f6nnen Sie sich hier herunterladen: &gt; Verarbeitungs\u00fcbersicht<\/p>\n","protected":false},"author":9192595,"featured_media":0,"parent":0,"menu_order":0,"comment_status":"closed","ping_status":"closed","template":"template-full-width.php","meta":{"footnotes":""},"class_list":["post-1944","page","type-page","status-publish","hentry"],"_links":{"self":[{"href":"https:\/\/wordpress.nibis.de\/gsschmedwolt\/wp-json\/wp\/v2\/pages\/1944","targetHints":{"allow":["GET"]}}],"collection":[{"href":"https:\/\/wordpress.nibis.de\/gsschmedwolt\/wp-json\/wp\/v2\/pages"}],"about":[{"href":"https:\/\/wordpress.nibis.de\/gsschmedwolt\/wp-json\/wp\/v2\/types\/page"}],"author":[{"embeddable":true,"href":"https:\/\/wordpress.nibis.de\/gsschmedwolt\/wp-json\/wp\/v2\/users\/9192595"}],"replies":[{"embeddable":true,"href":"https:\/\/wordpress.nibis.de\/gsschmedwolt\/wp-json\/wp\/v2\/comments?post=1944"}],"version-history":[{"count":7,"href":"https:\/\/wordpress.nibis.de\/gsschmedwolt\/wp-json\/wp\/v2\/pages\/1944\/revisions"}],"predecessor-version":[{"id":1959,"href":"https:\/\/wordpress.nibis.de\/gsschmedwolt\/wp-json\/wp\/v2\/pages\/1944\/revisions\/1959"}],"wp:attachment":[{"href":"https:\/\/wordpress.nibis.de\/gsschmedwolt\/wp-json\/wp\/v2\/media?parent=1944"}],"curies":[{"name":"wp","href":"https:\/\/api.w.org\/{rel}","templated":true}]}}