{"id":1960,"date":"2019-05-31T16:42:32","date_gmt":"2019-05-31T14:42:32","guid":{"rendered":"https:\/\/wordpress.nibis.de\/gsschmedwolt\/?page_id=1960"},"modified":"2020-12-18T11:26:18","modified_gmt":"2020-12-18T10:26:18","slug":"veraenderungsanzeige","status":"publish","type":"page","link":"https:\/\/wordpress.nibis.de\/gsschmedwolt\/veraenderungsanzeige\/","title":{"rendered":"Ver\u00e4nderungsanzeige"},"content":{"rendered":"<p>Unter folgendem Link k\u00f6nnen Sie sich die Ver\u00e4nderungsanzeige herunterladen:<\/p>\n<p><a href=\"https:\/\/wordpress.nibis.de\/gsschmedwolt\/files\/2019\/05\/Ver\u00e4nderungsanzeige.pdf\">&gt; Ver\u00e4nderungsanzeige<\/a><\/p>\n","protected":false},"excerpt":{"rendered":"<p>Unter folgendem Link k\u00f6nnen Sie sich die Ver\u00e4nderungsanzeige herunterladen: &gt; Ver\u00e4nderungsanzeige<\/p>\n","protected":false},"author":9192595,"featured_media":0,"parent":0,"menu_order":0,"comment_status":"closed","ping_status":"closed","template":"template-full-width.php","meta":{"footnotes":""},"class_list":["post-1960","page","type-page","status-publish","hentry"],"_links":{"self":[{"href":"https:\/\/wordpress.nibis.de\/gsschmedwolt\/wp-json\/wp\/v2\/pages\/1960","targetHints":{"allow":["GET"]}}],"collection":[{"href":"https:\/\/wordpress.nibis.de\/gsschmedwolt\/wp-json\/wp\/v2\/pages"}],"about":[{"href":"https:\/\/wordpress.nibis.de\/gsschmedwolt\/wp-json\/wp\/v2\/types\/page"}],"author":[{"embeddable":true,"href":"https:\/\/wordpress.nibis.de\/gsschmedwolt\/wp-json\/wp\/v2\/users\/9192595"}],"replies":[{"embeddable":true,"href":"https:\/\/wordpress.nibis.de\/gsschmedwolt\/wp-json\/wp\/v2\/comments?post=1960"}],"version-history":[{"count":1,"href":"https:\/\/wordpress.nibis.de\/gsschmedwolt\/wp-json\/wp\/v2\/pages\/1960\/revisions"}],"predecessor-version":[{"id":1962,"href":"https:\/\/wordpress.nibis.de\/gsschmedwolt\/wp-json\/wp\/v2\/pages\/1960\/revisions\/1962"}],"wp:attachment":[{"href":"https:\/\/wordpress.nibis.de\/gsschmedwolt\/wp-json\/wp\/v2\/media?parent=1960"}],"curies":[{"name":"wp","href":"https:\/\/api.w.org\/{rel}","templated":true}]}}