{"id":239,"date":"2018-05-08T16:40:01","date_gmt":"2018-05-08T14:40:01","guid":{"rendered":"http:\/\/wordpress.nibis.de\/gsschmedwolt\/?page_id=239"},"modified":"2025-02-26T18:57:13","modified_gmt":"2025-02-26T17:57:13","slug":"foerderverein-2","status":"publish","type":"page","link":"https:\/\/wordpress.nibis.de\/gsschmedwolt\/schule\/foerderverein-2\/","title":{"rendered":"F\u00f6rderverein"},"content":{"rendered":"<p>Unsere Schule hat seit M\u00e4rz 2000 einen eigenen F\u00f6rderverein, der rund 100 Mitglieder hat.<\/p>\n<p>Der Vorstand des F\u00f6rdervereins:<\/p>\n<p>Katja Dr\u00f6se, Michaela Westphal, Katharina Ott, Reno Roth<\/p>\n<p>Mail: foer&#100;&#101;&#114;&#118;&#101;&#114;&#101;&#x69;&#x6e;&#x40;&#x73;&#x63;&#x68;&#x75;&#x6c;&#x65;-unt&#101;&#114;&#109;&#45;&#114;&#101;&#103;&#x65;&#x6e;&#x62;&#x6f;&#x67;&#x65;&#x6e;&#x2e;&#x6e;et<\/p>\n<p>&nbsp;<\/p>\n<p>Der Verein bezweckt die <strong>ideelle und materielle F\u00f6rderung<\/strong> aller Sch\u00fclerinnen und Sch\u00fcler unserer Schule.<\/p>\n<p>Er unterst\u00fctzt <strong>p\u00e4dagogische Projekte<\/strong> wie das regelm\u00e4\u00dfig stattfindende Sicherheitstraining im Rahmen unserer Gewaltpr\u00e4vention, erste Hilfe Kurse, das Zirkusprojekt, das Musical oder die Gartenaktionstage.<\/p>\n<p>Gr\u00f6\u00dfere <strong>Anschaffungen<\/strong> \u00a0wie z.B. eine neue Musikanlage, jedes Jahr neue Pausenspielger\u00e4te, einen halben Klassensatz Waveboards, Gartenger\u00e4te, einen Klassensatz Schul-shirts oder verschiedene Lernprogramme f\u00fcr die\u00a0 Computer konnten durch den F\u00f6rderverein angeschafft werden.<\/p>\n<p>Auch Kinder einkommensschwacher Familien werden bei <strong>Ausfl\u00fcgen oder Klassenfahrten<\/strong> finanziell unterst\u00fctzt.<\/p>\n<p>Gr\u00f6\u00dfere <strong>Veranstaltungen<\/strong>, wie Schulfeste, Themenpartys, Sponsorenl\u00e4ufe, Basare oder Flohm\u00e4rkte werden au\u00dferdem vom F\u00f6rderverein ausgerichtet.<\/p>\n<p><span style=\"font-size: 18pt\"><strong>Den F\u00f6rderverein unterst\u00fctzen<\/strong><\/span><\/p>\n<p>Wir w\u00fcrden uns sehr freuen, auch Sie als neues Mitglied begr\u00fc\u00dfen zu d\u00fcrfen.<\/p>\n<p>Bei Interesse einer <strong>Mitgliedschaft<\/strong> geben Sie den Anmeldezettel in der Schule oder bei einem der Vorstandsmitglieder ab.<\/p>\n<p>Eine Eintrittserkl\u00e4rung finden sie hier zum Download.<\/p>\n<p><a href=\"https:\/\/wordpress.nibis.de\/gsschmedwolt\/files\/2025\/02\/2025-02-26-Foerdervein_Beitritt-1.pdf\">&gt; Download: Eintrittsformular F\u00f6rderverein Schule unterm Regenbogen<\/a><\/p>\n<p>&nbsp;<\/p>\n<p>&nbsp;<\/p>\n","protected":false},"excerpt":{"rendered":"<p>Unsere Schule hat seit M\u00e4rz 2000 einen eigenen F\u00f6rderverein, der rund 100 Mitglieder hat. Der Vorstand des F\u00f6rdervereins: Katja Dr\u00f6se, Michaela Westphal, Katharina Ott, Reno Roth Mail: &#102;&#x6f;&#x65;r&#100;&#x65;r&#118;&#x65;r&#101;&#x69;n&#64;&#x73;&#x63;&#104;&#x75;&#x6c;e&#45;&#x75;n&#116;&#x65;r&#109;&#x2d;&#x72;&#101;&#x67;&#x65;n&#98;&#x6f;g&#101;&#x6e;&#46;&#110;&#x65;t &nbsp; Der Verein bezweckt die ideelle und materielle F\u00f6rderung aller Sch\u00fclerinnen und Sch\u00fcler unserer Schule. Er unterst\u00fctzt p\u00e4dagogische Projekte wie das regelm\u00e4\u00dfig stattfindende Sicherheitstraining im Rahmen unserer [&hellip;]<\/p>\n","protected":false},"author":9192595,"featured_media":0,"parent":29,"menu_order":0,"comment_status":"closed","ping_status":"closed","template":"template-full-width.php","meta":{"footnotes":""},"class_list":["post-239","page","type-page","status-publish","hentry"],"_links":{"self":[{"href":"https:\/\/wordpress.nibis.de\/gsschmedwolt\/wp-json\/wp\/v2\/pages\/239","targetHints":{"allow":["GET"]}}],"collection":[{"href":"https:\/\/wordpress.nibis.de\/gsschmedwolt\/wp-json\/wp\/v2\/pages"}],"about":[{"href":"https:\/\/wordpress.nibis.de\/gsschmedwolt\/wp-json\/wp\/v2\/types\/page"}],"author":[{"embeddable":true,"href":"https:\/\/wordpress.nibis.de\/gsschmedwolt\/wp-json\/wp\/v2\/users\/9192595"}],"replies":[{"embeddable":true,"href":"https:\/\/wordpress.nibis.de\/gsschmedwolt\/wp-json\/wp\/v2\/comments?post=239"}],"version-history":[{"count":20,"href":"https:\/\/wordpress.nibis.de\/gsschmedwolt\/wp-json\/wp\/v2\/pages\/239\/revisions"}],"predecessor-version":[{"id":5090,"href":"https:\/\/wordpress.nibis.de\/gsschmedwolt\/wp-json\/wp\/v2\/pages\/239\/revisions\/5090"}],"up":[{"embeddable":true,"href":"https:\/\/wordpress.nibis.de\/gsschmedwolt\/wp-json\/wp\/v2\/pages\/29"}],"wp:attachment":[{"href":"https:\/\/wordpress.nibis.de\/gsschmedwolt\/wp-json\/wp\/v2\/media?parent=239"}],"curies":[{"name":"wp","href":"https:\/\/api.w.org\/{rel}","templated":true}]}}