{"id":2581,"date":"2020-01-22T20:42:17","date_gmt":"2020-01-22T19:42:17","guid":{"rendered":"https:\/\/wordpress.nibis.de\/gsschmedwolt\/?page_id=2581"},"modified":"2025-09-08T10:58:15","modified_gmt":"2025-09-08T08:58:15","slug":"entwicklung-der-schulstandorte","status":"publish","type":"page","link":"https:\/\/wordpress.nibis.de\/gsschmedwolt\/aktuelles\/entwicklung-der-schulstandorte\/","title":{"rendered":"Entwicklung der Schulstandorte"},"content":{"rendered":"<p style=\"text-align: center\"><strong>&#8222;Das wunderbarste an Wundern ist, dass sie manchmal wirklich geschehen&#8220;<\/strong><\/p>\n<p style=\"text-align: center\"><em>Gilbert Keith Chesterton<\/em><\/p>\n<p>&nbsp;<\/p>\n<p>Auf dieser Seite k\u00f6nnen Sie sich \u00fcber die Entwicklung unserer Schulstandorte informieren und sich unter den folgenden Links, die entsprechenden Informationen herunterladen:<\/p>\n<p>&nbsp;<\/p>\n<p><strong>Zukunft der Schule:<\/strong><\/p>\n<p>In den letzten Jahren wurde viel \u00fcber die Zukunft unserer Schule sowie \u00fcber die beiden Schulstandorte Schmedenstedt und Woltorf in der \u00d6ffentlichkeit, in der Politik und in der Verwaltung diskutiert. Der Rat der Stadt Peine hat im Dezember 2023 entschieden, dass zuk\u00fcnftig alle Sch\u00fcler*innen der Schule unterm Regenbogen in Schmedenstedt beschult werden.<\/p>\n<p>&nbsp;<\/p>\n<p><strong>Padlet &#8222;Neubau&#8220;:<\/strong><\/p>\n<p><a href=\"https:\/\/padlet.com\/gsberd\/schulbau-der-schule-unterm-regenbogen-g76le7wzonfjxf8q\">&gt; Padlet &#8222;Neubau&#8220;<\/a><\/p>\n<p>&nbsp;<\/p>\n<p><strong>Kurzdarstellung der Historie im \u00dcberblick:<\/strong><\/p>\n<p><a href=\"https:\/\/wordpress.nibis.de\/gsschmedwolt\/files\/2023\/02\/2023-02-Stand-Schuldebatte.pdf\">&gt; Kurzdarstellung<\/a><\/p>\n<p>&nbsp;<\/p>\n<p><strong>Presseartikel:<\/strong><\/p>\n<p><a href=\"https:\/\/wordpress.nibis.de\/gsschmedwolt\/files\/2022\/12\/Woltorf-und-Schmedenstedt-kaempfen-um-ihre-Grundschule-Peiner-Nachrichten.pdf\">&gt; &#8222;Woltorf und Schmedenstedt k\u00e4mpfen um ihre Grundschule&#8220; (09.12.2022)<\/a><\/p>\n<p><a href=\"https:\/\/wordpress.nibis.de\/gsschmedwolt\/files\/2019\/12\/Artikel13.12.2019.jpg\">&gt; Ortsrat Woltorf: Grundschuldebatte vorerst gestoppt (13.12.2019)<\/a><\/p>\n<p><a href=\"https:\/\/wordpress.nibis.de\/gsschmedwolt\/files\/2019\/11\/f9b4d5e1-f1c5-4bc6-8778-c63b24a31efc.jpg\">&gt; Schulentwicklung Peine-S\u00fcdost: Stadt setzt Beratungen vorerst aus (05.11.2019)<\/a><\/p>\n<p><a href=\"https:\/\/wordpress.nibis.de\/gsschmedwolt\/files\/2019\/10\/PAZ-1.jpg\">&gt; \u201eGegen Schlie\u00dfung: Grundschule pr\u00e4sentiert sich\u201c (26.10.2019)<\/a><\/p>\n<p><a href=\"https:\/\/wordpress.nibis.de\/gsschmedwolt\/files\/2019\/10\/TdoT-in-Schmedenstedt_PN-vom-26.10.2019.pdf\">&gt; \u201eGrundschule in Schmedenstedt und Woltorf wirbt f\u00fcr sich selbst\u201c (26.10.2019)<\/a><\/p>\n<p><a href=\"https:\/\/wordpress.nibis.de\/gsschmedwolt\/files\/2019\/10\/2d3b6518-83b4-45ce-adad-d9a2faab0874.jpg\">&gt; \u201eRegenbogen\u201c-Schule: Initiative sammelt Unterschriften zum Erhalt (19.10.2019)<\/a><\/p>\n<p><a href=\"https:\/\/wordpress.nibis.de\/gsschmedwolt\/files\/2019\/10\/Bildschirmfoto-2019-10-12-um-10.50.23.png\">&gt; Die \u201eSchule unterm Regenbogen\u201c k\u00e4mpft f\u00fcr ihren Erhalt (12.10.2019)<\/a><\/p>\n<p><a href=\"https:\/\/wordpress.nibis.de\/gsschmedwolt\/files\/2019\/10\/PAZ.jpg\">&gt; Schule unterm Regenbogen: Tag der offenen T\u00fcr (10.10.2019)<\/a><\/p>\n<p>&gt; \u201eUnser Schulkonzept muss unbedingt erhalten bleiben\u201c<br \/>\n(http:\/\/regionalpeine.de\/unser-schulkonzept-muss-unbedingt-erhalten-bleiben\/.)<\/p>\n<p><a href=\"https:\/\/wordpress.nibis.de\/gsschmedwolt\/files\/2019\/06\/Artikel-1.6.19.pdf\">&gt; Dungelbeck, Schmedenstedt, Woltorf: Welche Schule muss schlie\u00dfen? (01.06.2019)<\/a><\/p>\n<p>&nbsp;<\/p>\n<p><strong>Stellungnahmen:<\/strong><\/p>\n<p><a href=\"https:\/\/wordpress.nibis.de\/gsschmedwolt\/files\/2019\/09\/StellungnahmeSchulleiterin.pdf\">&gt; Stellungnahme der Schulleiterin und des Kollegiums zum Erhalt des Schulverbundes (September 2019)<\/a><\/p>\n<p><a href=\"https:\/\/wordpress.nibis.de\/gsschmedwolt\/files\/2019\/09\/SER-GS-Woltorf_Schmedenstedt-Pl\u00e4doyer-Fortbestand-und-Weiterentwicklung.pdf\">&gt; Stellungnahme SER zum Fortbestand des Schulverbundes (September 2019)<\/a><\/p>\n<p>&nbsp;<\/p>\n<p><strong>Unser Schulfilm zum Tag der offenen T\u00fcr:<\/strong><\/p>\n<p><a href=\"https:\/\/youtu.be\/YnzFiBxD2YI?si=TIx_1TdYIZO-jHWi\">&gt; Schulfilm<\/a><\/p>\n<p>&nbsp;<\/p>\n<p><strong>Tag der offenen T\u00fcr:<\/strong><\/p>\n<p><strong>25.10.2019 \u2013 Der <em>Tag der Offenen T\u00fcr<\/em> \u2013 ein voller Erfolg. Die Schule unterm Regenbogen als Teil des Dorfes.<\/strong><\/p>\n<p>Sehr viele G\u00e4ste, die nach dem Blick hinter die Kulissen von der Arbeit und dem Geist der Schule begeistert waren. Eine gro\u00dfartige Unterst\u00fctzung durch die Elternschaft, ehemalige Sch\u00fcler*Innen, die Vereine der beiden D\u00f6rfer und durch die Kooperationspartner. Ein buntes und lebendiges Treiben in dem Schulgeb\u00e4ude, auf dem Schulhof und vor dem Kindergarten. Ratsmitglieder aller Parteien, Vertreter des Schultr\u00e4gers, der Landesschulbeh\u00f6rde und zwei Landtagsabgeordnete in intensiven Gespr\u00e4chen. Das Motto: <em>erst gucken, dann entscheiden<\/em> f\u00fchrt hoffentlich zu der Entscheidung f\u00fcr den Schulverbund. Wir sind optimistisch.<\/p>\n<div id='gallery-1' class='gallery galleryid-2581 gallery-columns-3 gallery-size-medium'><figure class='gallery-item'>\n\t\t\t<div class='gallery-icon landscape'>\n\t\t\t\t<a href='https:\/\/wordpress.nibis.de\/gsschmedwolt\/files\/2019\/10\/A29F9E0B-7C60-476E-B966-C3CD64EBB0CB.jpg'><img loading=\"lazy\" decoding=\"async\" width=\"300\" height=\"300\" src=\"https:\/\/wordpress.nibis.de\/gsschmedwolt\/files\/2019\/10\/A29F9E0B-7C60-476E-B966-C3CD64EBB0CB-300x300.jpg\" class=\"attachment-medium size-medium\" alt=\"\" srcset=\"https:\/\/wordpress.nibis.de\/gsschmedwolt\/files\/2019\/10\/A29F9E0B-7C60-476E-B966-C3CD64EBB0CB-300x300.jpg 300w, https:\/\/wordpress.nibis.de\/gsschmedwolt\/files\/2019\/10\/A29F9E0B-7C60-476E-B966-C3CD64EBB0CB-150x150.jpg 150w, https:\/\/wordpress.nibis.de\/gsschmedwolt\/files\/2019\/10\/A29F9E0B-7C60-476E-B966-C3CD64EBB0CB-768x768.jpg 768w, https:\/\/wordpress.nibis.de\/gsschmedwolt\/files\/2019\/10\/A29F9E0B-7C60-476E-B966-C3CD64EBB0CB-600x600.jpg 600w, https:\/\/wordpress.nibis.de\/gsschmedwolt\/files\/2019\/10\/A29F9E0B-7C60-476E-B966-C3CD64EBB0CB.jpg 1280w\" sizes=\"auto, (max-width: 300px) 100vw, 300px\" \/><\/a>\n\t\t\t<\/div><\/figure>\n\t\t<\/div>\n\n<p><strong>24.10.2019 \u2013 Der <em>Tag der Offenen T\u00fcr<\/em> kann kommen<\/strong><\/p>\n<p>Alle haben mit angefasst und nun ist die Schule in Schmedenstedt bereit f\u00fcr den <em>Tag der offenen T\u00fcr<\/em> am 25.10.2019. Jeder Klassenraum ist vorbereitet, die Flure und die Turnhalle sind geschm\u00fcckt und wir freuen uns auf alle G\u00e4ste, Freunde und Unterst\u00fctzer unserer Schule.<\/p>\n<div id='gallery-2' class='gallery galleryid-2581 gallery-columns-3 gallery-size-medium'><figure class='gallery-item'>\n\t\t\t<div class='gallery-icon landscape'>\n\t\t\t\t<a href='https:\/\/wordpress.nibis.de\/gsschmedwolt\/files\/2019\/10\/d4e5935e-af32-4d58-93d5-a70da9a7d38f.jpg'><img loading=\"lazy\" decoding=\"async\" width=\"300\" height=\"225\" src=\"https:\/\/wordpress.nibis.de\/gsschmedwolt\/files\/2019\/10\/d4e5935e-af32-4d58-93d5-a70da9a7d38f-300x225.jpg\" class=\"attachment-medium size-medium\" alt=\"\" srcset=\"https:\/\/wordpress.nibis.de\/gsschmedwolt\/files\/2019\/10\/d4e5935e-af32-4d58-93d5-a70da9a7d38f-300x225.jpg 300w, https:\/\/wordpress.nibis.de\/gsschmedwolt\/files\/2019\/10\/d4e5935e-af32-4d58-93d5-a70da9a7d38f.jpg 640w\" sizes=\"auto, (max-width: 300px) 100vw, 300px\" \/><\/a>\n\t\t\t<\/div><\/figure>\n\t\t<\/div>\n\n<p><strong>26.09.2019 \u2013 Plakatgestaltung f\u00fcr den Tag der offenen T\u00fcr<\/strong><\/p>\n<p>Die Sch\u00fclerinnen und Sch\u00fcler der Schule unterm Regenbogen gestalten flei\u00dfig Plakate zum Tag der offenen T\u00fcr am 25.10.2019 in der Schule in Schmedenstedt.<\/p>\n<div class=\"polaroid-gallery galleryid-126\">\n<div id='gallery-3' class='gallery galleryid-2581 gallery-columns-3 gallery-size-medium'><figure class='gallery-item'>\n\t\t\t<div class='gallery-icon portrait'>\n\t\t\t\t<a href='https:\/\/wordpress.nibis.de\/gsschmedwolt\/files\/2019\/09\/5815bd91-b9de-493e-8afa-1ac83664cf4a.jpg'><img loading=\"lazy\" decoding=\"async\" width=\"225\" height=\"300\" src=\"https:\/\/wordpress.nibis.de\/gsschmedwolt\/files\/2019\/09\/5815bd91-b9de-493e-8afa-1ac83664cf4a-225x300.jpg\" class=\"attachment-medium size-medium\" alt=\"\" srcset=\"https:\/\/wordpress.nibis.de\/gsschmedwolt\/files\/2019\/09\/5815bd91-b9de-493e-8afa-1ac83664cf4a-225x300.jpg 225w, https:\/\/wordpress.nibis.de\/gsschmedwolt\/files\/2019\/09\/5815bd91-b9de-493e-8afa-1ac83664cf4a-768x1024.jpg 768w, https:\/\/wordpress.nibis.de\/gsschmedwolt\/files\/2019\/09\/5815bd91-b9de-493e-8afa-1ac83664cf4a-450x600.jpg 450w, https:\/\/wordpress.nibis.de\/gsschmedwolt\/files\/2019\/09\/5815bd91-b9de-493e-8afa-1ac83664cf4a.jpg 1200w\" sizes=\"auto, (max-width: 225px) 100vw, 225px\" \/><\/a>\n\t\t\t<\/div><\/figure>\n\t\t<\/div>\n\n<\/div>\n","protected":false},"excerpt":{"rendered":"<p>&#8222;Das wunderbarste an Wundern ist, dass sie manchmal wirklich geschehen&#8220; Gilbert Keith Chesterton &nbsp; Auf dieser Seite k\u00f6nnen Sie sich \u00fcber die Entwicklung unserer Schulstandorte informieren und sich unter den folgenden Links, die entsprechenden Informationen herunterladen: &nbsp; Zukunft der Schule: In den letzten Jahren wurde viel \u00fcber die Zukunft unserer Schule sowie \u00fcber die beiden [&hellip;]<\/p>\n","protected":false},"author":9192595,"featured_media":0,"parent":33,"menu_order":0,"comment_status":"closed","ping_status":"closed","template":"template-full-width.php","meta":{"footnotes":""},"class_list":["post-2581","page","type-page","status-publish","hentry"],"_links":{"self":[{"href":"https:\/\/wordpress.nibis.de\/gsschmedwolt\/wp-json\/wp\/v2\/pages\/2581","targetHints":{"allow":["GET"]}}],"collection":[{"href":"https:\/\/wordpress.nibis.de\/gsschmedwolt\/wp-json\/wp\/v2\/pages"}],"about":[{"href":"https:\/\/wordpress.nibis.de\/gsschmedwolt\/wp-json\/wp\/v2\/types\/page"}],"author":[{"embeddable":true,"href":"https:\/\/wordpress.nibis.de\/gsschmedwolt\/wp-json\/wp\/v2\/users\/9192595"}],"replies":[{"embeddable":true,"href":"https:\/\/wordpress.nibis.de\/gsschmedwolt\/wp-json\/wp\/v2\/comments?post=2581"}],"version-history":[{"count":30,"href":"https:\/\/wordpress.nibis.de\/gsschmedwolt\/wp-json\/wp\/v2\/pages\/2581\/revisions"}],"predecessor-version":[{"id":5221,"href":"https:\/\/wordpress.nibis.de\/gsschmedwolt\/wp-json\/wp\/v2\/pages\/2581\/revisions\/5221"}],"up":[{"embeddable":true,"href":"https:\/\/wordpress.nibis.de\/gsschmedwolt\/wp-json\/wp\/v2\/pages\/33"}],"wp:attachment":[{"href":"https:\/\/wordpress.nibis.de\/gsschmedwolt\/wp-json\/wp\/v2\/media?parent=2581"}],"curies":[{"name":"wp","href":"https:\/\/api.w.org\/{rel}","templated":true}]}}