{"id":29,"date":"2018-05-07T18:20:30","date_gmt":"2018-05-07T16:20:30","guid":{"rendered":"http:\/\/wordpress.nibis.de\/gsschmedwolt\/?page_id=29"},"modified":"2020-12-18T11:43:26","modified_gmt":"2020-12-18T10:43:26","slug":"schule","status":"publish","type":"page","link":"https:\/\/wordpress.nibis.de\/gsschmedwolt\/schule\/","title":{"rendered":"Schule"},"content":{"rendered":"<p>Die Schule unterm Regenbogen ist ein zweiz\u00fcgiger Schulverbund mit den Standorten Schmedenstedt und Woltorf. In Schmedenstedt werden die ersten und zweiten Klassen unterrichtet, in Woltorf die dritten und vierten Klassen.<\/p>\n<p><span style=\"font-size: 12pt\">Klicken Sie auf einen der folgenden Links, um weitere Informationen zu erhalten:<\/span><\/p>\n<p><span style=\"font-size: 12pt\">&gt; <a href=\"http:\/\/wordpress.nibis.de\/gsschmedwolt\/schule\/klassen\/\">Klassen<\/a><\/span><\/p>\n<p><span style=\"font-size: 12pt\">&gt; <a href=\"http:\/\/wordpress.nibis.de\/gsschmedwolt\/schule\/team\/\">Team<\/a> (<a href=\"http:\/\/wordpress.nibis.de\/gsschmedwolt\/schule\/team\/schulleiterin\/\">Schulleiterin<\/a>, <a href=\"http:\/\/wordpress.nibis.de\/gsschmedwolt\/schule\/team\/kollegium\/\">Kollegium<\/a>, <a href=\"http:\/\/wordpress.nibis.de\/gsschmedwolt\/schule\/team\/mitarbeiter\/\">Mitarbeiter<\/a>)<\/span><\/p>\n<p><span style=\"font-size: 12pt\">&gt; <a href=\"http:\/\/wordpress.nibis.de\/gsschmedwolt\/schule\/gremien\/\">Gremien <\/a>(<a href=\"http:\/\/wordpress.nibis.de\/gsschmedwolt\/schule\/gremien\/schulvorstand\/\">Schulvorstand<\/a>, <a href=\"http:\/\/wordpress.nibis.de\/gsschmedwolt\/schule\/gremien\/gesamatkonferenz\/\">Gesamtkonferenz<\/a>, <a href=\"http:\/\/wordpress.nibis.de\/gsschmedwolt\/schule\/gremien\/schulelternrat\/\">Schulelternrat<\/a>)<\/span><\/p>\n<p><span style=\"font-size: 12pt\">&gt; <a href=\"http:\/\/wordpress.nibis.de\/gsschmedwolt\/schule\/foerderverein-2\/\">F\u00f6rderverein<\/a><\/span><\/p>\n<p><span style=\"font-size: 12pt\">&gt; <a href=\"http:\/\/wordpress.nibis.de\/gsschmedwolt\/schule\/foerderverein\/\">\u00a0Kooperationspartner<\/a><\/span><\/p>\n<p><img loading=\"lazy\" decoding=\"async\" class=\"wp-image-230 alignright\" src=\"http:\/\/wordpress.nibis.de\/gsschmedwolt\/files\/2018\/05\/schme.png\" alt=\"\" width=\"361\" height=\"226\" \/><br \/>\nIm Schulgeb\u00e4ude in Schmedenstedt befinden sich die Klassenr\u00e4ume der 1a, 1b, 2a und 2b, zwei R\u00e4ume f\u00fcr die Betreuung, die Mehrzweckhalle mit Vorraum (f\u00fcr Versammlungen) und eine K\u00fcche. Jede Klasse ist mit zwei Laptops ausgestattet, in einer Klasse ist zus\u00e4tzlich ein interaktives Whiteboard vorhanden. Im oberen Stockwerk befinden sich der Verwaltungstrakt f\u00fcr die Schulleitung, das Sekretariat sowie zwei Konferenzr\u00e4ume.<\/p>\n<p>&nbsp;<\/p>\n<p><img loading=\"lazy\" decoding=\"async\" class=\" wp-image-231 alignleft\" src=\"http:\/\/wordpress.nibis.de\/gsschmedwolt\/files\/2018\/05\/wo.png\" alt=\"\" width=\"334\" height=\"247\" \/><\/p>\n<p>Im Schulgeb\u00e4ude in Woltorf befinden sich vier weitere Klassenr\u00e4ume (3a, 3b, 4a, 4b), eine B\u00fccherei, die auch als Gruppenraum genutzt wird, ein Werkraum, ein Computerraum mit 12 Arbeitspl\u00e4tzen und einem interaktiven Whiteboard sowie eine K\u00fcche. Auch hier ist ein Klassenraum mit einem interaktiven Whiteboard ausgestattet. Hinter dem Schulgeb\u00e4ude wurde mit Eltern, Lehrern und Kindern ein Schulgarten angelegt.<\/p>\n<p>&nbsp;<\/p>\n<p>&nbsp;<\/p>\n<p><strong>Weitere Infos zum Team der Schule<\/strong><\/p>\n<p><span style=\"font-size: 12pt\">&gt; <a href=\"http:\/\/wordpress.nibis.de\/gsschmedwolt\/schule\/team\/schulleiterin\/\">Schulleiterin<\/a><\/span><\/p>\n<p><span style=\"font-size: 12pt\">&gt; <a href=\"http:\/\/wordpress.nibis.de\/gsschmedwolt\/schule\/team\/kollegium\/\">Kollegium<\/a><\/span><\/p>\n<p><span style=\"font-size: 12pt\">&gt; <a href=\"http:\/\/wordpress.nibis.de\/gsschmedwolt\/schule\/team\/mitarbeiter\/\">Mitarbeiter<\/a><\/span><\/p>\n","protected":false},"excerpt":{"rendered":"<p>Die Schule unterm Regenbogen ist ein zweiz\u00fcgiger Schulverbund mit den Standorten Schmedenstedt und Woltorf. In Schmedenstedt werden die ersten und zweiten Klassen unterrichtet, in Woltorf die dritten und vierten Klassen. Klicken Sie auf einen der folgenden Links, um weitere Informationen zu erhalten: &gt; Klassen &gt; Team (Schulleiterin, Kollegium, Mitarbeiter) &gt; Gremien (Schulvorstand, Gesamtkonferenz, Schulelternrat) &gt; [&hellip;]<\/p>\n","protected":false},"author":9192595,"featured_media":0,"parent":0,"menu_order":0,"comment_status":"closed","ping_status":"closed","template":"template-full-width.php","meta":{"footnotes":""},"class_list":["post-29","page","type-page","status-publish","hentry"],"_links":{"self":[{"href":"https:\/\/wordpress.nibis.de\/gsschmedwolt\/wp-json\/wp\/v2\/pages\/29","targetHints":{"allow":["GET"]}}],"collection":[{"href":"https:\/\/wordpress.nibis.de\/gsschmedwolt\/wp-json\/wp\/v2\/pages"}],"about":[{"href":"https:\/\/wordpress.nibis.de\/gsschmedwolt\/wp-json\/wp\/v2\/types\/page"}],"author":[{"embeddable":true,"href":"https:\/\/wordpress.nibis.de\/gsschmedwolt\/wp-json\/wp\/v2\/users\/9192595"}],"replies":[{"embeddable":true,"href":"https:\/\/wordpress.nibis.de\/gsschmedwolt\/wp-json\/wp\/v2\/comments?post=29"}],"version-history":[{"count":20,"href":"https:\/\/wordpress.nibis.de\/gsschmedwolt\/wp-json\/wp\/v2\/pages\/29\/revisions"}],"predecessor-version":[{"id":3551,"href":"https:\/\/wordpress.nibis.de\/gsschmedwolt\/wp-json\/wp\/v2\/pages\/29\/revisions\/3551"}],"wp:attachment":[{"href":"https:\/\/wordpress.nibis.de\/gsschmedwolt\/wp-json\/wp\/v2\/media?parent=29"}],"curies":[{"name":"wp","href":"https:\/\/api.w.org\/{rel}","templated":true}]}}