{"id":2901,"date":"2020-06-10T13:59:07","date_gmt":"2020-06-10T11:59:07","guid":{"rendered":"https:\/\/wordpress.nibis.de\/gsschmedwolt\/?page_id=2901"},"modified":"2023-03-16T14:04:18","modified_gmt":"2023-03-16T13:04:18","slug":"digitales-lernen","status":"publish","type":"page","link":"https:\/\/wordpress.nibis.de\/gsschmedwolt\/digitales-lernen\/","title":{"rendered":"Digitales Lernen"},"content":{"rendered":"<figure id=\"attachment_3560\" aria-describedby=\"caption-attachment-3560\" style=\"width: 452px\" class=\"wp-caption alignright\"><a href=\"https:\/\/wordpress.nibis.de\/gsschmedwolt\/files\/2020\/12\/Weborganisation-2021.png\"><img loading=\"lazy\" decoding=\"async\" class=\"wp-image-3560\" src=\"https:\/\/wordpress.nibis.de\/gsschmedwolt\/files\/2020\/12\/Weborganisation-2021.png\" alt=\"\" width=\"452\" height=\"507\" srcset=\"https:\/\/wordpress.nibis.de\/gsschmedwolt\/files\/2020\/12\/Weborganisation-2021.png 1925w, https:\/\/wordpress.nibis.de\/gsschmedwolt\/files\/2020\/12\/Weborganisation-2021-267x300.png 267w, https:\/\/wordpress.nibis.de\/gsschmedwolt\/files\/2020\/12\/Weborganisation-2021-535x600.png 535w, https:\/\/wordpress.nibis.de\/gsschmedwolt\/files\/2020\/12\/Weborganisation-2021-768x862.png 768w, https:\/\/wordpress.nibis.de\/gsschmedwolt\/files\/2020\/12\/Weborganisation-2021-1369x1536.png 1369w, https:\/\/wordpress.nibis.de\/gsschmedwolt\/files\/2020\/12\/Weborganisation-2021-1825x2048.png 1825w\" sizes=\"auto, (max-width: 452px) 100vw, 452px\" \/><\/a><figcaption id=\"caption-attachment-3560\" class=\"wp-caption-text\">Weborganisation der Schule unterm Regenbogen im Jahr 2021<\/figcaption><\/figure>\n<p><strong>Medienkonzept<\/strong>:<\/p>\n<p>Unter folgendem Link k\u00f6nnen Sie sich unser aktuelles Medienkonzept herunterladen:<\/p>\n<p><a href=\"https:\/\/wordpress.nibis.de\/gsschmedwolt\/files\/2021\/05\/2021-05-Medienentwicklungskonzept-Schule-unterm-Regenbogen.pdf\">&gt; Medienentwicklungskonzept<\/a><\/p>\n<p><strong>Padlet<\/strong>:<\/p>\n<p>Unter folgenden Links k\u00f6nnen Sie die Padletseiten der jeweiligen Jahrg\u00e4nge erreichen. Die ben\u00f6tigten Passw\u00f6rter erhalten Sie bei den Klassenlehrerteams Ihres Kindes.<\/p>\n<p><a href=\"https:\/\/padlet.com\/andreaschild1\/einschulingsjahrgang-2022-w0jeulyowv98q02p\">&gt; Einschulungsjahrgang 2022<\/a><\/p>\n<p><a href=\"https:\/\/padlet.com\/verapetersen1\/jahrgang-2-7ft28yvwvaovamul\">&gt; Einschulungsjahrgang 2021<\/a><\/p>\n<p><a href=\"https:\/\/padlet.com\/ingacaspary2\/schulanf-nger-schuljahr-2020-21-ld11yi43e04ivmva\">&gt; Einschulungsjahrgang 2020<\/a><\/p>\n<p><a href=\"https:\/\/padlet.com\/gsberd\/einschulungsjahrgang-2019-nn14po1efbm4yzq3\">&gt; Einschulungsjahrgang 2019<\/a><\/p>\n<p>&nbsp;<\/p>\n<p>&nbsp;<\/p>\n","protected":false},"excerpt":{"rendered":"<p>Medienkonzept: Unter folgendem Link k\u00f6nnen Sie sich unser aktuelles Medienkonzept herunterladen: &gt; Medienentwicklungskonzept Padlet: Unter folgenden Links k\u00f6nnen Sie die Padletseiten der jeweiligen Jahrg\u00e4nge erreichen. Die ben\u00f6tigten Passw\u00f6rter erhalten Sie bei den Klassenlehrerteams Ihres Kindes. &gt; Einschulungsjahrgang 2022 &gt; Einschulungsjahrgang 2021 &gt; Einschulungsjahrgang 2020 &gt; Einschulungsjahrgang 2019 &nbsp; &nbsp;<\/p>\n","protected":false},"author":9192595,"featured_media":0,"parent":0,"menu_order":5,"comment_status":"closed","ping_status":"closed","template":"template-full-width.php","meta":{"footnotes":""},"class_list":["post-2901","page","type-page","status-publish","hentry"],"_links":{"self":[{"href":"https:\/\/wordpress.nibis.de\/gsschmedwolt\/wp-json\/wp\/v2\/pages\/2901","targetHints":{"allow":["GET"]}}],"collection":[{"href":"https:\/\/wordpress.nibis.de\/gsschmedwolt\/wp-json\/wp\/v2\/pages"}],"about":[{"href":"https:\/\/wordpress.nibis.de\/gsschmedwolt\/wp-json\/wp\/v2\/types\/page"}],"author":[{"embeddable":true,"href":"https:\/\/wordpress.nibis.de\/gsschmedwolt\/wp-json\/wp\/v2\/users\/9192595"}],"replies":[{"embeddable":true,"href":"https:\/\/wordpress.nibis.de\/gsschmedwolt\/wp-json\/wp\/v2\/comments?post=2901"}],"version-history":[{"count":30,"href":"https:\/\/wordpress.nibis.de\/gsschmedwolt\/wp-json\/wp\/v2\/pages\/2901\/revisions"}],"predecessor-version":[{"id":4400,"href":"https:\/\/wordpress.nibis.de\/gsschmedwolt\/wp-json\/wp\/v2\/pages\/2901\/revisions\/4400"}],"wp:attachment":[{"href":"https:\/\/wordpress.nibis.de\/gsschmedwolt\/wp-json\/wp\/v2\/media?parent=2901"}],"curies":[{"name":"wp","href":"https:\/\/api.w.org\/{rel}","templated":true}]}}