{"id":349,"date":"2018-06-04T13:58:58","date_gmt":"2018-06-04T11:58:58","guid":{"rendered":"http:\/\/wordpress.nibis.de\/gsschmedwolt\/?page_id=349"},"modified":"2025-09-08T11:35:52","modified_gmt":"2025-09-08T09:35:52","slug":"mitarbeiter","status":"publish","type":"page","link":"https:\/\/wordpress.nibis.de\/gsschmedwolt\/schule\/team\/mitarbeiter\/","title":{"rendered":"Mitarbeiter"},"content":{"rendered":"<p><strong><span style=\"font-size: 18pt\">Die P\u00e4dagogischen Mitarbeiterinnen<\/span><\/strong><\/p>\n<p>An unserer Schule arbeiten im Rahmen der Verl\u00e4sslichkeit und im Ganztag folgende p\u00e4dagogischen Mitarbeiterinnen: Frau Kr\u00fcger, Frau Lies, Frau Plinke, Frau Werner.<\/p>\n<p><strong><span style=\"font-size: 18pt\">Die Sekret\u00e4rin<\/span><\/strong><\/p>\n<blockquote><p>&gt; <a href=\"http:\/\/wordpress.nibis.de\/gsschmedwolt\/organisation\/sekretariat\/\">Informationen zum Sekretariat\u00a0<\/a><\/p><\/blockquote>\n<p><strong><span style=\"font-size: 18pt\">Der Hausmeister<\/span><\/strong><\/p>\n<p>Auch unser Hausmeister Herr Lindemann ist f\u00fcr unsere beiden Standorte zust\u00e4ndig.<\/p>\n<p><span style=\"font-size: 18pt\"><strong>Schulbegleiter*innen<\/strong><\/span><\/p>\n<p>Einige unserer Sch\u00fcler*innen werden durch Schulbegleiter*innen unterst\u00fctzt.<\/p>\n","protected":false},"excerpt":{"rendered":"<p>Die P\u00e4dagogischen Mitarbeiterinnen An unserer Schule arbeiten im Rahmen der Verl\u00e4sslichkeit und im Ganztag folgende p\u00e4dagogischen Mitarbeiterinnen: Frau Kr\u00fcger, Frau Lies, Frau Plinke, Frau Werner. Die Sekret\u00e4rin &gt; Informationen zum Sekretariat\u00a0 Der Hausmeister Auch unser Hausmeister Herr Lindemann ist f\u00fcr unsere beiden Standorte zust\u00e4ndig. Schulbegleiter*innen Einige unserer Sch\u00fcler*innen werden durch Schulbegleiter*innen unterst\u00fctzt.<\/p>\n","protected":false},"author":9192595,"featured_media":0,"parent":64,"menu_order":0,"comment_status":"closed","ping_status":"closed","template":"template-full-width.php","meta":{"footnotes":""},"class_list":["post-349","page","type-page","status-publish","hentry"],"_links":{"self":[{"href":"https:\/\/wordpress.nibis.de\/gsschmedwolt\/wp-json\/wp\/v2\/pages\/349","targetHints":{"allow":["GET"]}}],"collection":[{"href":"https:\/\/wordpress.nibis.de\/gsschmedwolt\/wp-json\/wp\/v2\/pages"}],"about":[{"href":"https:\/\/wordpress.nibis.de\/gsschmedwolt\/wp-json\/wp\/v2\/types\/page"}],"author":[{"embeddable":true,"href":"https:\/\/wordpress.nibis.de\/gsschmedwolt\/wp-json\/wp\/v2\/users\/9192595"}],"replies":[{"embeddable":true,"href":"https:\/\/wordpress.nibis.de\/gsschmedwolt\/wp-json\/wp\/v2\/comments?post=349"}],"version-history":[{"count":19,"href":"https:\/\/wordpress.nibis.de\/gsschmedwolt\/wp-json\/wp\/v2\/pages\/349\/revisions"}],"predecessor-version":[{"id":5236,"href":"https:\/\/wordpress.nibis.de\/gsschmedwolt\/wp-json\/wp\/v2\/pages\/349\/revisions\/5236"}],"up":[{"embeddable":true,"href":"https:\/\/wordpress.nibis.de\/gsschmedwolt\/wp-json\/wp\/v2\/pages\/64"}],"wp:attachment":[{"href":"https:\/\/wordpress.nibis.de\/gsschmedwolt\/wp-json\/wp\/v2\/media?parent=349"}],"curies":[{"name":"wp","href":"https:\/\/api.w.org\/{rel}","templated":true}]}}