{"id":3508,"date":"2020-12-18T10:29:13","date_gmt":"2020-12-18T09:29:13","guid":{"rendered":"https:\/\/wordpress.nibis.de\/gsschmedwolt\/?page_id=3508"},"modified":"2020-12-18T11:01:38","modified_gmt":"2020-12-18T10:01:38","slug":"foerderkonzept","status":"publish","type":"page","link":"https:\/\/wordpress.nibis.de\/gsschmedwolt\/foerderkonzept\/","title":{"rendered":"F\u00f6rderkonzept"},"content":{"rendered":"<p>Unter folgendem Link k\u00f6nnen Sie sich unser aktuelles F\u00f6rderkonzept herunterladen:<\/p>\n<p><a href=\"https:\/\/wordpress.nibis.de\/gsschmedwolt\/files\/2020\/12\/08-2019-02-F\u00f6rderkonzept.pdf\">&gt; F\u00f6rderkonzept<\/a><\/p>\n","protected":false},"excerpt":{"rendered":"<p>Unter folgendem Link k\u00f6nnen Sie sich unser aktuelles F\u00f6rderkonzept herunterladen: &gt; F\u00f6rderkonzept<\/p>\n","protected":false},"author":9192595,"featured_media":0,"parent":0,"menu_order":0,"comment_status":"closed","ping_status":"closed","template":"template-full-width.php","meta":{"footnotes":""},"class_list":["post-3508","page","type-page","status-publish","hentry"],"_links":{"self":[{"href":"https:\/\/wordpress.nibis.de\/gsschmedwolt\/wp-json\/wp\/v2\/pages\/3508","targetHints":{"allow":["GET"]}}],"collection":[{"href":"https:\/\/wordpress.nibis.de\/gsschmedwolt\/wp-json\/wp\/v2\/pages"}],"about":[{"href":"https:\/\/wordpress.nibis.de\/gsschmedwolt\/wp-json\/wp\/v2\/types\/page"}],"author":[{"embeddable":true,"href":"https:\/\/wordpress.nibis.de\/gsschmedwolt\/wp-json\/wp\/v2\/users\/9192595"}],"replies":[{"embeddable":true,"href":"https:\/\/wordpress.nibis.de\/gsschmedwolt\/wp-json\/wp\/v2\/comments?post=3508"}],"version-history":[{"count":2,"href":"https:\/\/wordpress.nibis.de\/gsschmedwolt\/wp-json\/wp\/v2\/pages\/3508\/revisions"}],"predecessor-version":[{"id":3512,"href":"https:\/\/wordpress.nibis.de\/gsschmedwolt\/wp-json\/wp\/v2\/pages\/3508\/revisions\/3512"}],"wp:attachment":[{"href":"https:\/\/wordpress.nibis.de\/gsschmedwolt\/wp-json\/wp\/v2\/media?parent=3508"}],"curies":[{"name":"wp","href":"https:\/\/api.w.org\/{rel}","templated":true}]}}