{"id":3836,"date":"2021-09-28T15:07:26","date_gmt":"2021-09-28T13:07:26","guid":{"rendered":"https:\/\/wordpress.nibis.de\/gsschmedwolt\/?page_id=3836"},"modified":"2022-03-15T14:33:42","modified_gmt":"2022-03-15T13:33:42","slug":"schulsozialarbeiter","status":"publish","type":"page","link":"https:\/\/wordpress.nibis.de\/gsschmedwolt\/schulsozialarbeiter\/","title":{"rendered":"Schulsozialarbeiter"},"content":{"rendered":"<p>&nbsp;<\/p>\n\n<p><strong>Lena Ackerbauer<\/strong><br \/>\n(Erzieherin\/ Syst. Familientherapeutin)<\/p>\n<p>Kontaktdaten:<br \/>\nE-Mail: &#x6c;e&#x6e;a&#x2e;&#97;&#x63;&#107;e&#x72;b&#x61;&#117;&#x65;&#114;&#x40;&#115;c&#x68;u&#x6c;&#101;&#x2d;&#117;&#x6e;&#x74;e&#x72;m&#x2d;&#114;&#x65;&#103;e&#x6e;b&#x6f;&#103;&#x65;&#110;&#x2e;&#110;e&#x74;<br \/>\nTelefon: 0162-1068115<\/p>\n<p>Sprechzeiten:<br \/>\nMontag, Mittwoch 11:00-15:30 Uhr Dienstag, Donnerstag, Freitag 8:30-13:00 Uhr<\/p>\n<p>Gespr\u00e4che\u00a0zu anderen Uhrzeiten oder Hausbesuche sind nach Absprache m\u00f6glich.<br \/>\nUnser B\u00fcro finden Sie in Schmedenstedt im Verwaltungstrakt im 2. OG.<\/p>\n\n<p><strong>Florian Kauschke<\/strong><br \/>\n(Dipl. Sozialp\u00e4dagoge\/ Sozialarbeiter)<\/p>\n<p>Kontaktdaten:<br \/>\nE-Mail: &#102;l&#x6f;r&#x69;a&#x6e;&#46;&#x6b;a&#x75;s&#x63;&#104;&#x6b;&#101;&#x40;&#115;&#x63;&#104;&#x75;&#108;&#x65;&#45;&#x75;&#110;t&#x65;r&#x6d;-&#x72;e&#x67;e&#x6e;b&#x6f;&#103;&#x65;&#110;&#x2e;&#110;&#x65;&#116;<br \/>\n&#102;&#x6c;&#111;&#x72;&#105;&#x61;&#110;&#x2e;&#107;&#x61;&#117;&#x73;&#99;&#x68;&#107;&#x65;&#64;&#x73;&#116;&#x61;&#100;&#x74;&#45;&#x70;&#101;&#x69;&#110;&#x65;&#46;&#x64;&#101;<br \/>\nTelefon: 0163-4920082<\/p>\n<p>Sprechzeiten:<br \/>\nDienstag und Donnerstag, jeden zweiten Freitag (gerade KW)\u00a07:30 und 16:00 Uhr<\/p>\n<p>Gespr\u00e4che\u00a0zu anderen Uhrzeiten oder Hausbesuche sind nach Absprache m\u00f6glich.<br \/>\nUnser B\u00fcro finden Sie in Schmedenstedt im Verwaltungstrakt im 2. OG.<\/p>\n<p>&nbsp;<\/p>\n<p>&nbsp;<\/p>\n","protected":false},"excerpt":{"rendered":"<p>&nbsp; Lena Ackerbauer (Erzieherin\/ Syst. Familientherapeutin) Kontaktdaten: E-Mail: le&#110;&#97;&#x2e;&#x61;&#x63;&#x6b;er&#98;&#97;&#x75;&#x65;&#x72;&#x40;sc&#104;&#117;&#108;&#x65;&#x2d;&#x75;&#x6e;te&#114;&#109;&#x2d;&#x72;&#x65;&#x67;en&#98;&#111;&#x67;&#x65;&#x6e;&#x2e;ne&#116; Telefon: 0162-1068115 Sprechzeiten: Montag, Mittwoch 11:00-15:30 Uhr Dienstag, Donnerstag, Freitag 8:30-13:00 Uhr Gespr\u00e4che\u00a0zu anderen Uhrzeiten oder Hausbesuche sind nach Absprache m\u00f6glich. Unser B\u00fcro finden Sie in Schmedenstedt im Verwaltungstrakt im 2. OG. Florian Kauschke (Dipl. Sozialp\u00e4dagoge\/ Sozialarbeiter) Kontaktdaten: E-Mail: &#x66;&#108;&#x6f;&#x72;&#105;&#x61;&#x6e;&#46;&#x6b;&#x61;&#117;&#x73;&#x63;h&#x6b;&#x65;&#64;&#x73;&#99;h&#x75;&#108;e&#x2d;&#117;n&#x74;&#101;r&#x6d;&#45;r&#x65;&#103;e&#x6e;&#98;o&#x67;&#101;n&#x2e;&#110;e&#x74; &#102;&#x6c;o&#x72;&#x69;&#97;&#x6e;&#46;&#107;&#x61;&#117;&#x73;c&#104;&#x6b;e&#x40;s&#116;&#x61;d&#x74;&#x2d;&#112;&#x65;i&#110;&#x65;&#46;&#x64;e Telefon: 0163-4920082 Sprechzeiten: Dienstag und [&hellip;]<\/p>\n","protected":false},"author":9192595,"featured_media":0,"parent":0,"menu_order":0,"comment_status":"closed","ping_status":"closed","template":"","meta":{"footnotes":""},"class_list":["post-3836","page","type-page","status-publish","hentry"],"_links":{"self":[{"href":"https:\/\/wordpress.nibis.de\/gsschmedwolt\/wp-json\/wp\/v2\/pages\/3836","targetHints":{"allow":["GET"]}}],"collection":[{"href":"https:\/\/wordpress.nibis.de\/gsschmedwolt\/wp-json\/wp\/v2\/pages"}],"about":[{"href":"https:\/\/wordpress.nibis.de\/gsschmedwolt\/wp-json\/wp\/v2\/types\/page"}],"author":[{"embeddable":true,"href":"https:\/\/wordpress.nibis.de\/gsschmedwolt\/wp-json\/wp\/v2\/users\/9192595"}],"replies":[{"embeddable":true,"href":"https:\/\/wordpress.nibis.de\/gsschmedwolt\/wp-json\/wp\/v2\/comments?post=3836"}],"version-history":[{"count":4,"href":"https:\/\/wordpress.nibis.de\/gsschmedwolt\/wp-json\/wp\/v2\/pages\/3836\/revisions"}],"predecessor-version":[{"id":4036,"href":"https:\/\/wordpress.nibis.de\/gsschmedwolt\/wp-json\/wp\/v2\/pages\/3836\/revisions\/4036"}],"wp:attachment":[{"href":"https:\/\/wordpress.nibis.de\/gsschmedwolt\/wp-json\/wp\/v2\/media?parent=3836"}],"curies":[{"name":"wp","href":"https:\/\/api.w.org\/{rel}","templated":true}]}}