{"id":3842,"date":"2021-09-29T13:54:46","date_gmt":"2021-09-29T11:54:46","guid":{"rendered":"https:\/\/wordpress.nibis.de\/gsschmedwolt\/?page_id=3842"},"modified":"2025-09-08T11:44:45","modified_gmt":"2025-09-08T09:44:45","slug":"ganztag","status":"publish","type":"page","link":"https:\/\/wordpress.nibis.de\/gsschmedwolt\/ganztag\/","title":{"rendered":"Offener Ganztag"},"content":{"rendered":"<p>&nbsp;<\/p>\n<ul>\n<li>Der Ganztag findet von Montag bis Donnerstag in der Zeit von 12.50 Uhr bis 15.30 Uhr am Standort in Schmedenstedt statt.<\/li>\n<li>Die Anmeldung ist f\u00fcr ein Schuljahr verpflichtend und kann von 1 bis 4 Tagen erfolgen.<\/li>\n<li><strong>Die Teilnahme an einem oder mehreren Tagen im Ganztag beinhaltet automatisch die Teilnahme an der Betreuung von Mo bis Do.<\/strong><\/li>\n<li>\u00dcber Ver\u00e4nderungsw\u00fcnsche mitten im Schuljahr in Bezug auf die angew\u00e4hlten Tage entscheidet im Einzelfall die Schulleitung. Bitte begr\u00fcnden Sie Ihren Wunsch schriftlich per Email.<\/li>\n<li>Der Ganztag setzt sich aus drei Bereichen zusammen:<\/li>\n<li>Mittagspause (Mittagessen, Bewegungspause, Ruhepause)<\/li>\n<li>Lernzeit (Hausaufgaben und weitere Lernangebote mit Lehrkr\u00e4ften und p\u00e4dagogischen Mitarbeiter*innen)<\/li>\n<li>AG Angebote (t\u00e4gliche wechselnde Angebote aus den Bereichen Sport (z.B. Basketballschulmannschaft, Yoga \u2026), Musik (z.B. Schulchor, \u2026), Umwelt, Kunst, \u2026 &#8211; Durchf\u00fchrung: Sportvereine BWSchmedenstedt, VfL Woltorf, Schachverein, Musikschullehrkr\u00e4fte, Lehrkr\u00e4fte und p\u00e4dagogische Mitarbeiterinnen.<\/li>\n<li>Die Wahl f\u00fcr die AG`s findet zu Beginn des Schuljahres bzw. zu Beginn des Halbjahres statt.<\/li>\n<li>Die Teilnahme am Mittagessen ist freiwillig. Das Mittagessen ist kostenpflichtig. Es wird von einem Caterer angeboten, der f\u00fcr Lieferung, Essensausgabe, Bestellung und finanzielle Abwicklung zust\u00e4ndig ist. Der Caterer wird durch die Stadt Peine ausgew\u00e4hlt. F\u00fcr das Schuljahr 25\/26 gibt es eine neue Ausschreibung f\u00fcr den Caterer.<\/li>\n<li>Falls Ihr Kind nicht an der Betreuung oder am Ganztag teilnehmen kann, bitten wir um eine Entschuldigung \u00fcber Email an die Klassenlehrkraft.<\/li>\n<\/ul>\n<p>&nbsp;<\/p>\n","protected":false},"excerpt":{"rendered":"<p>&nbsp; Der Ganztag findet von Montag bis Donnerstag in der Zeit von 12.50 Uhr bis 15.30 Uhr am Standort in Schmedenstedt statt. Die Anmeldung ist f\u00fcr ein Schuljahr verpflichtend und kann von 1 bis 4 Tagen erfolgen. Die Teilnahme an einem oder mehreren Tagen im Ganztag beinhaltet automatisch die Teilnahme an der Betreuung von Mo [&hellip;]<\/p>\n","protected":false},"author":9192595,"featured_media":0,"parent":0,"menu_order":0,"comment_status":"closed","ping_status":"closed","template":"","meta":{"footnotes":""},"class_list":["post-3842","page","type-page","status-publish","hentry"],"_links":{"self":[{"href":"https:\/\/wordpress.nibis.de\/gsschmedwolt\/wp-json\/wp\/v2\/pages\/3842","targetHints":{"allow":["GET"]}}],"collection":[{"href":"https:\/\/wordpress.nibis.de\/gsschmedwolt\/wp-json\/wp\/v2\/pages"}],"about":[{"href":"https:\/\/wordpress.nibis.de\/gsschmedwolt\/wp-json\/wp\/v2\/types\/page"}],"author":[{"embeddable":true,"href":"https:\/\/wordpress.nibis.de\/gsschmedwolt\/wp-json\/wp\/v2\/users\/9192595"}],"replies":[{"embeddable":true,"href":"https:\/\/wordpress.nibis.de\/gsschmedwolt\/wp-json\/wp\/v2\/comments?post=3842"}],"version-history":[{"count":11,"href":"https:\/\/wordpress.nibis.de\/gsschmedwolt\/wp-json\/wp\/v2\/pages\/3842\/revisions"}],"predecessor-version":[{"id":5240,"href":"https:\/\/wordpress.nibis.de\/gsschmedwolt\/wp-json\/wp\/v2\/pages\/3842\/revisions\/5240"}],"wp:attachment":[{"href":"https:\/\/wordpress.nibis.de\/gsschmedwolt\/wp-json\/wp\/v2\/media?parent=3842"}],"curies":[{"name":"wp","href":"https:\/\/api.w.org\/{rel}","templated":true}]}}