{"id":39,"date":"2018-05-07T18:20:40","date_gmt":"2018-05-07T16:20:40","guid":{"rendered":"http:\/\/wordpress.nibis.de\/gsschmedwolt\/?page_id=39"},"modified":"2023-03-16T13:54:17","modified_gmt":"2023-03-16T12:54:17","slug":"schuelerseite","status":"publish","type":"page","link":"https:\/\/wordpress.nibis.de\/gsschmedwolt\/schuelerseite\/","title":{"rendered":"Schulblog Eulen-Express"},"content":{"rendered":"<p>Regelm\u00e4\u00dfig ver\u00f6ffentlichen Sch\u00fcler*innen unserer Schule Artikel auf unserem Schulblog, dem Eulen-Express. Sie k\u00f6nnen diesen unter folgendem Link erreichen:<\/p>\n<p><a href=\"https:\/\/wordpress.nibis.de\/regenbogen-blog\">&gt; Eulen-Express<\/a><\/p>\n<p>&nbsp;<\/p>\n","protected":false},"excerpt":{"rendered":"<p>Regelm\u00e4\u00dfig ver\u00f6ffentlichen Sch\u00fcler*innen unserer Schule Artikel auf unserem Schulblog, dem Eulen-Express. Sie k\u00f6nnen diesen unter folgendem Link erreichen: &gt; Eulen-Express &nbsp;<\/p>\n","protected":false},"author":9192595,"featured_media":0,"parent":0,"menu_order":0,"comment_status":"closed","ping_status":"closed","template":"template-full-width.php","meta":{"footnotes":""},"class_list":["post-39","page","type-page","status-publish","hentry"],"_links":{"self":[{"href":"https:\/\/wordpress.nibis.de\/gsschmedwolt\/wp-json\/wp\/v2\/pages\/39","targetHints":{"allow":["GET"]}}],"collection":[{"href":"https:\/\/wordpress.nibis.de\/gsschmedwolt\/wp-json\/wp\/v2\/pages"}],"about":[{"href":"https:\/\/wordpress.nibis.de\/gsschmedwolt\/wp-json\/wp\/v2\/types\/page"}],"author":[{"embeddable":true,"href":"https:\/\/wordpress.nibis.de\/gsschmedwolt\/wp-json\/wp\/v2\/users\/9192595"}],"replies":[{"embeddable":true,"href":"https:\/\/wordpress.nibis.de\/gsschmedwolt\/wp-json\/wp\/v2\/comments?post=39"}],"version-history":[{"count":29,"href":"https:\/\/wordpress.nibis.de\/gsschmedwolt\/wp-json\/wp\/v2\/pages\/39\/revisions"}],"predecessor-version":[{"id":4395,"href":"https:\/\/wordpress.nibis.de\/gsschmedwolt\/wp-json\/wp\/v2\/pages\/39\/revisions\/4395"}],"wp:attachment":[{"href":"https:\/\/wordpress.nibis.de\/gsschmedwolt\/wp-json\/wp\/v2\/media?parent=39"}],"curies":[{"name":"wp","href":"https:\/\/api.w.org\/{rel}","templated":true}]}}