{"id":3901,"date":"2022-01-26T17:27:05","date_gmt":"2022-01-26T16:27:05","guid":{"rendered":"https:\/\/wordpress.nibis.de\/gsschmedwolt\/?page_id=3901"},"modified":"2022-01-26T17:27:05","modified_gmt":"2022-01-26T16:27:05","slug":"mittagessen","status":"publish","type":"page","link":"https:\/\/wordpress.nibis.de\/gsschmedwolt\/organisation\/mittagessen\/","title":{"rendered":"Mittagessen"},"content":{"rendered":"<p><span style=\"font-size: 18pt\"><strong>Mittagessen<\/strong><\/span><\/p>\n<p>Das Mittagessen unserer Schule \u00fcbernimmt der Men\u00fcbringdienst Redent.<\/p>\n<div id='gallery-1' class='gallery galleryid-3901 gallery-columns-3 gallery-size-medium'><figure class='gallery-item'>\n\t\t\t<div class='gallery-icon portrait'>\n\t\t\t\t<a href='https:\/\/wordpress.nibis.de\/gsschmedwolt\/files\/2022\/01\/IMG_2045-rotated.jpg'><img loading=\"lazy\" decoding=\"async\" width=\"225\" height=\"300\" src=\"https:\/\/wordpress.nibis.de\/gsschmedwolt\/files\/2022\/01\/IMG_2045-225x300.jpg\" class=\"attachment-medium size-medium\" alt=\"\" srcset=\"https:\/\/wordpress.nibis.de\/gsschmedwolt\/files\/2022\/01\/IMG_2045-225x300.jpg 225w, https:\/\/wordpress.nibis.de\/gsschmedwolt\/files\/2022\/01\/IMG_2045-450x600.jpg 450w, https:\/\/wordpress.nibis.de\/gsschmedwolt\/files\/2022\/01\/IMG_2045-rotated.jpg 480w\" sizes=\"auto, (max-width: 225px) 100vw, 225px\" \/><\/a>\n\t\t\t<\/div><\/figure>\n\t\t<\/div>\n\n<p><strong><u>Bestellungen<\/u><\/strong><strong><u><br \/>\n<\/u><\/strong>Bitte bestellen Sie die Men\u00fcs immer \u00fcber das Online-Formular. Das Online-Formular finden Sie unter <a href=\"https:\/\/menuebringdienst-redent.de\">www.menuebringdienst-redent.de<\/a>. Eine Kopie Ihrer Online-Bestellung wird hierbei an Ihre Mailadresse \u00fcbermittelt.<br \/>\nBeachten Sie bitte auch, dass die Essensbestellungen sp\u00e4testens bis Freitag 16:00 Uhr f\u00fcr die darauffolgende Woche get\u00e4tigt worden sein m\u00fcssen und bestenfalls bereits 4 Wochen im Voraus von Ihnen bestellt werden. Abbestellungen sind bis allersp\u00e4testens um 08:30 Uhr des Essenstages vorzunehmen.<\/p>\n<p><strong><u>Allgemeine Informationen<\/u><\/strong><strong>\u00a0\u00a0\u00a0 <\/strong><br \/>\nDer Bund unterst\u00fctzt im Rahmen des Bildungs- und Teilhabepakets bed\u00fcrftige Kinder bei der Wahrnehmung des Mittagsessens. Bitte reichen Sie dazu die Bildungskarte ein.<br \/>\nLaktoseintoleranz sowie weitere Informationen (bspw. Unvertr\u00e4glichkeiten) k\u00f6nnen auf dem Essenbestellformular unter \u201eZusatzinformationen\u201c vermerkt werden.<br \/>\nDie K\u00fcche nimmt ab 6:00 Uhr ihre T\u00e4tigkeit auf. Danach erfolgen die Auslieferungen. Es wird darauf geachtet, dass die Men\u00fcs m\u00f6glichst wenig zwischengelagert bzw. warmgehalten werden m\u00fcssen.<\/p>\n<p><strong><u>Abrechnung<br \/>\n<\/u><\/strong>Die Zahlung ist f\u00fcr alle Sch\u00fcler*innen per Vorkasse f\u00fcr den jeweiligen Monat zu leisten.\u00a0F\u00fcr jedes Mittagessen entsteht ein Elternbeitrag i.H.v. 2,50 \u20ac pro Sch\u00fclerIn.<br \/>\nSollte Ihr Kind angemeldet sein, aber nicht am Mittagessen teilnehmen k\u00f6nnen, durch Krankheit oder nachtr\u00e4gliches und fristgerechtes Abmelden, wird der f\u00fcr den Monat \u00fcberbezahlte Betrag auf den n\u00e4chsten Monat angerechnet (Gutschrift).<br \/>\nDer Beitrag des Folgemonat abz\u00fcglich der Anzahl der Krankheitstage bzw. nachtr\u00e4glichen, fristgerechten Abmeldungen x 2,50\u20ac pro Mittagessen ergibt den neuen zu zahlenden Beitrag f\u00fcr den Folgemonat.<\/p>\n","protected":false},"excerpt":{"rendered":"<p>Mittagessen Das Mittagessen unserer Schule \u00fcbernimmt der Men\u00fcbringdienst Redent. Bestellungen Bitte bestellen Sie die Men\u00fcs immer \u00fcber das Online-Formular. Das Online-Formular finden Sie unter www.menuebringdienst-redent.de. Eine Kopie Ihrer Online-Bestellung wird hierbei an Ihre Mailadresse \u00fcbermittelt. Beachten Sie bitte auch, dass die Essensbestellungen sp\u00e4testens bis Freitag 16:00 Uhr f\u00fcr die darauffolgende Woche get\u00e4tigt worden sein m\u00fcssen [&hellip;]<\/p>\n","protected":false},"author":9192595,"featured_media":0,"parent":35,"menu_order":0,"comment_status":"closed","ping_status":"closed","template":"","meta":{"footnotes":""},"class_list":["post-3901","page","type-page","status-publish","hentry"],"_links":{"self":[{"href":"https:\/\/wordpress.nibis.de\/gsschmedwolt\/wp-json\/wp\/v2\/pages\/3901","targetHints":{"allow":["GET"]}}],"collection":[{"href":"https:\/\/wordpress.nibis.de\/gsschmedwolt\/wp-json\/wp\/v2\/pages"}],"about":[{"href":"https:\/\/wordpress.nibis.de\/gsschmedwolt\/wp-json\/wp\/v2\/types\/page"}],"author":[{"embeddable":true,"href":"https:\/\/wordpress.nibis.de\/gsschmedwolt\/wp-json\/wp\/v2\/users\/9192595"}],"replies":[{"embeddable":true,"href":"https:\/\/wordpress.nibis.de\/gsschmedwolt\/wp-json\/wp\/v2\/comments?post=3901"}],"version-history":[{"count":3,"href":"https:\/\/wordpress.nibis.de\/gsschmedwolt\/wp-json\/wp\/v2\/pages\/3901\/revisions"}],"predecessor-version":[{"id":3905,"href":"https:\/\/wordpress.nibis.de\/gsschmedwolt\/wp-json\/wp\/v2\/pages\/3901\/revisions\/3905"}],"up":[{"embeddable":true,"href":"https:\/\/wordpress.nibis.de\/gsschmedwolt\/wp-json\/wp\/v2\/pages\/35"}],"wp:attachment":[{"href":"https:\/\/wordpress.nibis.de\/gsschmedwolt\/wp-json\/wp\/v2\/media?parent=3901"}],"curies":[{"name":"wp","href":"https:\/\/api.w.org\/{rel}","templated":true}]}}