{"id":4040,"date":"2022-03-15T14:43:07","date_gmt":"2022-03-15T13:43:07","guid":{"rendered":"https:\/\/wordpress.nibis.de\/gsschmedwolt\/?page_id=4040"},"modified":"2022-03-15T14:43:07","modified_gmt":"2022-03-15T13:43:07","slug":"schulsozialarbeit","status":"publish","type":"page","link":"https:\/\/wordpress.nibis.de\/gsschmedwolt\/schulsozialarbeit\/","title":{"rendered":"Schulsozialarbeit"},"content":{"rendered":"<p><strong>Aufgaben und Arbeitsfelder<\/strong><\/p>\n<p>Die Schwerpunkte unserer Arbeit liegen im Bereich des sozialen Lernens, der Pr\u00e4vention, des Ganztags und in der Beratung.<\/p>\n<p>&nbsp;<\/p>\n<p>Beratung und Einzelfallhilfe f\u00fcr Sch\u00fclerinnen und Sch\u00fcler:<\/p>\n<ul>\n<li>zur Pers\u00f6nlichkeitsentwicklung<\/li>\n<li>im Konfliktmanagement<\/li>\n<li>bei Schul- und Motivationsproblemen<\/li>\n<li>Projektarbeit<\/li>\n<\/ul>\n<p>&nbsp;<\/p>\n<p>Beratung, Unterst\u00fctzung und Begleitung von Eltern:<\/p>\n<ul>\n<li>zu Fragen rund um die Erziehung<\/li>\n<li>im Lebensumfeld von Kindern und Eltern z.B. im Rahmen von Hausbesuchen und Begleitung zu \u00f6ffentlichen Diensten<\/li>\n<li>Unterst\u00fctzung von Familien mit Fluchterfahrung<\/li>\n<li>Kl\u00e4rung\/Schlichtung Vermittlung<\/li>\n<\/ul>\n<p>&nbsp;<\/p>\n<p>Beratung, Unterst\u00fctzung und Begleitung von Lehrkr\u00e4ften:<\/p>\n<ul>\n<li>zu allen sozialp\u00e4dagogischen Fragen<\/li>\n<li>mit Angeboten zur individuellen Entwicklung Kindern und Jugendlichen<\/li>\n<li>mit Angeboten zu sozialen Gruppen- bzw Klassenbildungen<\/li>\n<\/ul>\n<p>&nbsp;<\/p>\n<p>Arbeitsprinzipien:<\/p>\n<ul>\n<li>Vertraulichkeit\/Verschwiegenheit<\/li>\n<li>Freiwilligkeit<\/li>\n<li>Lebenswelt- und Ressourcenorientiertheit<\/li>\n<li>Kooperation mit Elternhaus und Schule<\/li>\n<li>Gemeinwesenorientierung<\/li>\n<\/ul>\n<p>&nbsp;<\/p>\n<p>&nbsp;<\/p>\n<p>&nbsp;<\/p>\n<p>&nbsp;<\/p>\n<p>&nbsp;<\/p>\n","protected":false},"excerpt":{"rendered":"<p>Aufgaben und Arbeitsfelder Die Schwerpunkte unserer Arbeit liegen im Bereich des sozialen Lernens, der Pr\u00e4vention, des Ganztags und in der Beratung. &nbsp; Beratung und Einzelfallhilfe f\u00fcr Sch\u00fclerinnen und Sch\u00fcler: zur Pers\u00f6nlichkeitsentwicklung im Konfliktmanagement bei Schul- und Motivationsproblemen Projektarbeit &nbsp; Beratung, Unterst\u00fctzung und Begleitung von Eltern: zu Fragen rund um die Erziehung im Lebensumfeld von Kindern [&hellip;]<\/p>\n","protected":false},"author":9192595,"featured_media":0,"parent":0,"menu_order":0,"comment_status":"closed","ping_status":"closed","template":"","meta":{"footnotes":""},"class_list":["post-4040","page","type-page","status-publish","hentry"],"_links":{"self":[{"href":"https:\/\/wordpress.nibis.de\/gsschmedwolt\/wp-json\/wp\/v2\/pages\/4040","targetHints":{"allow":["GET"]}}],"collection":[{"href":"https:\/\/wordpress.nibis.de\/gsschmedwolt\/wp-json\/wp\/v2\/pages"}],"about":[{"href":"https:\/\/wordpress.nibis.de\/gsschmedwolt\/wp-json\/wp\/v2\/types\/page"}],"author":[{"embeddable":true,"href":"https:\/\/wordpress.nibis.de\/gsschmedwolt\/wp-json\/wp\/v2\/users\/9192595"}],"replies":[{"embeddable":true,"href":"https:\/\/wordpress.nibis.de\/gsschmedwolt\/wp-json\/wp\/v2\/comments?post=4040"}],"version-history":[{"count":3,"href":"https:\/\/wordpress.nibis.de\/gsschmedwolt\/wp-json\/wp\/v2\/pages\/4040\/revisions"}],"predecessor-version":[{"id":4043,"href":"https:\/\/wordpress.nibis.de\/gsschmedwolt\/wp-json\/wp\/v2\/pages\/4040\/revisions\/4043"}],"wp:attachment":[{"href":"https:\/\/wordpress.nibis.de\/gsschmedwolt\/wp-json\/wp\/v2\/media?parent=4040"}],"curies":[{"name":"wp","href":"https:\/\/api.w.org\/{rel}","templated":true}]}}