{"id":446,"date":"2018-06-04T21:44:12","date_gmt":"2018-06-04T19:44:12","guid":{"rendered":"http:\/\/wordpress.nibis.de\/gsschmedwolt\/?page_id=446"},"modified":"2025-09-08T11:32:00","modified_gmt":"2025-09-08T09:32:00","slug":"arbeits-und-sozialverhalten","status":"publish","type":"page","link":"https:\/\/wordpress.nibis.de\/gsschmedwolt\/schulprofil\/mobilitaet\/arbeits-und-sozialverhalten\/","title":{"rendered":"Zeugnisse, Lernentwicklung, Eltern-Kind-Gespr\u00e4che"},"content":{"rendered":"<p style=\"font-weight: 400\">Am Ende des ersten Halbjahres erhalten die Sch\u00fclerinnen und Sch\u00fcler der Klassen 2 bis 4 <strong>Halbjahreszeugnisse<\/strong>. F\u00fcr die Sch\u00fclerinnen und Sch\u00fcler der Klasse 1 gibt es einen Zeugnisbrief.<\/p>\n<p style=\"font-weight: 400\">Das Zeugnis am Schuljahresende ist ein <strong>Ganzjahreszeugnis<\/strong>. Es beinhaltet auch die Leistungen des 1. Schulhalbjahres.<\/p>\n<p style=\"font-weight: 400\">Die Zeugnisse in den Jahrg\u00e4ngen 1 und 2 sind <strong>Ankreuz-Berichtszeugnisse<\/strong>. In ihnen werden die erreichten Kompetenzen in den einzelnen Bereichen der F\u00e4cher Deutsch und Mathematik, das Arbeits- und Sozialverhalten sowie Interessen, F\u00e4higkeiten und Fertigkeiten beschrieben.<\/p>\n<p style=\"font-weight: 400\">Falls Ihr Kind einen Kompetenzbereich nicht erreicht haben sollte, steht im Zeugnis \u201eDu verf\u00fcgst noch nicht \u00fcber ausreichende Kompetenzen in den Bereichen \u2026\u00a0 .\u201c Die Zeugnisse in den Jahrg\u00e4ngen 3 und 4 sind <strong>Notenzeugnisse<\/strong>. Am Tag der Zeugnisausgabe endet der Unterricht nach der 3. Stunde.<\/p>\n<p style=\"font-weight: 400\">Eine Sch\u00fclerin oder ein Sch\u00fcler kann einen Schuljahrgang <strong>\u00fcberspringen<\/strong>, wenn er oder sie nach den gezeigten Leistungen (\u201eZensurendurchschnitt\u201c besser als gut) und der W\u00fcrdigung der Gesamtpers\u00f6nlichkeit f\u00e4hig erscheint, erfolgreich im n\u00e4chsten Schuljahrgang mitzuarbeiten. Diesen Antrag k\u00f6nnen Sie als Eltern jederzeit stellen. Die Klassenkonferenz beschlie\u00dft (Ihr Einverst\u00e4ndnis vorausgesetzt), ob ein Schuljahrgang \u00fcbersprungen werden soll.<\/p>\n<p style=\"font-weight: 400\">Eine Sch\u00fclerin oder ein Sch\u00fcler kann in einen vorherigen Schuljahrgang <strong>zur\u00fccktreten<\/strong>, wenn anzunehmen ist, dass durch die Wiederholung die wesentlichen Ursachen von Leistungsschw\u00e4chen behoben werden k\u00f6nnen. Auch hier k\u00f6nnen Sie als Eltern (bis zum 1. April \u2013 f\u00fcr das laufende Schuljahr) einen Antrag stellen, die Klassenkonferenz beschlie\u00dft.<\/p>\n<p style=\"font-weight: 400\">In der Grundschule sind die Jahrg\u00e4nge 2 und 3 <strong>Versetzungsjahrg\u00e4nge<\/strong>.<\/p>\n<p style=\"font-weight: 400\">Nach der Klasse 1 r\u00fccken alle Sch\u00fclerinnen und Sch\u00fcler auf in die Klasse 2.<\/p>\n<p style=\"font-weight: 400\">Nach der Klasse 2 werden die Sch\u00fclerinnen und Sch\u00fcler versetzt in die Klasse 3.<\/p>\n<p style=\"font-weight: 400\">Nach der Klasse 3 werden die Sch\u00fclerinnen und Sch\u00fcler versetzt in die Klasse 4.<\/p>\n<p style=\"font-weight: 400\">Nach der Klasse 4 gehen die Sch\u00fclerinnen und Sch\u00fcler \u00fcber in die Klasse 5.<\/p>\n<p style=\"font-weight: 400\">Zu einer <strong>Klassenkonferenz<\/strong> geh\u00f6ren alle Lehrkr\u00e4fte, die Ihr Kind unterrichten, sowie die gew\u00e4hlten Elternvertreter. Die Elternvertreter nehmen in folgenden Angelegenheiten (Versetzung, \u00dcberspringen, freiwilliges Zur\u00fccktreten, \u2026) ohne Stimmrecht an den Konferenzen teil. In den Zeugniskonferenzen werden das Arbeits- und Sozialverhalten aller Sch\u00fclerinnen und Sch\u00fcler vorgestellt.<\/p>\n<p style=\"font-weight: 400\">An Beratungen oder Beschl\u00fcssen, die das eigene Kind betreffen, d\u00fcrfen die betreffenden Eltern nicht anwesend sein.<\/p>\n<p><span style=\"font-weight: 400\">\u00a0<\/span><\/p>\n<p style=\"font-weight: 400\">In der Grundschule wird f\u00fcr jede Sch\u00fclerin und jeden Sch\u00fcler die <strong>individuelle Lernentwicklung<\/strong> (ILE) dokumentiert.<\/p>\n<p style=\"font-weight: 400\">F\u00fcr die Klassen 1 und 2 wird die Lernentwicklung jeweils am Ende des Halbjahres in den F\u00e4chern Deutsch, Mathematik und Sachunterricht dokumentiert, f\u00fcr die Klassen 3 und 4 in Deutsch, Mathematik, Sachunterricht und Englisch.<\/p>\n<p style=\"font-weight: 400\">Viermal im Schuljahr wird der Stand im <strong>Arbeits- und Sozialverhalten<\/strong> mit Hilfe eines \u201eSmiley-Systems\u201c festgehalten.<\/p>\n<p style=\"font-weight: 400\">Folgende Bereiche finden sich auf dem ILE Bogen bez\u00fcglich des Arbeitsverhaltens:<\/p>\n<ul>\n<li>Du h\u00f6rst im Unterricht aufmerksam zu.<\/li>\n<li>Du beteiligst dich am Unterricht durch sachbezogene Beitr\u00e4ge.<\/li>\n<li>Du erledigst die Aufgaben zielstrebig in der vorgesehenen Zeit.<\/li>\n<li>Du arbeitest gut mit anderen Kindern zusammen.<\/li>\n<li>Du arbeitest selbstst\u00e4ndig und bringst eigene Ideen ein.<\/li>\n<li>Du arbeitest \u00fcber l\u00e4ngere Zeit konzentriert, sorgf\u00e4ltig und sauber.<\/li>\n<li>Deine Hausaufgaben und Arbeitsmaterialien sind vollst\u00e4ndig und ordentlich.<\/li>\n<\/ul>\n<p style=\"font-weight: 400\">Folgende Bereiche finden sich auf dem ILE Bogen bez\u00fcglich des Sozialverhaltens:<\/p>\n<ul>\n<li>Du h\u00f6rst dir Kritik an und zeigst Einsicht.<\/li>\n<li>Du bleibst ruhig und setzt dich f\u00fcr eine L\u00f6sung ein.<\/li>\n<li>Du verh\u00e4ltst dich fair zu anderen und achtest auf die Regeln.<\/li>\n<li>Du bist freundlich, hilfsbereit und nimmst R\u00fccksicht auf andere.<\/li>\n<li>Du h\u00e4ltst Vereinbarungen ein und handelst verantwortungsbewusst.<\/li>\n<li>Du beteiligst dich am Klassenleben und \u00fcbernimmst Aufgaben f\u00fcr die Gemeinschaft.<\/li>\n<\/ul>\n<p style=\"font-weight: 400\">Dieser Bogen \u00fcber die individuelle Lernentwicklung und gegebenenfalls ein <strong>F\u00f6rderplan<\/strong> stellen die Grundlage der <strong>Eltern-Kind-Gespr\u00e4che<\/strong> dar.<\/p>\n<p style=\"font-weight: 400\">Eltern-Kind-Gespr\u00e4che finden zweimal im Schuljahr (Herbst und Fr\u00fchjahr) statt. Die Teilnahme der Kinder ist in Klasse 1 freiwillig, wird ab Klasse 2 sehr gew\u00fcnscht.<\/p>\n","protected":false},"excerpt":{"rendered":"<p>Am Ende des ersten Halbjahres erhalten die Sch\u00fclerinnen und Sch\u00fcler der Klassen 2 bis 4 Halbjahreszeugnisse. F\u00fcr die Sch\u00fclerinnen und Sch\u00fcler der Klasse 1 gibt es einen Zeugnisbrief. Das Zeugnis am Schuljahresende ist ein Ganzjahreszeugnis. Es beinhaltet auch die Leistungen des 1. Schulhalbjahres. Die Zeugnisse in den Jahrg\u00e4ngen 1 und 2 sind Ankreuz-Berichtszeugnisse. In ihnen [&hellip;]<\/p>\n","protected":false},"author":9192595,"featured_media":0,"parent":115,"menu_order":0,"comment_status":"closed","ping_status":"closed","template":"template-full-width.php","meta":{"footnotes":""},"class_list":["post-446","page","type-page","status-publish","hentry"],"_links":{"self":[{"href":"https:\/\/wordpress.nibis.de\/gsschmedwolt\/wp-json\/wp\/v2\/pages\/446","targetHints":{"allow":["GET"]}}],"collection":[{"href":"https:\/\/wordpress.nibis.de\/gsschmedwolt\/wp-json\/wp\/v2\/pages"}],"about":[{"href":"https:\/\/wordpress.nibis.de\/gsschmedwolt\/wp-json\/wp\/v2\/types\/page"}],"author":[{"embeddable":true,"href":"https:\/\/wordpress.nibis.de\/gsschmedwolt\/wp-json\/wp\/v2\/users\/9192595"}],"replies":[{"embeddable":true,"href":"https:\/\/wordpress.nibis.de\/gsschmedwolt\/wp-json\/wp\/v2\/comments?post=446"}],"version-history":[{"count":7,"href":"https:\/\/wordpress.nibis.de\/gsschmedwolt\/wp-json\/wp\/v2\/pages\/446\/revisions"}],"predecessor-version":[{"id":5235,"href":"https:\/\/wordpress.nibis.de\/gsschmedwolt\/wp-json\/wp\/v2\/pages\/446\/revisions\/5235"}],"up":[{"embeddable":true,"href":"https:\/\/wordpress.nibis.de\/gsschmedwolt\/wp-json\/wp\/v2\/pages\/115"}],"wp:attachment":[{"href":"https:\/\/wordpress.nibis.de\/gsschmedwolt\/wp-json\/wp\/v2\/media?parent=446"}],"curies":[{"name":"wp","href":"https:\/\/api.w.org\/{rel}","templated":true}]}}