{"id":5103,"date":"2025-03-30T13:39:35","date_gmt":"2025-03-30T11:39:35","guid":{"rendered":"https:\/\/wordpress.nibis.de\/gsschmedwolt\/?page_id=5103"},"modified":"2025-03-30T13:41:36","modified_gmt":"2025-03-30T11:41:36","slug":"bewegungsaktivitaet-muell-move-mania","status":"publish","type":"page","link":"https:\/\/wordpress.nibis.de\/gsschmedwolt\/schulprofil\/umweltschule\/bewegungsaktivitaet-muell-move-mania\/","title":{"rendered":"Bewegungsaktivit\u00e4t &#8222;M\u00fcll-Move-Mania&#8220;"},"content":{"rendered":"<p>Am 28.03.2024 stand der Tag ganz im Zeichen der Bewegungsaktivit\u00e4t &#8222;M\u00fcll-Move-Mania&#8220; in Jahrgang 3. Etwas Gutes f\u00fcr die Umwelt tun, sich dabei gleichzeitig bewegen und Spa\u00df haben &#8211; das verspricht die Bewegungsaktivit\u00e4t &#8222;M\u00fcll-Move-Mania&#8220;. Bei dieser Bewegungsaktivit\u00e4t wird eine M\u00fcllsammelaktion mit k\u00f6rperlicher Bewegung kombiniert.<\/p>\n<div id='gallery-1' class='gallery galleryid-5103 gallery-columns-3 gallery-size-medium'><figure class='gallery-item'>\n\t\t\t<div class='gallery-icon portrait'>\n\t\t\t\t<a href='https:\/\/wordpress.nibis.de\/gsschmedwolt\/files\/2025\/03\/IMG_5297.jpeg'><img loading=\"lazy\" decoding=\"async\" width=\"225\" height=\"300\" src=\"https:\/\/wordpress.nibis.de\/gsschmedwolt\/files\/2025\/03\/IMG_5297-225x300.jpeg\" class=\"attachment-medium size-medium\" alt=\"\" srcset=\"https:\/\/wordpress.nibis.de\/gsschmedwolt\/files\/2025\/03\/IMG_5297-225x300.jpeg 225w, https:\/\/wordpress.nibis.de\/gsschmedwolt\/files\/2025\/03\/IMG_5297-450x600.jpeg 450w, https:\/\/wordpress.nibis.de\/gsschmedwolt\/files\/2025\/03\/IMG_5297.jpeg 768w\" sizes=\"auto, (max-width: 225px) 100vw, 225px\" \/><\/a>\n\t\t\t<\/div><\/figure><figure class='gallery-item'>\n\t\t\t<div class='gallery-icon portrait'>\n\t\t\t\t<a href='https:\/\/wordpress.nibis.de\/gsschmedwolt\/files\/2025\/03\/IMG_5319.jpeg'><img loading=\"lazy\" decoding=\"async\" width=\"225\" height=\"300\" src=\"https:\/\/wordpress.nibis.de\/gsschmedwolt\/files\/2025\/03\/IMG_5319-225x300.jpeg\" class=\"attachment-medium size-medium\" alt=\"\" srcset=\"https:\/\/wordpress.nibis.de\/gsschmedwolt\/files\/2025\/03\/IMG_5319-225x300.jpeg 225w, https:\/\/wordpress.nibis.de\/gsschmedwolt\/files\/2025\/03\/IMG_5319-450x600.jpeg 450w, https:\/\/wordpress.nibis.de\/gsschmedwolt\/files\/2025\/03\/IMG_5319.jpeg 768w\" sizes=\"auto, (max-width: 225px) 100vw, 225px\" \/><\/a>\n\t\t\t<\/div><\/figure><figure class='gallery-item'>\n\t\t\t<div class='gallery-icon portrait'>\n\t\t\t\t<a href='https:\/\/wordpress.nibis.de\/gsschmedwolt\/files\/2025\/03\/IMG_5308.jpeg'><img loading=\"lazy\" decoding=\"async\" width=\"225\" height=\"300\" src=\"https:\/\/wordpress.nibis.de\/gsschmedwolt\/files\/2025\/03\/IMG_5308-225x300.jpeg\" class=\"attachment-medium size-medium\" alt=\"\" srcset=\"https:\/\/wordpress.nibis.de\/gsschmedwolt\/files\/2025\/03\/IMG_5308-225x300.jpeg 225w, https:\/\/wordpress.nibis.de\/gsschmedwolt\/files\/2025\/03\/IMG_5308-450x600.jpeg 450w, https:\/\/wordpress.nibis.de\/gsschmedwolt\/files\/2025\/03\/IMG_5308.jpeg 768w\" sizes=\"auto, (max-width: 225px) 100vw, 225px\" \/><\/a>\n\t\t\t<\/div><\/figure>\n\t\t<\/div>\n\n<p>&nbsp;<\/p>\n","protected":false},"excerpt":{"rendered":"<p>Am 28.03.2024 stand der Tag ganz im Zeichen der Bewegungsaktivit\u00e4t &#8222;M\u00fcll-Move-Mania&#8220; in Jahrgang 3. Etwas Gutes f\u00fcr die Umwelt tun, sich dabei gleichzeitig bewegen und Spa\u00df haben &#8211; das verspricht die Bewegungsaktivit\u00e4t &#8222;M\u00fcll-Move-Mania&#8220;. Bei dieser Bewegungsaktivit\u00e4t wird eine M\u00fcllsammelaktion mit k\u00f6rperlicher Bewegung kombiniert. &nbsp;<\/p>\n","protected":false},"author":9192595,"featured_media":0,"parent":108,"menu_order":0,"comment_status":"closed","ping_status":"closed","template":"","meta":{"footnotes":""},"class_list":["post-5103","page","type-page","status-publish","hentry"],"_links":{"self":[{"href":"https:\/\/wordpress.nibis.de\/gsschmedwolt\/wp-json\/wp\/v2\/pages\/5103","targetHints":{"allow":["GET"]}}],"collection":[{"href":"https:\/\/wordpress.nibis.de\/gsschmedwolt\/wp-json\/wp\/v2\/pages"}],"about":[{"href":"https:\/\/wordpress.nibis.de\/gsschmedwolt\/wp-json\/wp\/v2\/types\/page"}],"author":[{"embeddable":true,"href":"https:\/\/wordpress.nibis.de\/gsschmedwolt\/wp-json\/wp\/v2\/users\/9192595"}],"replies":[{"embeddable":true,"href":"https:\/\/wordpress.nibis.de\/gsschmedwolt\/wp-json\/wp\/v2\/comments?post=5103"}],"version-history":[{"count":2,"href":"https:\/\/wordpress.nibis.de\/gsschmedwolt\/wp-json\/wp\/v2\/pages\/5103\/revisions"}],"predecessor-version":[{"id":5109,"href":"https:\/\/wordpress.nibis.de\/gsschmedwolt\/wp-json\/wp\/v2\/pages\/5103\/revisions\/5109"}],"up":[{"embeddable":true,"href":"https:\/\/wordpress.nibis.de\/gsschmedwolt\/wp-json\/wp\/v2\/pages\/108"}],"wp:attachment":[{"href":"https:\/\/wordpress.nibis.de\/gsschmedwolt\/wp-json\/wp\/v2\/media?parent=5103"}],"curies":[{"name":"wp","href":"https:\/\/api.w.org\/{rel}","templated":true}]}}