{"id":5287,"date":"2025-09-25T16:38:43","date_gmt":"2025-09-25T14:38:43","guid":{"rendered":"https:\/\/wordpress.nibis.de\/gsschmedwolt\/?page_id=5287"},"modified":"2026-04-20T13:46:27","modified_gmt":"2026-04-20T11:46:27","slug":"umweltschule-in-europa-2022-2024","status":"publish","type":"page","link":"https:\/\/wordpress.nibis.de\/gsschmedwolt\/schulprofil\/umweltschule\/umweltschule-in-europa-2022-2024\/","title":{"rendered":"Umweltschule in Europa (2022 &#8211; 2024)"},"content":{"rendered":"<p>Im Zeitraum 2022-2024 haben wir am Projekt des Landes Niedersachsen &#8222;Umweltschule in Europa&#8220; teilgenommen.<\/p>\n<p><strong>Handlungsfeld 1:<\/strong> Partizipation<\/p>\n<ul style=\"font-weight: 400\">\n<li>Wahl einer Sch\u00fclervertretung \u2013 aktive Gestaltung des Schullebens<\/li>\n<li>regelm\u00e4\u00dfige Durchf\u00fchrung der Klassenr\u00e4te in allen Jahrg\u00e4ngen zur F\u00f6rderung demokratischer Grundstrukturen<\/li>\n<li>Jahrgangsforen<\/li>\n<li>Schulforum<\/li>\n<li>Sch\u00fcler*innen nutzen unterschiedliche M\u00f6glichkeiten, um ihre Anliegen in Unterricht und Schulleben einzubringen (Mitbestimmung im Unterricht, SV, Forum, etc.), sind in die Planung und Gestaltung von Prozessen in der Schule eingebunden<\/li>\n<li>Vertreter*innen unterschiedlicher Gruppen der Schulgemeinschaft (Sch\u00fcler*innen, Eltern, Lehrkr\u00e4fte) beteiligen sich an der Gestaltung des Schullebens und der Schulentwicklung\u00a0 (z.B. im Schulvorstand)<\/li>\n<li>Begegnungen mit Politikern vor Ort (Ortsb\u00fcrgermeister)<\/li>\n<li>Besuch von Lernorten der Demokratie (Rathaus Peine, Landtag Hannover, \u2026)<\/li>\n<\/ul>\n<p><strong>Handlungsfeld 2:<\/strong> Nachhaltige Mobilit\u00e4t<\/p>\n<ul style=\"font-weight: 400\">\n<li>F\u00f6rderung nachhaltiger Mobilit\u00e4t<\/li>\n<li>Bustraining ab dem 1.Schuljahr<\/li>\n<li>Einf\u00fchrung und regelm\u00e4\u00dfige Teilnahme aller Sch\u00fcler am Projekt AutoFREIE Schule<\/li>\n<li>f\u00e4cher\u00fcbergreifende Aktionen zum Thema (Schulwege begehen, Verkehrsz\u00e4hlung, \u2026)<\/li>\n<\/ul>\n<p>Unter folgendem Link k\u00f6nnen Sie sich weitere Informationen herunterladen:<\/p>\n<p><a href=\"https:\/\/wordpress.nibis.de\/gsschmedwolt\/files\/2025\/09\/2024-KiPa-Fuss.pdf\">&gt; Wir leben Demokratie \/ 4 Wochen zu Fu\u00df zur Schule<\/a><\/p>\n","protected":false},"excerpt":{"rendered":"<p>Im Zeitraum 2022-2024 haben wir am Projekt des Landes Niedersachsen &#8222;Umweltschule in Europa&#8220; teilgenommen. Handlungsfeld 1: Partizipation Wahl einer Sch\u00fclervertretung \u2013 aktive Gestaltung des Schullebens regelm\u00e4\u00dfige Durchf\u00fchrung der Klassenr\u00e4te in allen Jahrg\u00e4ngen zur F\u00f6rderung demokratischer Grundstrukturen Jahrgangsforen Schulforum Sch\u00fcler*innen nutzen unterschiedliche M\u00f6glichkeiten, um ihre Anliegen in Unterricht und Schulleben einzubringen (Mitbestimmung im Unterricht, SV, Forum, [&hellip;]<\/p>\n","protected":false},"author":9192595,"featured_media":0,"parent":108,"menu_order":0,"comment_status":"closed","ping_status":"closed","template":"","meta":{"footnotes":""},"class_list":["post-5287","page","type-page","status-publish","hentry"],"_links":{"self":[{"href":"https:\/\/wordpress.nibis.de\/gsschmedwolt\/wp-json\/wp\/v2\/pages\/5287","targetHints":{"allow":["GET"]}}],"collection":[{"href":"https:\/\/wordpress.nibis.de\/gsschmedwolt\/wp-json\/wp\/v2\/pages"}],"about":[{"href":"https:\/\/wordpress.nibis.de\/gsschmedwolt\/wp-json\/wp\/v2\/types\/page"}],"author":[{"embeddable":true,"href":"https:\/\/wordpress.nibis.de\/gsschmedwolt\/wp-json\/wp\/v2\/users\/9192595"}],"replies":[{"embeddable":true,"href":"https:\/\/wordpress.nibis.de\/gsschmedwolt\/wp-json\/wp\/v2\/comments?post=5287"}],"version-history":[{"count":5,"href":"https:\/\/wordpress.nibis.de\/gsschmedwolt\/wp-json\/wp\/v2\/pages\/5287\/revisions"}],"predecessor-version":[{"id":6014,"href":"https:\/\/wordpress.nibis.de\/gsschmedwolt\/wp-json\/wp\/v2\/pages\/5287\/revisions\/6014"}],"up":[{"embeddable":true,"href":"https:\/\/wordpress.nibis.de\/gsschmedwolt\/wp-json\/wp\/v2\/pages\/108"}],"wp:attachment":[{"href":"https:\/\/wordpress.nibis.de\/gsschmedwolt\/wp-json\/wp\/v2\/media?parent=5287"}],"curies":[{"name":"wp","href":"https:\/\/api.w.org\/{rel}","templated":true}]}}