{"id":64,"date":"2018-05-07T18:29:32","date_gmt":"2018-05-07T16:29:32","guid":{"rendered":"http:\/\/wordpress.nibis.de\/gsschmedwolt\/?page_id=64"},"modified":"2022-03-15T14:35:31","modified_gmt":"2022-03-15T13:35:31","slug":"team","status":"publish","type":"page","link":"https:\/\/wordpress.nibis.de\/gsschmedwolt\/schule\/team\/","title":{"rendered":"Team"},"content":{"rendered":"<p>Team der Schule unterm Regenbogen<\/p>\n<p>Eine Schule lebt nicht nur von der Arbeit der Lehrkr\u00e4fte. Viele Menschen arbeiten hinter den Kulissen um die Lehrkr\u00e4fte zu unterst\u00fctzen und den Schulalltag zu bewerkstelligen!<\/p>\n<p><strong><span style=\"font-size: 14pt\">Das Team der Schule stellt sich vor&#8230;<\/span><\/strong><\/p>\n<p><span style=\"font-size: 12pt;font-family: helvetica, arial, sans-serif\">Auf den folgenden Unterseiten erhalten Sie detaillierte Informationen zur Schulleitung, dem Kollegium und den Mitarbeitern der Schule.<\/span><\/p>\n<p>&nbsp;<\/p>\n<p style=\"text-align: left\"><span style=\"font-size: 12pt\"><strong>Schulleitung<\/strong>: Andrea Eisenhardt<\/span><\/p>\n<p style=\"text-align: left\"><span style=\"font-size: 12pt\"><a href=\"http:\/\/wordpress.nibis.de\/gsschmedwolt\/schule\/team\/schulleiterin\/\">&gt; Weitere Informationen<\/a><\/span><\/p>\n<p>&nbsp;<\/p>\n<p style=\"text-align: left\"><span style=\"font-size: 12pt\"><strong>Kollegium<\/strong><\/span><\/p>\n<p style=\"text-align: left\"><span style=\"font-size: 12pt\"><a href=\"http:\/\/wordpress.nibis.de\/gsschmedwolt\/schule\/team\/kollegium\/\">&gt; Weitere Informationen<\/a><br \/>\n<\/span><\/p>\n<p style=\"text-align: left\"><span style=\"font-size: 12pt\"><br \/>\n<\/span><span style=\"font-size: 12pt\"><strong>Mitarbeiter<\/strong><\/span><\/p>\n<p style=\"text-align: left\"><span style=\"font-size: 12pt\"><a href=\"http:\/\/wordpress.nibis.de\/gsschmedwolt\/schule\/team\/mitarbeiter\/\">&gt; Weitere Informationen<\/a><\/span><\/p>\n<p>&nbsp;<\/p>\n<p><strong>Schulsozialarbeiter<\/strong><\/p>\n<p><a href=\"https:\/\/wordpress.nibis.de\/gsschmedwolt\/schulsozialarbeiter\/\">&gt; Weitere Informationen<\/a><\/p>\n","protected":false},"excerpt":{"rendered":"<p>Team der Schule unterm Regenbogen Eine Schule lebt nicht nur von der Arbeit der Lehrkr\u00e4fte. Viele Menschen arbeiten hinter den Kulissen um die Lehrkr\u00e4fte zu unterst\u00fctzen und den Schulalltag zu bewerkstelligen! Das Team der Schule stellt sich vor&#8230; Auf den folgenden Unterseiten erhalten Sie detaillierte Informationen zur Schulleitung, dem Kollegium und den Mitarbeitern der Schule. [&hellip;]<\/p>\n","protected":false},"author":9192595,"featured_media":0,"parent":29,"menu_order":0,"comment_status":"closed","ping_status":"closed","template":"template-full-width.php","meta":{"footnotes":""},"class_list":["post-64","page","type-page","status-publish","hentry"],"_links":{"self":[{"href":"https:\/\/wordpress.nibis.de\/gsschmedwolt\/wp-json\/wp\/v2\/pages\/64","targetHints":{"allow":["GET"]}}],"collection":[{"href":"https:\/\/wordpress.nibis.de\/gsschmedwolt\/wp-json\/wp\/v2\/pages"}],"about":[{"href":"https:\/\/wordpress.nibis.de\/gsschmedwolt\/wp-json\/wp\/v2\/types\/page"}],"author":[{"embeddable":true,"href":"https:\/\/wordpress.nibis.de\/gsschmedwolt\/wp-json\/wp\/v2\/users\/9192595"}],"replies":[{"embeddable":true,"href":"https:\/\/wordpress.nibis.de\/gsschmedwolt\/wp-json\/wp\/v2\/comments?post=64"}],"version-history":[{"count":10,"href":"https:\/\/wordpress.nibis.de\/gsschmedwolt\/wp-json\/wp\/v2\/pages\/64\/revisions"}],"predecessor-version":[{"id":4039,"href":"https:\/\/wordpress.nibis.de\/gsschmedwolt\/wp-json\/wp\/v2\/pages\/64\/revisions\/4039"}],"up":[{"embeddable":true,"href":"https:\/\/wordpress.nibis.de\/gsschmedwolt\/wp-json\/wp\/v2\/pages\/29"}],"wp:attachment":[{"href":"https:\/\/wordpress.nibis.de\/gsschmedwolt\/wp-json\/wp\/v2\/media?parent=64"}],"curies":[{"name":"wp","href":"https:\/\/api.w.org\/{rel}","templated":true}]}}