{"id":659,"date":"2018-06-18T23:07:58","date_gmt":"2018-06-18T21:07:58","guid":{"rendered":"http:\/\/wordpress.nibis.de\/gsschmedwolt\/?page_id=659"},"modified":"2022-02-04T15:23:43","modified_gmt":"2022-02-04T14:23:43","slug":"chronik","status":"publish","type":"page","link":"https:\/\/wordpress.nibis.de\/gsschmedwolt\/schulprofil\/chronik\/","title":{"rendered":"Chronik"},"content":{"rendered":"<p><strong>Chronik der Schule unterm Regenbogen \u2013 <\/strong><strong>Grundschule Schmedenstedt\/ Woltorf<\/strong><\/p>\n<p>&nbsp;<\/p>\n<p>In den Wirren des 30-j\u00e4hrigen Krieges beginnt die Geschichte der <strong>Schule in Schmedenstedt<\/strong>.<\/p>\n<p>\u201e Anno 1623 ist die Schule allhier zu Schmedenstedt zugerichtet und erbauet worden, damit die Jugend um desto mehr zur Gottseligkeit angehalten und in der Lehre des hl. Katechismi desto flei\u00dfiger und ernstlicher unterrichtet w\u00fcrde.\u201c Die Schule, gegr\u00fcndet von Pastor Busse, wurde nicht aus Steuermitteln bezahlt, sondern \u201e etliche gute Leute sind veranlasset und dahin beredet worden, aus christlich gutem Herzen eine Beisteuer herzuschie\u00dfen\u201c (\u201eAus der kirchlichen Vergangenheit von Schmedenstedt\u201c von Pastor Wedekind).<\/p>\n<p>Seit 1623 befindet sich das Schulgeb\u00e4ude stets auf dem Grundst\u00fcck dicht neben der Kirche.<\/p>\n<p>Im Jahre 1802 erfolgt der Neubau des Schullehrerhauses, das Wohnung, Schulraum, Wirtschaftsr\u00e4ume und Stallung unter einem Dach enthielt. Damals hatte der Lehrer vor Ort zu wohnen, f\u00fcr heutige Lehrer ist das nur schwer vorstellbar.<\/p>\n<p>1873\/1874 wird die Schule, damals ein 2-klassiges Schul- und Wohnhaus mit Scheune und Stall, f\u00fcr einen Preis von 5815 Talern neu gebaut. 1889 wird ein zweiter Lehrer, Herr Engelbrecht, eingestellt, der eine Kuh und mehrere Schweine gehalten hat, weil sein Gehalt sonst nicht ausgereicht h\u00e4tte.<\/p>\n<p>1911 wird die alte Schulscheune abgerissen und der Neubau am 1.September des gleichen Jahres eingeweiht. Dieser Bau ist heute noch die Schmedenstedter Schule!<\/p>\n<p>Nach dem 1. Weltkrieg erfolgt 1919 eine Trennung der bis dahin vereinigten K\u00fcster- und Schulstelle.<\/p>\n<p>Nach dem 2. Weltkrieg steigt die Geburtenrate deutlich an. Die Sch\u00fclerzahlen verdreifachen sich. Damit erh\u00f6ht sich die Zahl der Lehrer auf f\u00fcnf.<\/p>\n<p>Nach einigen Umbau\u2013 und Renovierungsarbeiten wird 1961 die neu gestaltete Schule eingeweiht, in der heute noch unterrichtet und gelernt wird.<\/p>\n<p><strong>Und was ist mit Woltorf?<\/strong><\/p>\n<p>Auch diese Schule gibt es schon lange, genauer gesagt seit 1536.<\/p>\n<p>1781 geschieht etwas Schreckliches: Die Schule brennt nach dem Osterjahrmarkt ab. Sie wird aber im selben Jahr an derselben Stelle wieder aufgebaut.<\/p>\n<p>1878\/ 1879 wird die heutige Schule mit zwei Klassenzimmern gebaut. Die Begr\u00fcndung der Kirchenkommission lautet wie folgt: \u201e Das kleine, infolge seiner Niedrigkeit ungesunde Schulzimmer hat nur Raum f\u00fcr h\u00f6chstens 4o Kinder, w\u00e4hrend 80 des Unterrichts bed\u00fcrfen.\u201c<\/p>\n<p>1912 wird das Schulgrundst\u00fcck von der Kirche an die Gemeinde \u00fcbergeben.<\/p>\n<p>1914 geht nicht nur in den K\u00f6pfen der Kinder das Licht auf \u2013 die Schule wird an das Lichtnetz angeschlossen.<\/p>\n<p>1930\/31 soll das gro\u00dfe Schulhaus Geld einbringen. Man baut zwei Dienstwohnungen aus, die an die Lehrer vermietet werden. Wie in Schmedenstedt entsteht nach dem 2. Weltkrieg eine unzumutbare Schulsituation durch den Zuzug zahlreicher Fl\u00fcchtlinge: 320 Kinder, 7 Klassen, 2 R\u00e4ume, 4 Lehrer. Wegen des Raumnotstandes k\u00f6nnen pro Klasse nur 2 Stunden Unterricht erteilt werden.<\/p>\n<p>Am 14.11.1949 wird nach nur 8 Wochen Bauzeit der neue Anbau schl\u00fcsselfertig an die Lehrer und Sch\u00fcler \u00fcbergeben. Die Schule entspricht jetzt allen Anforderungen der \u201eNeuzeit\u201c, sie hat neue Tische und St\u00fchle und sogar Neonbeleuchtung.<\/p>\n<p>Ein weiterer Fortschritt findet 1957 statt. Der Turnunterricht der Oberstufe kann nun auch bei schlechtem Wetter erfolgen, da Gastwirt Grobe seinen Saal der Schule zur Verf\u00fcgung stellt.<\/p>\n<p>Im Jahr 1963 werden auch die 7. und 8. Klassen zur Mittelpunktschule nach Dungelbeck verlegt. 1965 wird eine Zentralheizung installiert.1969\/70 folgen die 5. und 6. Klassen, somit entsteht in Woltorf eine reine Grundschule.<\/p>\n<p>1975 wird ein entscheidendes Jahr f\u00fcr die Schulen Schmedenstedt und Woltorf. Aufgrund von sinkenden Sch\u00fclerzahlen werden beide Schulen aufgrund einer Verf\u00fcgung zu einer organisatorischen Einheit zusammengeschlossen. Schulleiter dieses Schulverbundes ist Herr F\u00fcllgrabe. Die Elternschaft f\u00fchlt sich \u00fcbergangen und beklagt mangelnde Informationen von Seiten des Schulrats sowie des Schultr\u00e4gers.<\/p>\n<p>Mit Wirkung vom 1.8.1981 werden die beiden Grundschulen Schmedenstedt und Woltorf durch die Bezirksregierung aufgehoben und die Grundschule \u201eSchmedenstedt\/ Woltorf in Peine\u201c mit zwei Schulstandorten errichtet.<\/p>\n<p>Am 30.12. 1996 verstirbt Herr F\u00fcllgrabe pl\u00f6tzlich und unerwartet. Herr Bode, Schulleiter der Grundschule Dungelbeck, \u00fcbernimmt die kommissarische Leitung.<\/p>\n<p>Am 1.8.1998 wird Frau Meyer neue Schulleiterin der Grundschule Schmedenstedt\/Woltorf.<\/p>\n<p>In den folgenden Jahren werden zahlreiche Renovierungen auf den Weg gebracht: Umbau der oberen Etage in Schmedenstedt zu einem neuen Verwaltungstrakt, Renovierung und Einrichtung zweier Fachr\u00e4ume (Computerraum und Werkraum) sowie einer B\u00fccherei und eines Schulgartens in Woltorf. Die Schulh\u00f6fe in Schmedenstedt und Woltorf werden neu gestaltet.<\/p>\n<p>Im M\u00e4rz 2000 wird ein F\u00f6rderverein der Schule gegr\u00fcndet. Er bezweckt die ideelle und materielle F\u00f6rderung aller Sch\u00fclerinnen und Sch\u00fcler. Der Verein unterst\u00fctzt p\u00e4dagogische Projekte wie die von nun an regelm\u00e4\u00dfig stattfindenden Erst-Hilfe-Kurse, das Sicherheitstraining sowie Schulgartenaktionstage. Auch Kinder einkommensschwacher Familien werden finanziell unterst\u00fctzt. Der Verein investiert in gr\u00f6\u00dfere Anschaffungen wie eine Musikanlage, Lernprogramme oder die Pausenspielger\u00e4te und richtet Schulfeste oder andere Schul-veranstaltungen aus.<\/p>\n<p>Seit dem Schuljahr 2000\/01 wird die Grundschule Schmedenstedt\/Woltorf in eine Verl\u00e4ssliche Grundschule umgewandelt. Dieses Modell garantiert durch die Bereitstellung eines Betreuungskontingents und einer Vertretungsreserve die Verl\u00e4sslichkeit von Unterricht bzw. Betreuung f\u00fcr f\u00fcnf Zeitstunden am Tag. F\u00fcr die Kinder der 1.und 2. Klassen wird aufgrund dessen eine kostenfreie Betreuung in Schmedenstedt bis 13.00 Uhr angeboten.<\/p>\n<p>Im zweij\u00e4hrigen Rhythmus wird im Rahmen der Arbeitsgemeinschaften mit den Sch\u00fclerinnen und Sch\u00fclern der 3. und 4. Klassen ein Musical (\u201eAls die Tiere die Schimpfw\u00f6rter leid waren\u201c (2003, 2011), \u201eDie Rache der Igel\u201c (2004), \u201eTuishi Pamoja\u201c (2007), \u201eDas Vierfarbenland\u201c (2009), \u201eCoco-Superstar\u201c (2013) vorbereitet und im Peiner Forum aufgef\u00fchrt. In diesem Rhythmus findet auch das Zirkusprojekt des Zirkus Rasch auf dem Sch\u00fctzenplatz in Woltorf statt.<\/p>\n<p>Im September 2006 werden die schulische Arbeit und besonders das gute Schulklima durch die Schulinspektion best\u00e4tigt.<\/p>\n<p>Zu Beginn des Schuljahres 2008\/09 wird das regionale Integrationskonzept \u201eRIK\u201c eingef\u00fchrt. Jeder Klasse der Grundschule stehen von nun an zwei Stunden eines F\u00f6rderschullehrers zur Verf\u00fcgung, dessen Aufgabe ist es, leistungsschw\u00e4chere Sch\u00fclerinnen und Sch\u00fcler w\u00e4hrend des Unterrichts besonders zu f\u00f6rdern.<\/p>\n<p>Die Grundschule nimmt zusammen mit den Kinderg\u00e4rten \u201eMein Apfelb\u00e4umchen\u201c aus Woltorf und \u201eSt. Georgs Drachenh\u00f6hle\u201c aus Schmedenstedt am landesweiten Projekt \u201eBr\u00fcckenjahr\u201c teil. Gemeinsam werden Verabredungen zur Zusammenarbeit getroffen, um den \u00dcbergang vom Kindergarten zur Grundschule flie\u00dfender zu gestalten.<\/p>\n<p>Im Jahr 2009 wird die Schule in das Netzwerk \u201eGesunde Kinder im Landkreis Peine\u201c aufgenommen und zeigt damit deutlich, dass sie sich im Verbund mit anderen besonders f\u00fcr eine gesunde Entwicklung der Sch\u00fclerinnen und Sch\u00fcler einsetzt.<\/p>\n<p>Im April 2012 erh\u00e4lt die Schule auf eigenen Wunsch den Namen &#8222;Schule unterm Regenbogen &#8211; Grundschule Schmedenstedt\/ Woltorf\u201c. Im Vorfeld des Namensfestes findet eine Projektwoche statt. Handabdr\u00fccke, ein Wandbild f\u00fcr die Eingangshalle, umstrickte B\u00e4ume, bemalte St\u00fchle und Gipsbuchstaben werden von den Sch\u00fclerinnen und Sch\u00fclern in den Farben des Regenbogens hergestellt. Mit einer Wanderung von Schmedenstedt nach Woltorf wird das Namensfest in Woltorf er\u00f6ffnet. In diesem Zusammenhang wird die neue Homepage der Schule sowie das Schul-Shirt offiziell vorgestellt.<\/p>\n<p>Am 6.Juli 2012 wird die Schulleiterin Frau Meyer mit einem feierlichen Rahmenprogramm in der Schmedenstedter Mehrzweckhalle in den vorzeitigen Ruhestand verabschiedet.<\/p>\n<p>Zur Einschulung im August 2012 erhalten alle Eltern der Schulanf\u00e4nger erstmalig ein Schulanf\u00e4ngerheft, das die wichtigsten Informationen \u00fcber die Schule und den Schulalltag enth\u00e4lt. Im Schuljahr 2012\/13 finden die ersten Walderlebnistage auf dem Walderlebnispfad Basthorst statt.<\/p>\n<p>Im Herbst 2012 wird mit Hilfe des F\u00f6rdervereins und einiger Eltern auf dem Schulhof in Woltorf ein Spielger\u00e4tehaus f\u00fcr die Pausenspielger\u00e4te aufgestellt. Von nun an \u00fcbernehmen die Sch\u00fclerinnen und Sch\u00fcler selbstst\u00e4ndig die Spielger\u00e4teausleihe in den gro\u00dfen Pausen.<\/p>\n<p>Im Rahmen der schulischen Weihnachtsfeier im Dezember 2012 wird die seit 2011 kommissarische Schulleiterin Frau Eisenhardt in ihr Amt eingef\u00fchrt.<\/p>\n<p>Im Sommer 2013 findet der erste Sponsorenlauf in Woltorf unter dem Motto \u201eWir laufen f\u00fcr B\u00fccher\u201c statt. Eine Strecke von 440 km wird erlaufen, der Erl\u00f6s von 3400\u20ac kommt der Neuausstattung der Schulb\u00fccherei in Woltorf zugute.<\/p>\n<p>Der Nieders\u00e4chsische Landtag verabschiedet das Gesetz zur Einf\u00fchrung der inklusiven Schulen. Das bedeutet, dass Sch\u00fclerinnen und Sch\u00fcler mit und ohne Behinderungen ihren Bed\u00fcrfnissen gerecht gemeinsam unterrichtet werden. Damit ist f\u00fcr alle Sch\u00fclerinnen und Sch\u00fcler ein barrierefreier und gleichberechtigter Zugang zu den Schulen geschaffen. Ab dem Schuljahr 2013\/14 beginnt die Einf\u00fchrung der inklusiven Schule aufsteigend mit der Klasse 1.<\/p>\n<p>Zu Beginn des Schuljahres 2013\/14 findet im September die zweite Runde der nieders\u00e4chsischen Schulinspektion statt. Verschiedene Bereiche schulischer Qualit\u00e4tsarbeit sowie die Ergebnisse aus 15 Unterrichts-beobachtungen stellen die Beratungsgrundlage dar. Mit guten R\u00fcckmeldungen, die vor allem den individualisierten und offenen Unterricht betreffen, wird die begonnene schulische Arbeit nach dem Orientierungsrahmen f\u00fcr Schulqualit\u00e4t fortgesetzt. Jahr f\u00fcr Jahr werden Entwicklungsziele definiert, am Schuljahresende bilanziert und den schulischen Gremien vorgestellt.<\/p>\n<p>Im Schuljahr 2013\/14 finden zwei weitere bedeutende Konzepte ihre Umsetzung. Zum einen bereichert der Schulhund Paula an zwei Tagen in der Woche den Unterricht in Woltorf. Die hundgest\u00fctzte P\u00e4dagogik verbessert das Klassenklima und erweitert die Sozialkompetenzen der Sch\u00fcler. Zum anderen werden an den Walderlebnistagen, die f\u00fcnfmal im Schuljahr f\u00fcr alle Klassen stattfinden, vielf\u00e4ltige Kompetenzen nachhaltige erworben.<\/p>\n<p>Im Rahmen der Weihnachtsfeier im Dezember 2014 wird der Schule durch Vertreter der Landesschulbeh\u00f6rde sowie des Landessportbundes das Zertifikat \u201eSportfreundliche Schule\u201c \u00fcberreicht. Die j\u00e4hrliche Teilnahme an den Bundesjugendspielen Leichtathletik, an den regionalen Schulmannschaftswettk\u00e4mpfen im Fu\u00dfball und Handball, die Durchf\u00fchrung des Deutschen Sportabzeichens, der Schwimmunterricht und das Radfahrtraining sind einige Bausteine, die zu dieser Auszeichnung f\u00fchren.<\/p>\n<p>Seit Schuljahresbeginn 2014\/15 nimmt die Schule an dem landesweiten Schulobstprogramm des Ministeriums f\u00fcr Ern\u00e4hrung, Landwirtschaft und Verbraucherschutz teil<strong>. <\/strong>Dreimal in der Woche wird die Schule mit frischem Obst oder Gem\u00fcse durch den Hof \u201ePeyers\u201c aus Dungelbeck versorgt.<\/p>\n<p>In dem Schuljahr 2014\/15 werden im Rahmen der Schulentwicklungs-arbeit weitere wichtige Weichen gestellt. Die Gremien der Schule beschlie\u00dfen das Methodenkonzept, das Qualifizierungskonzept f\u00fcr Lehrkr\u00e4fte sowie ein neues Leitbild f\u00fcr die Schule. Das Methodenkonzept legt fest, welche Methoden in welchen Jahrg\u00e4ngen und in welchen F\u00e4chern verbindlich eingef\u00fchrt werden. Lehrerfortbildungen, j\u00e4hrliche schulinterne Fortbildungen, regelm\u00e4\u00dfige kollegiale Hospitationen und Schulleitungshospitationen sind im Qualifizierungskonzept verankert.<\/p>\n<p>Im Juni 2014 findet in der Volkswagenhalle in Braunschweig ein gro\u00dfes Liederfest \u201eKlasse! Wir singen!\u201c statt. Die Schule nimmt mit allen acht Klassen und vielen tausend Kindern bereits zum dritten Mal daran teil.<\/p>\n<p>W\u00e4hrend des Sturmwochenendes im Juli 2014 st\u00fcrzt eine Tanne in den Eingangsbereich der Schule in Schmedenstedt, versperrt den Eingang und zerst\u00f6rt den Briefkasten. Gl\u00fccklicherweise kommt niemand zu Schaden.<\/p>\n<p><strong>Die Geschichte der Schule unterm Regenbogen geht weiter.<\/strong><\/p>\n<p>Erfahren Sie hier mehr aus den Halbjahresbriefen der vergangenen Jahren zum Fortgang unserer Schulgeschichte. Die Briefe k\u00f6nnen hier heruntergeladen werden:<\/p>\n<p><strong><a href=\"http:\/\/wordpress.nibis.de\/gsschmedwolt\/files\/2018\/06\/2013Weihnachtsbrief.pdf\"><span style=\"font-size: x-large\">&gt;\u00a0Weihnachten\u00a02013<\/span><\/a><\/strong><\/p>\n<p><span style=\"font-size: 18pt\"><strong><a href=\"http:\/\/wordpress.nibis.de\/gsschmedwolt\/files\/2018\/06\/2014-12-Weihnachtsbrief.pdf\">&gt; Weihnachten 2014<\/a><\/strong><\/span><\/p>\n<p><span style=\"font-size: 18pt\"><strong><a href=\"http:\/\/wordpress.nibis.de\/gsschmedwolt\/files\/2018\/06\/2015-07-Sommerbrief-Automatisch-gespeichert.pdf\">&gt; Sommer 2015<\/a><\/strong><\/span><\/p>\n<p><span style=\"font-size: 18pt\"><strong><a href=\"http:\/\/wordpress.nibis.de\/gsschmedwolt\/files\/2018\/06\/2015-12-Weihnachtsbrief-Eltern.pdf\">&gt; Weihnachten 2015<\/a><\/strong><\/span><\/p>\n<p><span style=\"font-size: 18pt\"><strong><a href=\"http:\/\/wordpress.nibis.de\/gsschmedwolt\/files\/2018\/06\/2016_05-Sommerbrief.pdf\">&gt; Sommer 2016<\/a><\/strong><\/span><\/p>\n<p><span style=\"font-size: 18pt\"><strong><a href=\"http:\/\/wordpress.nibis.de\/gsschmedwolt\/files\/2018\/06\/2016-12-Weihnachtsbrief-Eltern.pdf\">&gt; Weihnachten 2016<\/a><\/strong><\/span><\/p>\n<p><span style=\"font-size: 18pt\"><strong><a href=\"http:\/\/wordpress.nibis.de\/gsschmedwolt\/files\/2018\/06\/2017_05-Sommerbrief_neu.pdf\">&gt; Sommer 2017<\/a><\/strong><\/span><\/p>\n<p><span style=\"font-size: 18pt\"><strong><a href=\"http:\/\/wordpress.nibis.de\/gsschmedwolt\/files\/2018\/06\/2017-12-Weihnachtsbrief-Eltern.pdf\">&gt; Weihnachten 2017<\/a><\/strong><\/span><\/p>\n<p><strong><span style=\"font-size: 18pt\"><a href=\"https:\/\/wordpress.nibis.de\/gsschmedwolt\/files\/2022\/02\/2020-12-18-Weihnachtsbrief-Schulgemeinschaft.pdf\">&gt; Weihnachten 2020<\/a><\/span><\/strong><\/p>\n<p>&nbsp;<\/p>\n","protected":false},"excerpt":{"rendered":"<p>Chronik der Schule unterm Regenbogen \u2013 Grundschule Schmedenstedt\/ Woltorf &nbsp; In den Wirren des 30-j\u00e4hrigen Krieges beginnt die Geschichte der Schule in Schmedenstedt. \u201e Anno 1623 ist die Schule allhier zu Schmedenstedt zugerichtet und erbauet worden, damit die Jugend um desto mehr zur Gottseligkeit angehalten und in der Lehre des hl. Katechismi desto flei\u00dfiger und [&hellip;]<\/p>\n","protected":false},"author":9192595,"featured_media":0,"parent":31,"menu_order":0,"comment_status":"closed","ping_status":"closed","template":"template-full-width.php","meta":{"footnotes":""},"class_list":["post-659","page","type-page","status-publish","hentry"],"_links":{"self":[{"href":"https:\/\/wordpress.nibis.de\/gsschmedwolt\/wp-json\/wp\/v2\/pages\/659","targetHints":{"allow":["GET"]}}],"collection":[{"href":"https:\/\/wordpress.nibis.de\/gsschmedwolt\/wp-json\/wp\/v2\/pages"}],"about":[{"href":"https:\/\/wordpress.nibis.de\/gsschmedwolt\/wp-json\/wp\/v2\/types\/page"}],"author":[{"embeddable":true,"href":"https:\/\/wordpress.nibis.de\/gsschmedwolt\/wp-json\/wp\/v2\/users\/9192595"}],"replies":[{"embeddable":true,"href":"https:\/\/wordpress.nibis.de\/gsschmedwolt\/wp-json\/wp\/v2\/comments?post=659"}],"version-history":[{"count":6,"href":"https:\/\/wordpress.nibis.de\/gsschmedwolt\/wp-json\/wp\/v2\/pages\/659\/revisions"}],"predecessor-version":[{"id":3958,"href":"https:\/\/wordpress.nibis.de\/gsschmedwolt\/wp-json\/wp\/v2\/pages\/659\/revisions\/3958"}],"up":[{"embeddable":true,"href":"https:\/\/wordpress.nibis.de\/gsschmedwolt\/wp-json\/wp\/v2\/pages\/31"}],"wp:attachment":[{"href":"https:\/\/wordpress.nibis.de\/gsschmedwolt\/wp-json\/wp\/v2\/media?parent=659"}],"curies":[{"name":"wp","href":"https:\/\/api.w.org\/{rel}","templated":true}]}}