{"id":74,"date":"2018-05-07T18:31:10","date_gmt":"2018-05-07T16:31:10","guid":{"rendered":"http:\/\/wordpress.nibis.de\/gsschmedwolt\/?page_id=74"},"modified":"2020-12-18T11:11:30","modified_gmt":"2020-12-18T10:11:30","slug":"schulvorstand","status":"publish","type":"page","link":"https:\/\/wordpress.nibis.de\/gsschmedwolt\/schule\/gremien\/schulvorstand\/","title":{"rendered":"Schulvorstand"},"content":{"rendered":"<p>Seit dem 01.08.07 sind alle Schulen in Niedersachsen &#8222;Eigenverantwortliche Schulen&#8220;. Die Schulen erhalten neue und umfangreiche Kompetenzen, um ihre Qualit\u00e4t selbst weiterzuentwickeln. Ein wesentlicher Bestandteil der neuen Schulverfassung ist der Schulvorstand als <strong>zentrales Organ der Schule<\/strong>. In ihm arbeiten Erziehungsberechtigte und Lehrkr\u00e4fte zum Wohl der Schule verantwortlich zusammen.<\/p>\n<p><strong>Zusammensetzung<\/strong><br \/>\nAn unserer Schule besteht der Schulvorstand aus der<strong> Schulleitung, drei Lehrkr\u00e4ften und vier Elternvertretern<\/strong>. Die kommunalen Tr\u00e4ger wirken mit Rede- und Antragsrecht mit. Auch k\u00f6nnen sachkundige Personen beratend hinzugezogen werden. Die p\u00e4dagogische Verantwortung der Gesamtkonferenz bleibt bestehen.<\/p>\n<p>Vertreter f\u00fcr den Schulvorstand werden zwar vom Schulelternrat (SER) gew\u00e4hlt, es kann sich aber jedes interessierte Elternteil hierf\u00fcr aufstellen lassen.<\/p>\n<p><span style=\"font-size: 18pt\"><strong>Aufgaben\u00a0 des\u00a0 Schulvorstands<\/strong><\/span><\/p>\n<p>Der Schulvorsand ist zentrales Organ der Schule mit dem Ziel der Gestaltung der Qualit\u00e4tsentwicklung. Er entscheidet \u00fcber die Verwendung der Haushaltsmittel, die Zusammenarbeit mit anderen Schulen, die Ausgestaltung der Stundentafel, Grunds\u00e4tze f\u00fcr die Durchf\u00fchrung von Projektwochen, Teilnahme an Modellprojekten oder \u00fcber einen neuen Schulnamen und tagt\u00a0 daf\u00fcr drei- bis viermal pro Schuljahr zusammen mit der Gesamtkonferenz.<\/p>\n<p>Hier geht es um die wichtige Aufgabe, die Arbeit der Schule mit dem Ziel der Qualit\u00e4tsentwicklung zu gestalten. Die Schulen haben im Zuge der Einf\u00fchrung der eigenverantwortlichen Schule (seit 2007) neue und umfangreiche Kompetenzen erhalten, um ihre Qualit\u00e4t selbst weiterzuentwickeln. Ein wesentlicher Bestandteil der neuen Schulverfassung ist der Schulvorstand als zentrales Organ der Schule. In ihm arbeiten Erziehungsberechtigte und Lehrkr\u00e4fte zum Wohl der Schule verantwortlich zusammen.<\/p>\n<p>Der Schulvorstand entscheidet \u00fcber die Verwendung der Haushaltsmittel, die Zusammenarbeit mit anderen Schulen, die Ausgestaltung der Stundentafel, Grunds\u00e4tze f\u00fcr die Durchf\u00fchrung von Projektwochen,&#8230;<\/p>\n<p>&nbsp;<\/p>\n<p>&nbsp;<\/p>\n","protected":false},"excerpt":{"rendered":"<p>Seit dem 01.08.07 sind alle Schulen in Niedersachsen &#8222;Eigenverantwortliche Schulen&#8220;. Die Schulen erhalten neue und umfangreiche Kompetenzen, um ihre Qualit\u00e4t selbst weiterzuentwickeln. Ein wesentlicher Bestandteil der neuen Schulverfassung ist der Schulvorstand als zentrales Organ der Schule. In ihm arbeiten Erziehungsberechtigte und Lehrkr\u00e4fte zum Wohl der Schule verantwortlich zusammen. Zusammensetzung An unserer Schule besteht der Schulvorstand [&hellip;]<\/p>\n","protected":false},"author":9192595,"featured_media":0,"parent":72,"menu_order":0,"comment_status":"closed","ping_status":"closed","template":"template-full-width.php","meta":{"footnotes":""},"class_list":["post-74","page","type-page","status-publish","hentry"],"_links":{"self":[{"href":"https:\/\/wordpress.nibis.de\/gsschmedwolt\/wp-json\/wp\/v2\/pages\/74","targetHints":{"allow":["GET"]}}],"collection":[{"href":"https:\/\/wordpress.nibis.de\/gsschmedwolt\/wp-json\/wp\/v2\/pages"}],"about":[{"href":"https:\/\/wordpress.nibis.de\/gsschmedwolt\/wp-json\/wp\/v2\/types\/page"}],"author":[{"embeddable":true,"href":"https:\/\/wordpress.nibis.de\/gsschmedwolt\/wp-json\/wp\/v2\/users\/9192595"}],"replies":[{"embeddable":true,"href":"https:\/\/wordpress.nibis.de\/gsschmedwolt\/wp-json\/wp\/v2\/comments?post=74"}],"version-history":[{"count":6,"href":"https:\/\/wordpress.nibis.de\/gsschmedwolt\/wp-json\/wp\/v2\/pages\/74\/revisions"}],"predecessor-version":[{"id":819,"href":"https:\/\/wordpress.nibis.de\/gsschmedwolt\/wp-json\/wp\/v2\/pages\/74\/revisions\/819"}],"up":[{"embeddable":true,"href":"https:\/\/wordpress.nibis.de\/gsschmedwolt\/wp-json\/wp\/v2\/pages\/72"}],"wp:attachment":[{"href":"https:\/\/wordpress.nibis.de\/gsschmedwolt\/wp-json\/wp\/v2\/media?parent=74"}],"curies":[{"name":"wp","href":"https:\/\/api.w.org\/{rel}","templated":true}]}}