{"id":76,"date":"2018-05-07T18:31:27","date_gmt":"2018-05-07T16:31:27","guid":{"rendered":"http:\/\/wordpress.nibis.de\/gsschmedwolt\/?page_id=76"},"modified":"2020-12-18T11:08:45","modified_gmt":"2020-12-18T10:08:45","slug":"gesamatkonferenz","status":"publish","type":"page","link":"https:\/\/wordpress.nibis.de\/gsschmedwolt\/schule\/gremien\/gesamatkonferenz\/","title":{"rendered":"Gesamtkonferenz"},"content":{"rendered":"<p>Hier geht es um p\u00e4dagogische Angelegenheiten, Schulprogramme, Schulordnung, &#8230;<\/p>\n<p><strong>Zusammensetzung der Gesamtkonferenz<br \/>\n<\/strong><\/p>\n<p>Die Gesamtkonferenz setzt sich bei uns aus folgenden Mitgliedern zusammen<\/p>\n<p>o Schulleitung (=Vorsitz),<\/p>\n<p>o alle Lehrkr\u00e4fte, p\u00e4d. Mitarbeiterinnen, Vertreter der sonstigen Mitarbeiter,<\/p>\n<p>o vier gew\u00e4hlte Elternvertreter.<\/p>\n<p><span style=\"font-size: 18pt\"><strong>Aufgaben der GK<\/strong><\/span><\/p>\n<p>Die Gesamtkonferenz entscheidet \u00fcber p\u00e4dagogische Angelegenheiten wie Grunds\u00e4tze der Leistungsbewertung, Arbeit am Schulprogramm, Schulordnung und tagt dazu drei- bis viermal pro Schuljahr zusammen mit dem Schulvorstand.<\/p>\n<p>&nbsp;<\/p>\n","protected":false},"excerpt":{"rendered":"<p>Hier geht es um p\u00e4dagogische Angelegenheiten, Schulprogramme, Schulordnung, &#8230; Zusammensetzung der Gesamtkonferenz Die Gesamtkonferenz setzt sich bei uns aus folgenden Mitgliedern zusammen o Schulleitung (=Vorsitz), o alle Lehrkr\u00e4fte, p\u00e4d. Mitarbeiterinnen, Vertreter der sonstigen Mitarbeiter, o vier gew\u00e4hlte Elternvertreter. Aufgaben der GK Die Gesamtkonferenz entscheidet \u00fcber p\u00e4dagogische Angelegenheiten wie Grunds\u00e4tze der Leistungsbewertung, Arbeit am Schulprogramm, Schulordnung [&hellip;]<\/p>\n","protected":false},"author":9192595,"featured_media":0,"parent":72,"menu_order":0,"comment_status":"closed","ping_status":"closed","template":"template-full-width.php","meta":{"footnotes":""},"class_list":["post-76","page","type-page","status-publish","hentry"],"_links":{"self":[{"href":"https:\/\/wordpress.nibis.de\/gsschmedwolt\/wp-json\/wp\/v2\/pages\/76","targetHints":{"allow":["GET"]}}],"collection":[{"href":"https:\/\/wordpress.nibis.de\/gsschmedwolt\/wp-json\/wp\/v2\/pages"}],"about":[{"href":"https:\/\/wordpress.nibis.de\/gsschmedwolt\/wp-json\/wp\/v2\/types\/page"}],"author":[{"embeddable":true,"href":"https:\/\/wordpress.nibis.de\/gsschmedwolt\/wp-json\/wp\/v2\/users\/9192595"}],"replies":[{"embeddable":true,"href":"https:\/\/wordpress.nibis.de\/gsschmedwolt\/wp-json\/wp\/v2\/comments?post=76"}],"version-history":[{"count":5,"href":"https:\/\/wordpress.nibis.de\/gsschmedwolt\/wp-json\/wp\/v2\/pages\/76\/revisions"}],"predecessor-version":[{"id":364,"href":"https:\/\/wordpress.nibis.de\/gsschmedwolt\/wp-json\/wp\/v2\/pages\/76\/revisions\/364"}],"up":[{"embeddable":true,"href":"https:\/\/wordpress.nibis.de\/gsschmedwolt\/wp-json\/wp\/v2\/pages\/72"}],"wp:attachment":[{"href":"https:\/\/wordpress.nibis.de\/gsschmedwolt\/wp-json\/wp\/v2\/media?parent=76"}],"curies":[{"name":"wp","href":"https:\/\/api.w.org\/{rel}","templated":true}]}}