{"id":80,"date":"2018-05-07T18:32:03","date_gmt":"2018-05-07T16:32:03","guid":{"rendered":"http:\/\/wordpress.nibis.de\/gsschmedwolt\/?page_id=80"},"modified":"2025-09-08T11:15:07","modified_gmt":"2025-09-08T09:15:07","slug":"foerderverein","status":"publish","type":"page","link":"https:\/\/wordpress.nibis.de\/gsschmedwolt\/schule\/foerderverein\/","title":{"rendered":"Kooperationspartner"},"content":{"rendered":"<p style=\"text-align: left\">Die Schule unterm Regenbogen kooperiert mit folgenden Partnern:<\/p>\n<p>&nbsp;<\/p>\n<p>ADAC (Aufgepasst mit ADACUS)<\/p>\n<p>Altenheim Woltorf (Konzerte)<\/p>\n<p>ASB (Erste-Hilfe Kurse)<\/p>\n<p>Basketball-L\u00f6wen<\/p>\n<p>Braunschweiger Zeitung (funky)<\/p>\n<p>Deutsche Herzstiftung (Skipping-Hearts)<\/p>\n<p>Emmaus Kirchengemeinde (Ein- und Ausschulungsgottesdienst, Kirchenbesuche)<\/p>\n<p>F\u00f6rderverein Waldforum Riddagshausen<\/p>\n<p>Freiwillige Feuerwehr Schmedenstedt (Feuerschutz\u00fcbung)<\/p>\n<p>Freiwillige Feuerwehr Woltorf (Feuerschutz\u00fcbung)<\/p>\n<p>Hof Lauenroth (Schulobst)<\/p>\n<p>IGS V\u00f6hrum (Schnuppertag, Sportfest)<\/p>\n<p>KiTa Drachenh\u00f6hle Schmedenstedt<\/p>\n<p>KiTa Mein Apfelb\u00e4umchen Woltorf<\/p>\n<p>Landesforst (Walderlebnistage)<\/p>\n<p>Landkreis (Vorlesen)<\/p>\n<p>Musikschule Peine (musikalische Ganztagsangebote)<\/p>\n<p>Polizei Peine<\/p>\n<p>Posaunenchor Schmedenstedt (Blechbl\u00e4ser-Workshop)<\/p>\n<p>!respect e.V. (Gewaltpr\u00e4ventionstraining)<\/p>\n<p>Sportvereine Blau-Wei\u00df Schmedenstedt und VfL Woltorf (Sportfest, Sportabzeichen, Tischtennisturnier, Kinderturnen)<\/p>\n<p>Spielergemeinschaft JSG (Fu\u00dfballabzeichen)<\/p>\n<p>Schachverein (Ganztagsangebote)<\/p>\n<p>TPW (Theaterprojekt Kinderschutz)<\/p>\n<p>Verein &#8222;Natur erleben im Peiner Land&#8220; (Walderlebnistage)<\/p>\n<p>Zirkus Fun<\/p>\n<p>&nbsp;<\/p>\n","protected":false},"excerpt":{"rendered":"<p>Die Schule unterm Regenbogen kooperiert mit folgenden Partnern: &nbsp; ADAC (Aufgepasst mit ADACUS) Altenheim Woltorf (Konzerte) ASB (Erste-Hilfe Kurse) Basketball-L\u00f6wen Braunschweiger Zeitung (funky) Deutsche Herzstiftung (Skipping-Hearts) Emmaus Kirchengemeinde (Ein- und Ausschulungsgottesdienst, Kirchenbesuche) F\u00f6rderverein Waldforum Riddagshausen Freiwillige Feuerwehr Schmedenstedt (Feuerschutz\u00fcbung) Freiwillige Feuerwehr Woltorf (Feuerschutz\u00fcbung) Hof Lauenroth (Schulobst) IGS V\u00f6hrum (Schnuppertag, Sportfest) KiTa Drachenh\u00f6hle Schmedenstedt KiTa Mein [&hellip;]<\/p>\n","protected":false},"author":9192595,"featured_media":0,"parent":29,"menu_order":0,"comment_status":"closed","ping_status":"closed","template":"template-full-width.php","meta":{"footnotes":""},"class_list":["post-80","page","type-page","status-publish","hentry"],"_links":{"self":[{"href":"https:\/\/wordpress.nibis.de\/gsschmedwolt\/wp-json\/wp\/v2\/pages\/80","targetHints":{"allow":["GET"]}}],"collection":[{"href":"https:\/\/wordpress.nibis.de\/gsschmedwolt\/wp-json\/wp\/v2\/pages"}],"about":[{"href":"https:\/\/wordpress.nibis.de\/gsschmedwolt\/wp-json\/wp\/v2\/types\/page"}],"author":[{"embeddable":true,"href":"https:\/\/wordpress.nibis.de\/gsschmedwolt\/wp-json\/wp\/v2\/users\/9192595"}],"replies":[{"embeddable":true,"href":"https:\/\/wordpress.nibis.de\/gsschmedwolt\/wp-json\/wp\/v2\/comments?post=80"}],"version-history":[{"count":17,"href":"https:\/\/wordpress.nibis.de\/gsschmedwolt\/wp-json\/wp\/v2\/pages\/80\/revisions"}],"predecessor-version":[{"id":5225,"href":"https:\/\/wordpress.nibis.de\/gsschmedwolt\/wp-json\/wp\/v2\/pages\/80\/revisions\/5225"}],"up":[{"embeddable":true,"href":"https:\/\/wordpress.nibis.de\/gsschmedwolt\/wp-json\/wp\/v2\/pages\/29"}],"wp:attachment":[{"href":"https:\/\/wordpress.nibis.de\/gsschmedwolt\/wp-json\/wp\/v2\/media?parent=80"}],"curies":[{"name":"wp","href":"https:\/\/api.w.org\/{rel}","templated":true}]}}