{"id":96,"date":"2018-05-07T18:37:19","date_gmt":"2018-05-07T16:37:19","guid":{"rendered":"http:\/\/wordpress.nibis.de\/gsschmedwolt\/?page_id=96"},"modified":"2024-12-02T14:46:39","modified_gmt":"2024-12-02T13:46:39","slug":"leitbild","status":"publish","type":"page","link":"https:\/\/wordpress.nibis.de\/gsschmedwolt\/schulprofil\/leitbild\/","title":{"rendered":"Leitbild"},"content":{"rendered":"<p>In unserer Schule lernen wir\u00a0<b>Verantwortung f\u00fcr uns selbst, f\u00fcr den eigenen Lernprozess, f\u00fcr andere, f\u00fcr unser Schulgeb\u00e4ude und seine Ausstattung, f\u00fcr die Natur und die Umwelt <\/b>zu \u00fcbernehmen. Wir entscheiden, urteilen und handeln im Sinne der Nachhaltigkeit.<\/p>\n<p>Wir setzen uns f\u00fcr <strong>Respekt<\/strong> <strong>und Toleranz<\/strong> ein und gehen <strong>wertsch\u00e4tzend<\/strong> miteinander um.<\/p>\n<p>Wir gestalten unseren Unterricht <b>individualisiert, strukturiert, ritualisiert, zieltransparent, ganzheitlich <\/b>und <b>mit f\u00e4cher\u00fcbergreifenden Konzepten<\/b>.<\/p>\n<p>Als Kollegium arbeiten wir im <b>Team<\/b>, \u00fcberpr\u00fcfen regelm\u00e4\u00dfig die <b>Wirksamkeit <\/b>unserer p\u00e4dagogischen Arbeit und <b>entwickeln <\/b>uns gemeinsam weiter. Wir stehen f\u00fcr <strong>Transparenz<\/strong>.<\/p>\n<p>Wir erm\u00f6glichen ein <b>kulturell anregendes Schulleben<\/b> und werden dabei durch <b>au\u00dferschulische Kooperationspartner <\/b>unterst\u00fctzt.<\/p>\n<p>Juli 2024<\/p>\n<p>&nbsp;<\/p>\n<p>Im Schuljahr 2017\/2018 haben\u00a0alle Sch\u00fclerinnen und Sch\u00fcler des 3. Jahrgangs aus diesem Leitbild eine <strong>Version f\u00fcr Kinder<\/strong> formuliert und im Rahmen eines Kunstwettbewerbs das Leitbild gemalt:<\/p>\n<p><span style=\"color: #800080\">In unserer Schule \u00fcbernehme ich Verantwortung f\u00fcr: mich selbst, mein Lernen, Andere, die Natur und unsere Umwelt.<\/span><\/p>\n<p><span style=\"color: #3366ff\">Jedes Kind ist besonders. An unserer Schule k\u00f6nnen wir so lernen, wie es f\u00fcr jeden von uns am besten ist.<\/span><\/p>\n<p><span style=\"color: #3366ff\">Es gibt viel zu lernen. Damit uns das leichter f\u00e4llt, wissen wir, was uns am Tag und in der Woche erwartet.<\/span><\/p>\n<p><span style=\"color: #3366ff\">Wir kennen unsere Schulregeln und den Ablauf des Unterrichtstages und vieler gemeinsamer Aktionen, da diese bei uns immer wieder in gleicher Form durchgef\u00fchrt werden.<\/span><\/p>\n<p><span style=\"color: #3366ff\">Wir wissen, wof\u00fcr wir lernen. Wir wissen, was von jedem von uns erwartet wird und wof\u00fcr das Gelernte gut ist.<\/span><\/p>\n<p><span style=\"color: #3366ff\">An unserer Schule sind alle F\u00e4cher verbunden, denn wir m\u00fcssen uns sp\u00e4ter in vielen Bereichen gut auskennen.<\/span><\/p>\n<p><span style=\"color: #008000\">Unsere Lehrerinnen arbeiten viel zusammen. Sie treffen sich h\u00e4ufig zu Besprechungen und Fortbildungen und achten darauf, dass wir lernen. Es gibt immer zwei Klassenlehrerinnen.<\/span><\/p>\n<p><span style=\"color: #ffbb00\">An unserer Schule wissen wir und unsere Eltern genau, was als N\u00e4chstes kommt. Wir wissen, was wir k\u00f6nnen und woran wir noch arbeiten m\u00fcssen.<\/span><\/p>\n<p><span style=\"color: #ff6600\">An unserer Schule gibt es verschiedene Projekte aus Kunst, Musik, Sport und Religion.<\/span><\/p>\n<p><span style=\"color: #ff0000\">Manchmal lernen wir von Fachleuten, die nicht an unserer Schule arbeiten.<\/span><\/p>\n<p>Februar 2018<\/p>\n<p>&nbsp;<\/p>\n<p><a href=\"http:\/\/wordpress.nibis.de\/gsschmedwolt\/schulprofil\/g\/\"><img loading=\"lazy\" decoding=\"async\" class=\"alignnone wp-image-369 size-full\" src=\"http:\/\/wordpress.nibis.de\/gsschmedwolt\/files\/2018\/06\/g.png\" alt=\"\" width=\"1024\" height=\"768\" srcset=\"https:\/\/wordpress.nibis.de\/gsschmedwolt\/files\/2018\/06\/g.png 1024w, https:\/\/wordpress.nibis.de\/gsschmedwolt\/files\/2018\/06\/g-300x225.png 300w, https:\/\/wordpress.nibis.de\/gsschmedwolt\/files\/2018\/06\/g-768x576.png 768w\" sizes=\"auto, (max-width: 1024px) 100vw, 1024px\" \/><\/a><\/p>\n","protected":false},"excerpt":{"rendered":"<p>In unserer Schule lernen wir\u00a0Verantwortung f\u00fcr uns selbst, f\u00fcr den eigenen Lernprozess, f\u00fcr andere, f\u00fcr unser Schulgeb\u00e4ude und seine Ausstattung, f\u00fcr die Natur und die Umwelt zu \u00fcbernehmen. Wir entscheiden, urteilen und handeln im Sinne der Nachhaltigkeit. Wir setzen uns f\u00fcr Respekt und Toleranz ein und gehen wertsch\u00e4tzend miteinander um. Wir gestalten unseren Unterricht individualisiert, [&hellip;]<\/p>\n","protected":false},"author":9192595,"featured_media":0,"parent":31,"menu_order":0,"comment_status":"closed","ping_status":"closed","template":"template-full-width.php","meta":{"footnotes":""},"class_list":["post-96","page","type-page","status-publish","hentry"],"_links":{"self":[{"href":"https:\/\/wordpress.nibis.de\/gsschmedwolt\/wp-json\/wp\/v2\/pages\/96","targetHints":{"allow":["GET"]}}],"collection":[{"href":"https:\/\/wordpress.nibis.de\/gsschmedwolt\/wp-json\/wp\/v2\/pages"}],"about":[{"href":"https:\/\/wordpress.nibis.de\/gsschmedwolt\/wp-json\/wp\/v2\/types\/page"}],"author":[{"embeddable":true,"href":"https:\/\/wordpress.nibis.de\/gsschmedwolt\/wp-json\/wp\/v2\/users\/9192595"}],"replies":[{"embeddable":true,"href":"https:\/\/wordpress.nibis.de\/gsschmedwolt\/wp-json\/wp\/v2\/comments?post=96"}],"version-history":[{"count":15,"href":"https:\/\/wordpress.nibis.de\/gsschmedwolt\/wp-json\/wp\/v2\/pages\/96\/revisions"}],"predecessor-version":[{"id":5009,"href":"https:\/\/wordpress.nibis.de\/gsschmedwolt\/wp-json\/wp\/v2\/pages\/96\/revisions\/5009"}],"up":[{"embeddable":true,"href":"https:\/\/wordpress.nibis.de\/gsschmedwolt\/wp-json\/wp\/v2\/pages\/31"}],"wp:attachment":[{"href":"https:\/\/wordpress.nibis.de\/gsschmedwolt\/wp-json\/wp\/v2\/media?parent=96"}],"curies":[{"name":"wp","href":"https:\/\/api.w.org\/{rel}","templated":true}]}}