{"id":170,"date":"2014-11-10T13:20:30","date_gmt":"2014-11-10T11:20:30","guid":{"rendered":"http:\/\/wordpress.nibis.de\/gsschoningen\/?page_id=170"},"modified":"2025-10-06T18:27:46","modified_gmt":"2025-10-06T16:27:46","slug":"schulprogramm","status":"publish","type":"page","link":"https:\/\/wordpress.nibis.de\/gsschoningen\/schulprogramm\/","title":{"rendered":"Schulprogramm"},"content":{"rendered":"<ul>\n<li><a href=\"https:\/\/wordpress.nibis.de\/gsschoningen\/files\/2025\/09\/Vorwort-und-Grundsaetze.pdf\" target=\"_blank\" rel=\"noopener\">Vorwort&nbsp;und Grunds\u00e4tze<\/a><\/li>\n<li><a href=\"https:\/\/wordpress.nibis.de\/gsschoningen\/files\/2025\/09\/Umgang-mit-Absentismus.pdf\" target=\"_blank\" rel=\"noopener\">Umgang mit Absentismus (Schulvers\u00e4umnisse)<\/a><\/li>\n<li><a href=\"https:\/\/wordpress.nibis.de\/gsschoningen\/files\/2025\/09\/003_Beratungskonzept.pdf\" target=\"_blank\" rel=\"noopener\">Beratungskonzept<\/a><\/li>\n<li><a href=\"https:\/\/wordpress.nibis.de\/gsschoningen\/files\/2025\/09\/Betreuungskonzept-der-Grundschule-Schoningen.pdf\" target=\"_blank\" rel=\"noopener\">Betreuungskonzept der Grundschule Schoningen<\/a><\/li>\n<li><a href=\"https:\/\/wordpress.nibis.de\/gsschoningen\/files\/2025\/09\/Bewegungsfreundliche-Schule.pdf\" target=\"_blank\" rel=\"noopener\">Bewegungsfreundliche Schule<\/a><\/li>\n<li><a href=\"https:\/\/wordpress.nibis.de\/gsschoningen\/files\/2025\/09\/Das-Forder-und-Foerderkonzept_21-26.pdf\" target=\"_blank\" rel=\"noopener\">F\u00f6rderkonzept<\/a><\/li>\n<li><a href=\"https:\/\/wordpress.nibis.de\/gsschoningen\/files\/2014\/11\/schulprogramm_familien_sexualerziehung.pdf\" target=\"_blank\" rel=\"noopener\">Familien- und Sexualerziehung<\/a><\/li>\n<li><a href=\"https:\/\/wordpress.nibis.de\/gsschoningen\/files\/2025\/09\/Fortbildungskonzept.pdf\" target=\"_blank\" rel=\"noopener\">Fortbildungskonzept<\/a><\/li>\n<li><a href=\"https:\/\/wordpress.nibis.de\/gsschoningen\/files\/2025\/09\/Gesundheitserziehung-und-Praevention.pdf\" target=\"_blank\" rel=\"noopener\">Gesundheitserziehung und Pr\u00e4vention<\/a><\/li>\n<li><a href=\"http:\/\/wordpress.nibis.de\/gsschoningen\/files\/2014\/11\/schulprogramm_hausaufgaben.pdf\" target=\"_blank\" rel=\"noopener\">Hausaufgaben<\/a><\/li>\n<li><a href=\"https:\/\/wordpress.nibis.de\/gsschoningen\/files\/2025\/09\/Interkulturelle-Bildung.pdf\" target=\"_blank\" rel=\"noopener\">Interkulturelle Bildung<\/a><\/li>\n<li><a href=\"https:\/\/wordpress.nibis.de\/gsschoningen\/files\/2025\/09\/Medienkonzept-2020-Schulprogramm.pdf\" target=\"_blank\" rel=\"noopener\">Medienerziehung<\/a><\/li>\n<li><a href=\"https:\/\/wordpress.nibis.de\/gsschoningen\/files\/2025\/09\/Mobilitaet.pdf\" target=\"_blank\" rel=\"noopener\">Mobilit\u00e4t<\/a><\/li>\n<li><a href=\"https:\/\/wordpress.nibis.de\/gsschoningen\/files\/2025\/09\/Sicherheitskonzept.pdf\" target=\"_blank\" rel=\"noopener\">Sicherheitskonzept<\/a><\/li>\n<li><a href=\"https:\/\/wordpress.nibis.de\/gsschoningen\/files\/2025\/09\/Soziales-Lernen.pdf\" target=\"_blank\" rel=\"noopener\">Soziales Lernen<\/a><\/li>\n<li><a href=\"https:\/\/wordpress.nibis.de\/gsschoningen\/files\/2025\/09\/004_Beschwerderegelung.pdf\" target=\"_blank\" rel=\"noopener\">Umgang mit Beschwerden<\/a><\/li>\n<li><a href=\"https:\/\/wordpress.nibis.de\/gsschoningen\/files\/2025\/09\/Umweltbildung.pdff\" target=\"_blank\" rel=\"noopener\">Umweltbildung<\/a><\/li>\n<li><a href=\"https:\/\/wordpress.nibis.de\/gsschoningen\/files\/2025\/09\/Vetretungskonzept.pdf\" target=\"_blank\" rel=\"noopener\">Vertretungskonzept<\/a><\/li>\n<li><a href=\"https:\/\/wordpress.nibis.de\/gsschoningen\/files\/2025\/09\/Werteerziehung.pdf\" target=\"_blank\" rel=\"noopener\">Werteerziehung<\/a><\/li>\n<li><a href=\"https:\/\/wordpress.nibis.de\/gsschoningen\/files\/2025\/09\/Kooperation-mit-vorschulischen-Einrichtungen.pdf\" target=\"_blank\" rel=\"noopener\">Kooperation mit vorschulischen-Einrichtungen<\/a><\/li>\n<li><a href=\"https:\/\/wordpress.nibis.de\/gsschoningen\/files\/2025\/09\/Personalentwicklungskonzept.pdf\" target=\"_blank\" rel=\"noopener\">Personalentwicklungskonzept<\/a><\/li>\n<li><a href=\"https:\/\/wordpress.nibis.de\/gsschoningen\/files\/2025\/09\/Lesekompetenz.pdf\" target=\"_blank\" rel=\"noopener\">Lesekompetenz<\/a><\/li>\n<\/ul>\n","protected":false},"excerpt":{"rendered":"<p>Vorwort&nbsp;und Grunds\u00e4tze Umgang mit Absentismus (Schulvers\u00e4umnisse) Beratungskonzept Betreuungskonzept der Grundschule Schoningen Bewegungsfreundliche Schule F\u00f6rderkonzept Familien- und Sexualerziehung Fortbildungskonzept Gesundheitserziehung und Pr\u00e4vention Hausaufgaben Interkulturelle Bildung Medienerziehung Mobilit\u00e4t Sicherheitskonzept Soziales Lernen Umgang mit Beschwerden Umweltbildung Vertretungskonzept Werteerziehung Kooperation mit vorschulischen-Einrichtungen Personalentwicklungskonzept Lesekompetenz<\/p>\n","protected":false},"author":586,"featured_media":0,"parent":0,"menu_order":0,"comment_status":"closed","ping_status":"closed","template":"","meta":{"footnotes":""},"class_list":["post-170","page","type-page","status-publish","hentry"],"_links":{"self":[{"href":"https:\/\/wordpress.nibis.de\/gsschoningen\/wp-json\/wp\/v2\/pages\/170","targetHints":{"allow":["GET"]}}],"collection":[{"href":"https:\/\/wordpress.nibis.de\/gsschoningen\/wp-json\/wp\/v2\/pages"}],"about":[{"href":"https:\/\/wordpress.nibis.de\/gsschoningen\/wp-json\/wp\/v2\/types\/page"}],"author":[{"embeddable":true,"href":"https:\/\/wordpress.nibis.de\/gsschoningen\/wp-json\/wp\/v2\/users\/586"}],"replies":[{"embeddable":true,"href":"https:\/\/wordpress.nibis.de\/gsschoningen\/wp-json\/wp\/v2\/comments?post=170"}],"version-history":[{"count":18,"href":"https:\/\/wordpress.nibis.de\/gsschoningen\/wp-json\/wp\/v2\/pages\/170\/revisions"}],"predecessor-version":[{"id":1803,"href":"https:\/\/wordpress.nibis.de\/gsschoningen\/wp-json\/wp\/v2\/pages\/170\/revisions\/1803"}],"wp:attachment":[{"href":"https:\/\/wordpress.nibis.de\/gsschoningen\/wp-json\/wp\/v2\/media?parent=170"}],"curies":[{"name":"wp","href":"https:\/\/api.w.org\/{rel}","templated":true}]}}