{"id":71,"date":"2014-11-04T09:57:13","date_gmt":"2014-11-04T07:57:13","guid":{"rendered":"http:\/\/wordpress.nibis.de\/gsschoningen\/?page_id=71"},"modified":"2025-08-27T09:37:40","modified_gmt":"2025-08-27T07:37:40","slug":"steckbrief","status":"publish","type":"page","link":"https:\/\/wordpress.nibis.de\/gsschoningen\/steckbrief\/","title":{"rendered":"Steckbrief"},"content":{"rendered":"<p>Die Grundschule Schoningen ist eine kleine Grundschule im l\u00e4ndlichen Raum. Sie wird von Kindern aus den Ortschaften F\u00fcrstenhagen, Ahlbershausen, Verliehausen, Offensen, Schoningen und Wiensen besucht.<\/p>\n<p>Im Schuljahr 2025\/2026 werden bei uns rund 104 Sch\u00fclerinnen und Sch\u00fcler in sechs Klassen unterrichtet.<\/p>\n<p>Seit dem Schuljahr 2001\/2002 sind wir eine &#8222;Verl\u00e4ssliche Grundschule&#8220;.<\/p>\n<p>Verl\u00e4sslichkeit bedeutet f\u00fcr Lehrer, Eltern und Sch\u00fcler, dass kein Unterricht mehr ausf\u00e4llt, denn in krankheits- oder fortbildungsbedingten Abwesenheits- zeiten der Lehrer erteilen nunmehr fest eingestellte Vertretungslehrer den Unterricht. Eine Aufenthaltszeit der Sch\u00fcler in der Schule f\u00fcr f\u00fcnf Zeitstunden t\u00e4glich ist somit gew\u00e4hrleistet.<\/p>\n<p>Die Verl\u00e4sslichkeit f\u00fcr den 1. und 2. Jahrgang wird \u00fcber die t\u00e4glichen vier bzw. f\u00fcnf Stunden Unterricht hinaus durch die Teilnahme an einem freiwilligen Betreuungsangebot sicher gestellt.<\/p>\n<p>Die 3. und 4. Klassen haben innerhalb des Zeitrahmens mit 26 Wochenstunden t\u00e4glich 5,2 Stunden Unterricht. Ab dem zweiten Halbjahr des dritten Schuljahres erhalten die Sch\u00fclerinnen und Sch\u00fcler f\u00fcr ein Jahr eine Stunde Schwimmunterricht. Au\u00dferdem bieten wir Kindern dieser beiden Jahrg\u00e4nge eine AG-Stunde an. Das AG-Angebot wechselt halbj\u00e4hrlich und ist frei w\u00e4hlbar. In der Regel haben die Kinder vier Unterrichtsangebote zur Auswahl.<\/p>\n<p>Seit Beginn des Schuljahres 2010\/2011 wird die Grundschule Schoningen als Offene Ganztagsschule gef\u00fchrt.<\/p>\n<p>&#8222;Offen&#8220; bedeutet, dass die Kinder am Nachmittagsangebot teilnehmen k\u00f6nnen, aber nicht m\u00fcssen. Wenn gew\u00fcnscht, melden die Erziehungsberechtigten ihr Kind verbindlich f\u00fcr ein halbes Schuljahr an.<\/p>\n<p>Die Nachmittagsangebote dauern jeweils montags bis donnerstags von 13:15 Uhr bis 15:30 Uhr.<\/p>\n","protected":false},"excerpt":{"rendered":"<p>Die Grundschule Schoningen ist eine kleine Grundschule im l\u00e4ndlichen Raum. Sie wird von Kindern aus den Ortschaften F\u00fcrstenhagen, Ahlbershausen, Verliehausen, Offensen, Schoningen und Wiensen besucht. Im Schuljahr 2025\/2026 werden bei uns rund 104 Sch\u00fclerinnen und Sch\u00fcler in sechs Klassen unterrichtet. Seit dem Schuljahr 2001\/2002 sind wir eine &#8222;Verl\u00e4ssliche Grundschule&#8220;. Verl\u00e4sslichkeit bedeutet f\u00fcr Lehrer, Eltern und [&hellip;]<\/p>\n","protected":false},"author":586,"featured_media":0,"parent":0,"menu_order":0,"comment_status":"closed","ping_status":"closed","template":"","meta":{"footnotes":""},"class_list":["post-71","page","type-page","status-publish","hentry"],"_links":{"self":[{"href":"https:\/\/wordpress.nibis.de\/gsschoningen\/wp-json\/wp\/v2\/pages\/71","targetHints":{"allow":["GET"]}}],"collection":[{"href":"https:\/\/wordpress.nibis.de\/gsschoningen\/wp-json\/wp\/v2\/pages"}],"about":[{"href":"https:\/\/wordpress.nibis.de\/gsschoningen\/wp-json\/wp\/v2\/types\/page"}],"author":[{"embeddable":true,"href":"https:\/\/wordpress.nibis.de\/gsschoningen\/wp-json\/wp\/v2\/users\/586"}],"replies":[{"embeddable":true,"href":"https:\/\/wordpress.nibis.de\/gsschoningen\/wp-json\/wp\/v2\/comments?post=71"}],"version-history":[{"count":12,"href":"https:\/\/wordpress.nibis.de\/gsschoningen\/wp-json\/wp\/v2\/pages\/71\/revisions"}],"predecessor-version":[{"id":1745,"href":"https:\/\/wordpress.nibis.de\/gsschoningen\/wp-json\/wp\/v2\/pages\/71\/revisions\/1745"}],"wp:attachment":[{"href":"https:\/\/wordpress.nibis.de\/gsschoningen\/wp-json\/wp\/v2\/media?parent=71"}],"curies":[{"name":"wp","href":"https:\/\/api.w.org\/{rel}","templated":true}]}}