{"id":1087,"date":"2025-06-10T11:09:18","date_gmt":"2025-06-10T09:09:18","guid":{"rendered":"https:\/\/wordpress.nibis.de\/gsstaugustinus\/?page_id=1087"},"modified":"2025-06-10T11:09:18","modified_gmt":"2025-06-10T09:09:18","slug":"verbot-von-handys-und-smartwatches","status":"publish","type":"page","link":"https:\/\/wordpress.nibis.de\/gsstaugustinus\/verbot-von-handys-und-smartwatches\/","title":{"rendered":"Verbot von Handys und Smartwatches"},"content":{"rendered":"\n<p>Wir m\u00f6chten unseren Sch\u00fclerinnen und Sch\u00fclern eine ungest\u00f6rte Lernatmosph\u00e4re erm\u00f6glichen. Daf\u00fcr gilt es Ablenkungen durch elektronische Ger\u00e4te zu vermeiden und die pers\u00f6nliche Interaktion sowie die Konzentration der Sch\u00fclerinnen und Sch\u00fcler zu f\u00f6rdern. Gleichzeitig wollen wir ber\u00fccksichtigen, dass digitale Ger\u00e4te zur Sicherheit der Kinder au\u00dferhalb der Schulzeit genutzt werden k\u00f6nnen.<\/p>\n\n\n\n<p><strong>Regelungen<\/strong><\/p>\n\n\n\n<ol class=\"wp-block-list\" type=\"1\"><li><strong>Verbot von Handys und Smartwatches w\u00e4hrend der Schulzeit:<\/strong><ul><li>Handys und Smartwatches sollen grunds\u00e4tzlich nicht mitgef\u00fchrt werden.<\/li><li>Tracker f\u00fcr den Heimweg d\u00fcrfen in der Schultasche mitgef\u00fchrt werden, m\u00fcssen jedoch bis Schulschluss ausgeschaltet sein und d\u00fcrfen nicht vorher herausgeholt werden.<\/li><\/ul><\/li><li><strong>Verst\u00f6\u00dfe:<\/strong><ul><li><strong>Erster Versto\u00df:<\/strong> Das Ger\u00e4t wird f\u00fcr den Rest des Schultages eingezogen und kann nach Unterrichtsschluss im B\u00fcro der Schulsozialarbeit abgeholt werden. (F\u00fcr evtl. entstandene Sch\u00e4den \u00fcbernimmt die Schule keine Haftung.)<\/li><\/ul><\/li><li><strong>Wiederholter Versto\u00df:<\/strong> Die Eltern werden schriftlich informiert. Bei weiteren Verst\u00f6\u00dfen k\u00f6nnen Erziehungs- und Ordnungsma\u00dfnahmen gem\u00e4\u00df \u00a7 61 NSchG ergriffen werden.<\/li><\/ol>\n\n\n\n<p>In begr\u00fcndeten Ausnahmef\u00e4llen (z. B. bei medizinischen Notf\u00e4llen oder auf Anweisung der Lehrkraft) kann die Nutzung von Ger\u00e4ten erlaubt werden.<\/p>\n\n\n\n<p><\/p>\n\n\n\n<p>Diese <a href=\"https:\/\/wordpress.nibis.de\/gsstaugustinus\/files\/2025\/06\/Konzept-Verbot-Handys-und-Smartwatches.pdf\">Regelungen<\/a> wurden auf der Gesamtkonferenz am 02.06.2025 beschlossen und sind ab dem 11.06.2025 g\u00fcltig.<\/p>\n","protected":false},"excerpt":{"rendered":"<p>Wir m\u00f6chten unseren Sch\u00fclerinnen und Sch\u00fclern eine ungest\u00f6rte Lernatmosph\u00e4re erm\u00f6glichen. Daf\u00fcr gilt es Ablenkungen durch elektronische Ger\u00e4te zu vermeiden und die pers\u00f6nliche Interaktion sowie die Konzentration der Sch\u00fclerinnen und Sch\u00fcler zu f\u00f6rdern. Gleichzeitig wollen wir ber\u00fccksichtigen, dass digitale Ger\u00e4te zur Sicherheit der Kinder au\u00dferhalb der Schulzeit genutzt werden k\u00f6nnen. Regelungen Verbot von Handys und Smartwatches [&hellip;]<\/p>\n","protected":false},"author":9193016,"featured_media":0,"parent":0,"menu_order":0,"comment_status":"closed","ping_status":"closed","template":"","meta":{"footnotes":""},"class_list":["post-1087","page","type-page","status-publish","hentry"],"_links":{"self":[{"href":"https:\/\/wordpress.nibis.de\/gsstaugustinus\/wp-json\/wp\/v2\/pages\/1087","targetHints":{"allow":["GET"]}}],"collection":[{"href":"https:\/\/wordpress.nibis.de\/gsstaugustinus\/wp-json\/wp\/v2\/pages"}],"about":[{"href":"https:\/\/wordpress.nibis.de\/gsstaugustinus\/wp-json\/wp\/v2\/types\/page"}],"author":[{"embeddable":true,"href":"https:\/\/wordpress.nibis.de\/gsstaugustinus\/wp-json\/wp\/v2\/users\/9193016"}],"replies":[{"embeddable":true,"href":"https:\/\/wordpress.nibis.de\/gsstaugustinus\/wp-json\/wp\/v2\/comments?post=1087"}],"version-history":[{"count":2,"href":"https:\/\/wordpress.nibis.de\/gsstaugustinus\/wp-json\/wp\/v2\/pages\/1087\/revisions"}],"predecessor-version":[{"id":1089,"href":"https:\/\/wordpress.nibis.de\/gsstaugustinus\/wp-json\/wp\/v2\/pages\/1087\/revisions\/1089"}],"wp:attachment":[{"href":"https:\/\/wordpress.nibis.de\/gsstaugustinus\/wp-json\/wp\/v2\/media?parent=1087"}],"curies":[{"name":"wp","href":"https:\/\/api.w.org\/{rel}","templated":true}]}}