{"id":159,"date":"2024-04-20T20:42:00","date_gmt":"2024-04-20T18:42:00","guid":{"rendered":"https:\/\/wordpress.nibis.de\/gsstaugustinus\/?page_id=159"},"modified":"2024-04-20T22:13:44","modified_gmt":"2024-04-20T20:13:44","slug":"chorklasse","status":"publish","type":"page","link":"https:\/\/wordpress.nibis.de\/gsstaugustinus\/chorklasse\/","title":{"rendered":"Chorklasse"},"content":{"rendered":"\n<p><img loading=\"lazy\" decoding=\"async\" class=\"alignnone \" src=\"https:\/\/musikland-niedersachsen.de\/volumes\/site\/_s\/181023-Archiv-Chor-Klasse2-LK.jpg?v=1551752692\" width=\"297\" height=\"145\" \/><\/p>\n\n\n\n<p>Chorklassen stellen als eine besondere Form des Klassenmusizierens das Singen in den Mittelpunkt des Musikunterrichts. <\/p>\n\n\n\n<p>Die besonderen inhaltlichen Schwerpunkte einer Chorklasse finden sich im erweiterten Liedrepertoire, in einer kindgerechten Stimmbildung, in besonderen Formen der Liedvermittlung (Solmisation), in der Anbahnung des mehrstimmigen Singens, in der Steigerung der Freude am Singen sowie in der Entwicklung eines s\u00e4ngerischen Selbstbewusstseins. <\/p>\n\n\n\n<p>Das Projekt zielt darauf ab, das Singen in den Fokus des Musikunterrichtes zu bringen und \u201eneu zu beleben\u201c, um es im nieders\u00e4chsischen Musikunterricht an allgemeinbildenden Schulen zu etablieren. Au\u00dferdem soll es Kinder s\u00e4ngerisch ausbilden und ihnen die Freude am Singen erm\u00f6glichen.<\/p>\n\n\n\n<p>Quelle: https:\/\/musikland-niedersachsen.de\/projekte\/chorklasse\/<\/p>\n\n\n","protected":false},"excerpt":{"rendered":"<p>Chorklassen stellen als eine besondere Form des Klassenmusizierens das Singen in den Mittelpunkt des Musikunterrichts. Die besonderen inhaltlichen Schwerpunkte einer Chorklasse finden sich im erweiterten Liedrepertoire, in einer kindgerechten Stimmbildung, in besonderen Formen der Liedvermittlung (Solmisation), in der Anbahnung des mehrstimmigen Singens, in der Steigerung der Freude am Singen sowie in der Entwicklung eines s\u00e4ngerischen [&hellip;]<\/p>\n","protected":false},"author":9193016,"featured_media":0,"parent":0,"menu_order":0,"comment_status":"closed","ping_status":"closed","template":"","meta":{"footnotes":""},"class_list":["post-159","page","type-page","status-publish","hentry"],"_links":{"self":[{"href":"https:\/\/wordpress.nibis.de\/gsstaugustinus\/wp-json\/wp\/v2\/pages\/159","targetHints":{"allow":["GET"]}}],"collection":[{"href":"https:\/\/wordpress.nibis.de\/gsstaugustinus\/wp-json\/wp\/v2\/pages"}],"about":[{"href":"https:\/\/wordpress.nibis.de\/gsstaugustinus\/wp-json\/wp\/v2\/types\/page"}],"author":[{"embeddable":true,"href":"https:\/\/wordpress.nibis.de\/gsstaugustinus\/wp-json\/wp\/v2\/users\/9193016"}],"replies":[{"embeddable":true,"href":"https:\/\/wordpress.nibis.de\/gsstaugustinus\/wp-json\/wp\/v2\/comments?post=159"}],"version-history":[{"count":2,"href":"https:\/\/wordpress.nibis.de\/gsstaugustinus\/wp-json\/wp\/v2\/pages\/159\/revisions"}],"predecessor-version":[{"id":990,"href":"https:\/\/wordpress.nibis.de\/gsstaugustinus\/wp-json\/wp\/v2\/pages\/159\/revisions\/990"}],"wp:attachment":[{"href":"https:\/\/wordpress.nibis.de\/gsstaugustinus\/wp-json\/wp\/v2\/media?parent=159"}],"curies":[{"name":"wp","href":"https:\/\/api.w.org\/{rel}","templated":true}]}}