{"id":26,"date":"2020-04-21T10:28:00","date_gmt":"2020-04-21T08:28:00","guid":{"rendered":"https:\/\/wordpress.nibis.de\/gsstaugustinus\/?page_id=26"},"modified":"2024-04-22T12:25:03","modified_gmt":"2024-04-22T10:25:03","slug":"schulsozialarbeit","status":"publish","type":"page","link":"https:\/\/wordpress.nibis.de\/gsstaugustinus\/schulsozialarbeit\/","title":{"rendered":"Schulsozialarbeit"},"content":{"rendered":"\n<p><img loading=\"lazy\" decoding=\"async\" class=\"wp-image-1001 alignright\" src=\"https:\/\/wordpress.nibis.de\/gsstaugustinus\/files\/2024\/04\/DSC_1448-scaled-e1713689766580.jpg\" alt=\"\" width=\"231\" height=\"213\" srcset=\"https:\/\/wordpress.nibis.de\/gsstaugustinus\/files\/2024\/04\/DSC_1448-scaled-e1713689766580.jpg 1849w, https:\/\/wordpress.nibis.de\/gsstaugustinus\/files\/2024\/04\/DSC_1448-scaled-e1713689766580-768x707.jpg 768w, https:\/\/wordpress.nibis.de\/gsstaugustinus\/files\/2024\/04\/DSC_1448-scaled-e1713689766580-1536x1414.jpg 1536w\" sizes=\"auto, (max-width: 231px) 100vw, 231px\" \/>Zu den Aufgaben unserer Schulsozialarbeiterin Kristina Koschorek geh\u00f6rt es, die Kinder in vielen Lebensbereichen zu unterst\u00fctzen und zu f\u00f6rdern. Konkret z\u00e4hlen dazu unter anderem: Hilfen bei Mobbing und Ausgrenzung, Unterst\u00fctzung bei Konflikten mit Mitsch\u00fclern oder Lehrern, Angebote im Bereich der<br \/>Pr\u00e4vention (z. B. Sozialkompetenztraining \u201eLubo aus dem All\u201c).<\/p>\n<p><br \/>Des Weiteren m\u00f6chte Frau Koschorek auch gerne ein Ansprechpartner f\u00fcr Eltern sein. Als Mutter von 2 Kindern wei\u00df sie , wie gut manchmal eine andere Sichtweise auf bestimmte Problemlagen ist. Hilfestellungen im Bereich der Erziehung und Tipps im Umgang mit ihren Kindern z\u00e4hlen zu den Aufgaben, als auch die Unterst\u00fctzung bei Dingen, wie z. B. der Beantragung des Zuschusses f\u00fcr das Mittagessen oder einer Lernf\u00f6rderung.<\/p>\n<p>\u00a0<\/p>\n<p>Unsere Schulsozialarbeiterin steht Ihnen weiterhin telefonisch montags bis freitags von 8 Uhr bis 15 Uhr unter <strong>04471\/ 708847<\/strong> oder 0175\/7514860 (mobil) zur Verf\u00fcgung. Auch per Mail (<strong>&#x6b;&#114;i&#x73;&#x74;&#105;n&#x61;&#46;k&#x6f;&#x73;&#99;h&#x6f;&#114;e&#x6b;&#x40;&#103;s&#x2d;&#x73;&#116;&#x61;&#x75;&#103;u&#x73;&#x74;&#105;n&#x75;&#115;&#46;&#x64;&#x65;<\/strong>) k\u00f6nnen Sie sich gerne jederzeit an Frau Koschorek wenden. Das Angebot ist wie immer freiwillig und vertraulich!<\/p>\n<p>\u00a0<\/p>\n\n\n\n<h5>\u00a0<\/h5>\n<h5>Weiterf\u00fchrende telefonische Beratungsstellen:<\/h5>\n<ul>\n<li>Nummer gegen Kummer \/ Kinder- ud Jugendtelefon: 116111 anonym und kostenlos vom Handy und Festnetz (Mo-Sa 14\u201320Uhr)<\/li>\n<li>Nummer gegen Kummer \/ Elterntelefon: 0800\/1110550 anonym und kostenlos vom Handy und Festnetz (Mo-Fr von 9\u201311Uhr\/Di+Do von 17\u201319Uhr)<\/li>\n<li>Telefonseelsorge: 0800\/1110111 oder 116123 anonym und kostenlos (24 Stunden an 365 Tagen im Jahr)<\/li>\n<li>Das Hilfetelefon &#8222;Gewalt gegen Frauen&#8220; \u2013 Beratung und Hilfe f\u00fcr Frauen: 08000\/116016 anonym und kostenlos (24 Stunden an 365 Tagen im Jahr)<\/li>\n<li>Erziehungsberatungsstelle Cloppenburg telefonisch unter 04471\/18405-0 (Mo-Do 8-12Uhr + 14-17Uhr und Fr.8-12Uhr)<\/li>\n<\/ul>\n<p>\u00a0<\/p>\n","protected":false},"excerpt":{"rendered":"<p>Zu den Aufgaben unserer Schulsozialarbeiterin Kristina Koschorek geh\u00f6rt es, die Kinder in vielen Lebensbereichen zu unterst\u00fctzen und zu f\u00f6rdern. Konkret z\u00e4hlen dazu unter anderem: Hilfen bei Mobbing und Ausgrenzung, Unterst\u00fctzung bei Konflikten mit Mitsch\u00fclern oder Lehrern, Angebote im Bereich derPr\u00e4vention (z. B. Sozialkompetenztraining \u201eLubo aus dem All\u201c). Des Weiteren m\u00f6chte Frau Koschorek auch gerne ein [&hellip;]<\/p>\n","protected":false},"author":9193016,"featured_media":0,"parent":0,"menu_order":0,"comment_status":"closed","ping_status":"closed","template":"","meta":{"footnotes":""},"class_list":["post-26","page","type-page","status-publish","hentry"],"_links":{"self":[{"href":"https:\/\/wordpress.nibis.de\/gsstaugustinus\/wp-json\/wp\/v2\/pages\/26","targetHints":{"allow":["GET"]}}],"collection":[{"href":"https:\/\/wordpress.nibis.de\/gsstaugustinus\/wp-json\/wp\/v2\/pages"}],"about":[{"href":"https:\/\/wordpress.nibis.de\/gsstaugustinus\/wp-json\/wp\/v2\/types\/page"}],"author":[{"embeddable":true,"href":"https:\/\/wordpress.nibis.de\/gsstaugustinus\/wp-json\/wp\/v2\/users\/9193016"}],"replies":[{"embeddable":true,"href":"https:\/\/wordpress.nibis.de\/gsstaugustinus\/wp-json\/wp\/v2\/comments?post=26"}],"version-history":[{"count":9,"href":"https:\/\/wordpress.nibis.de\/gsstaugustinus\/wp-json\/wp\/v2\/pages\/26\/revisions"}],"predecessor-version":[{"id":1031,"href":"https:\/\/wordpress.nibis.de\/gsstaugustinus\/wp-json\/wp\/v2\/pages\/26\/revisions\/1031"}],"wp:attachment":[{"href":"https:\/\/wordpress.nibis.de\/gsstaugustinus\/wp-json\/wp\/v2\/media?parent=26"}],"curies":[{"name":"wp","href":"https:\/\/api.w.org\/{rel}","templated":true}]}}