{"id":53,"date":"2020-04-21T22:36:31","date_gmt":"2020-04-21T20:36:31","guid":{"rendered":"https:\/\/wordpress.nibis.de\/gsstaugustinus\/?page_id=53"},"modified":"2022-11-28T21:45:51","modified_gmt":"2022-11-28T20:45:51","slug":"formulare","status":"publish","type":"page","link":"https:\/\/wordpress.nibis.de\/gsstaugustinus\/formulare\/","title":{"rendered":"Formulare"},"content":{"rendered":"\n\n<p><a href=\"https:\/\/wordpress.nibis.de\/gsstaugustinus\/files\/2022\/11\/Aufnahmebogen-Schulanmeldung-GS-St.-Augustinus-2021-Infektionsschutz.pdf\">Sch\u00fcleraufnahmebogen (zur Schulanmeldung)<\/a><\/p>\n<p><a href=\"https:\/\/wordpress.nibis.de\/gsstaugustinus\/files\/2021\/02\/Aufnahmebogen-Schulanmeldung-GS-St.-Augustinus-2021.pdf\">Aufnahmebogen zur Schulanmeldung vor der Einschulung<\/a><\/p>\n<p><a href=\"https:\/\/wordpress.nibis.de\/gsstaugustinus\/files\/2021\/02\/Einverst\u00e4ndnis-Religion-und-Schulprogramm.pdf\">Einverst\u00e4ndniserkl\u00e4rung zum Religionsunterricht und Auszug aus dem Schulprogramm<\/a><\/p>\n<p><a href=\"https:\/\/wordpress.nibis.de\/gsstaugustinus\/files\/2021\/02\/Merkblatt-Infektionsschutzgesetz.pdf\">Merkblatt Infektionsschutzgesetz<\/a><\/p>\n<p><a href=\"https:\/\/wordpress.nibis.de\/gsstaugustinus\/files\/2021\/02\/Merkblatt-Masernschutz.pdf\">Merkblatt Masernschutz<\/a><\/p>\n<p><a href=\"https:\/\/wordpress.nibis.de\/gsstaugustinus\/files\/2021\/02\/\u00c4rztliche-Bescheinigung-Masernschutz.pdf\">\u00c4rztliche Bescheinigung zum Masernschutz<\/a><\/p>\n<p><a href=\"https:\/\/wordpress.nibis.de\/gsstaugustinus\/files\/2021\/02\/Waffenerlass-Neu.pdf\">Waffenerlass<\/a><\/p>\n<p><a href=\"https:\/\/wordpress.nibis.de\/gsstaugustinus\/files\/2021\/02\/Datenschulverordnung-2021.pdf\">Datenschutzverordnung<\/a><\/p>\n<p><a href=\"https:\/\/wordpress.nibis.de\/gsstaugustinus\/files\/2021\/02\/Ver\u00e4nderungsanzeige.pdf\">Ver\u00e4nderungsanzeige<\/a><\/p>\n<p><a href=\"https:\/\/wordpress.nibis.de\/gsstaugustinus\/files\/2021\/04\/Antrag-auf-Beurlaubung-.pdf\">Antrag auf Beurlaubung<\/a><\/p>\n<p><a href=\"https:\/\/wordpress.nibis.de\/gsstaugustinus\/files\/2021\/04\/Antrag-auf-Besuch-einer-anderen-als-der-zust\u00e4ndigen-Schule.pdf\">Antrag auf Besuch einer anderen Schule<\/a><\/p>\n<p><a href=\"https:\/\/wordpress.nibis.de\/gsstaugustinus\/files\/2021\/04\/Schweigepflichtsentbindung-generelle.pdf\">Schweigepflichtsentbindung<\/a><\/p>\n<p>\u00a0<\/p>\n<p><strong>F\u00fcr unsere Erstkl\u00e4ssler<\/strong><\/p>\n<p><a href=\"https:\/\/publikationen.dguv.de\/DguvWebcode?query=p012362\">Brosch\u00fcre zur Sch\u00fcler-Unfallversicherung<\/a><\/p>\n<p>\u00a0<\/p>","protected":false},"excerpt":{"rendered":"<p>Sch\u00fcleraufnahmebogen (zur Schulanmeldung) Aufnahmebogen zur Schulanmeldung vor der Einschulung Einverst\u00e4ndniserkl\u00e4rung zum Religionsunterricht und Auszug aus dem Schulprogramm Merkblatt Infektionsschutzgesetz Merkblatt Masernschutz \u00c4rztliche Bescheinigung zum Masernschutz Waffenerlass Datenschutzverordnung Ver\u00e4nderungsanzeige Antrag auf Beurlaubung Antrag auf Besuch einer anderen Schule Schweigepflichtsentbindung \u00a0 F\u00fcr unsere Erstkl\u00e4ssler Brosch\u00fcre zur Sch\u00fcler-Unfallversicherung \u00a0<\/p>\n","protected":false},"author":9193016,"featured_media":0,"parent":0,"menu_order":0,"comment_status":"closed","ping_status":"closed","template":"","meta":{"footnotes":""},"class_list":["post-53","page","type-page","status-publish","hentry"],"_links":{"self":[{"href":"https:\/\/wordpress.nibis.de\/gsstaugustinus\/wp-json\/wp\/v2\/pages\/53","targetHints":{"allow":["GET"]}}],"collection":[{"href":"https:\/\/wordpress.nibis.de\/gsstaugustinus\/wp-json\/wp\/v2\/pages"}],"about":[{"href":"https:\/\/wordpress.nibis.de\/gsstaugustinus\/wp-json\/wp\/v2\/types\/page"}],"author":[{"embeddable":true,"href":"https:\/\/wordpress.nibis.de\/gsstaugustinus\/wp-json\/wp\/v2\/users\/9193016"}],"replies":[{"embeddable":true,"href":"https:\/\/wordpress.nibis.de\/gsstaugustinus\/wp-json\/wp\/v2\/comments?post=53"}],"version-history":[{"count":22,"href":"https:\/\/wordpress.nibis.de\/gsstaugustinus\/wp-json\/wp\/v2\/pages\/53\/revisions"}],"predecessor-version":[{"id":855,"href":"https:\/\/wordpress.nibis.de\/gsstaugustinus\/wp-json\/wp\/v2\/pages\/53\/revisions\/855"}],"wp:attachment":[{"href":"https:\/\/wordpress.nibis.de\/gsstaugustinus\/wp-json\/wp\/v2\/media?parent=53"}],"curies":[{"name":"wp","href":"https:\/\/api.w.org\/{rel}","templated":true}]}}